{"id":36762,"date":"2025-02-20T23:36:09","date_gmt":"2025-02-20T22:36:09","guid":{"rendered":"http:\/\/olemosaic.com\/producto\/iman-de-metal-buho-mallorca-plata-8-cm-2\/"},"modified":"2025-07-25T18:36:23","modified_gmt":"2025-07-25T16:36:23","slug":"iman-de-metal-mocho-maiorca-prata-8-cm-2","status":"publish","type":"product","link":"https:\/\/olemosaic.com\/pt-pt\/produto\/iman-de-metal-mocho-maiorca-prata-8-cm-2\/","title":{"rendered":"\u00cdman de metal. Mocho. Ilha. Maiorca. Prata. 8 cm."},"content":{"rendered":"<p>\u00cdman met\u00e1lico de Maiorca. Este encantador \u00edman, de 8 cm, apresenta um design vibrante decorado com dois mochos estilizados que evocam a rica fauna maiorquina. Fabricado em metal, esta lembran\u00e7a presta homenagem \u00e0 beleza natural da ilha, onde os mochos s\u00e3o frequentemente s\u00edmbolos de sabedoria e mist\u00e9rio. A t\u00e9cnica do mosaico utilizada na sua ilustra\u00e7\u00e3o cria uma explos\u00e3o de cores vivas, com tonalidades que v\u00e3o desde o azul intenso at\u00e9 ao laranja quente, e detalhes prateados que real\u00e7am a singularidade e a sofistica\u00e7\u00e3o do design.<\/p>\n<p>O fundo colorido que rodeia os mochos confere um acabamento cheio de encanto, enquanto a palavra &#8220;MALLORCA&#8221; se destaca com uma tipografia vibrante, tornando este \u00edman numa recorda\u00e7\u00e3o representativa e aut\u00eantica da sua visita \u00e0 ilha. Este produto n\u00e3o \u00e9 apenas uma excelente forma de levar um peda\u00e7o de Maiorca para casa, mas tamb\u00e9m serve como um elemento decorativo atraente para qualquer espa\u00e7o.<\/p>\n<p>As recorda\u00e7\u00f5es de Maiorca s\u00e3o muito apreciadas pelos turistas que procuram captar a ess\u00eancia e a cultura deste destino mediterr\u00e2nico. Na Ol\u00e9 Mosaic, como grossista de \u00edmanes e outras lembran\u00e7as t\u00edpicas, garantimos a qualidade e a autenticidade em cada produto, ideal para lojas de presentes tur\u00edsticos que desejem oferecer aos seus clientes a magia da arte e da natureza de Maiorca.<\/p>\n","protected":false},"excerpt":{"rendered":"<p>\u00cdman met\u00e1lico de 8 cm decorado com um design vibrante de mochos, que representa a fauna de Maiorca. Este \u00edman, realizado com uma t\u00e9cnica de mosaico e cores vivas, incorpora detalhes em prata que real\u00e7am dois mochos de formas estilizadas pousados num ramo. O fundo, com um toque colorido, acrescenta um encanto distintivo, e a palavra &#8220;MALLORCA&#8221; destaca-se, tornando este \u00edman numa recorda\u00e7\u00e3o perfeita da ilha.<\/p>\n","protected":false},"featured_media":11317,"template":"","meta":{"_acf_changed":false},"product_brand":[],"product_cat":[699],"product_tag":[516],"class_list":{"0":"post-36762","1":"product","2":"type-product","3":"status-publish","4":"has-post-thumbnail","6":"product_cat-imanes","7":"product_tag-animais","8":"pa_ciudad-mallorca","9":"pa_motivo-corujas","10":"pa_pais-espana","12":"first","13":"instock","14":"shipping-taxable","15":"product-type-simple"},"acf":[],"_links":{"self":[{"href":"https:\/\/olemosaic.com\/pt-pt\/wp-json\/wp\/v2\/product\/36762","targetHints":{"allow":["GET"]}}],"collection":[{"href":"https:\/\/olemosaic.com\/pt-pt\/wp-json\/wp\/v2\/product"}],"about":[{"href":"https:\/\/olemosaic.com\/pt-pt\/wp-json\/wp\/v2\/types\/product"}],"wp:featuredmedia":[{"embeddable":true,"href":"https:\/\/olemosaic.com\/pt-pt\/wp-json\/wp\/v2\/media\/11317"}],"wp:attachment":[{"href":"https:\/\/olemosaic.com\/pt-pt\/wp-json\/wp\/v2\/media?parent=36762"}],"wp:term":[{"taxonomy":"product_brand","embeddable":true,"href":"https:\/\/olemosaic.com\/pt-pt\/wp-json\/wp\/v2\/product_brand?post=36762"},{"taxonomy":"product_cat","embeddable":true,"href":"https:\/\/olemosaic.com\/pt-pt\/wp-json\/wp\/v2\/product_cat?post=36762"},{"taxonomy":"product_tag","embeddable":true,"href":"https:\/\/olemosaic.com\/pt-pt\/wp-json\/wp\/v2\/product_tag?post=36762"}],"curies":[{"name":"wp","href":"https:\/\/api.w.org\/{rel}","templated":true}]}}