{"id":36761,"date":"2025-02-20T22:36:09","date_gmt":"2025-02-20T22:36:09","guid":{"rendered":"http:\/\/olemosaic.com\/producto\/iman-de-metal-tortuga-mallorca-azul-8-cm\/"},"modified":"2025-07-25T19:05:15","modified_gmt":"2025-07-25T17:05:15","slug":"iman-de-metal-tartaruga-maiorca-azul-8-cm","status":"publish","type":"product","link":"https:\/\/olemosaic.com\/pt-pt\/produto\/iman-de-metal-tartaruga-maiorca-azul-8-cm\/","title":{"rendered":"\u00cdman de metal. Tartaruga. Maiorca. Azul. 8 cm."},"content":{"rendered":"<p>\u00cdman de metal de Maiorca com um vibrante design marinho. Este \u00edman, de 8 cm de largura, \u00e9 um reflexo colorido da riqueza da vida marinha que rodeia a bela ilha balear. Sobre um fundo azul profundo, que evoca as \u00e1guas cristalinas do Mediterr\u00e2neo, nadam alegres tartarugas, dan\u00e7am cavalos-marinhos brincalh\u00f5es e mostram-se corais coloridos, todos eles representados num estilo de mosaico que real\u00e7a o artesanato da regi\u00e3o. A disposi\u00e7\u00e3o dos elementos marinhos, desde as tartarugas a nadar serenamente at\u00e9 aos cavalos-marinhos no seu ambiente, oferece uma vista alegre e din\u00e2mica do mundo submarino.<\/p>\n<p>A palavra &#8220;MALLORCA&#8221;, em letras chamativas na parte superior, garante que esta recorda\u00e7\u00e3o n\u00e3o seja apenas uma bela representa\u00e7\u00e3o da ilha, mas tamb\u00e9m uma lembran\u00e7a perfeita de umas f\u00e9rias m\u00e1gicas neste para\u00edso mediterr\u00e2nico. Este \u00edman \u00e9 mais do que um simples objeto decorativo; capta a ess\u00eancia do mar e o folclore maiorquino, enfatizando a liga\u00e7\u00e3o cultural que os habitantes t\u00eam com o seu ambiente natural. \u00c9 uma excelente recorda\u00e7\u00e3o para aqueles que desejam levar um pedacinho de Maiorca para casa, oferecendo uma op\u00e7\u00e3o atraente para lojas de presentes tur\u00edsticos e um artigo ideal para visitantes que procuram lembran\u00e7as aut\u00eanticas. Na Ol\u00e9 Mosaic, como grossista de recorda\u00e7\u00f5es, garantimos que este \u00edman de metal capte a ess\u00eancia da ilha e encante todos aqueles que o coloquem no seu frigor\u00edfico.<\/p>\n","protected":false},"excerpt":{"rendered":"<p>\u00cdman met\u00e1lico de 8 cm com um design vibrante que representa a vida marinha de Maiorca. Este \u00edman mostra tartarugas e cavalos-marinhos coloridos sobre um fundo azul que evoca as \u00e1guas cristalinas da ilha. Com um acabamento em estilo mosaico, os detalhes em tons verdes, amarelos e vermelhos conferem um toque art\u00edstico, enquanto a palavra &#8220;MALLORCA&#8221; se destaca na parte superior. Uma lembran\u00e7a ideal para recordar a beleza do Mediterr\u00e2neo.<\/p>\n","protected":false},"featured_media":12863,"template":"","meta":{"_acf_changed":false},"product_brand":[],"product_cat":[699],"product_tag":[516],"class_list":{"0":"post-36761","1":"product","2":"type-product","3":"status-publish","4":"has-post-thumbnail","6":"product_cat-imanes","7":"product_tag-animais","8":"pa_ciudad-mallorca","9":"pa_motivo-tartarugas","10":"pa_pais-espana","12":"first","13":"instock","14":"shipping-taxable","15":"product-type-simple"},"acf":[],"_links":{"self":[{"href":"https:\/\/olemosaic.com\/pt-pt\/wp-json\/wp\/v2\/product\/36761","targetHints":{"allow":["GET"]}}],"collection":[{"href":"https:\/\/olemosaic.com\/pt-pt\/wp-json\/wp\/v2\/product"}],"about":[{"href":"https:\/\/olemosaic.com\/pt-pt\/wp-json\/wp\/v2\/types\/product"}],"wp:featuredmedia":[{"embeddable":true,"href":"https:\/\/olemosaic.com\/pt-pt\/wp-json\/wp\/v2\/media\/12863"}],"wp:attachment":[{"href":"https:\/\/olemosaic.com\/pt-pt\/wp-json\/wp\/v2\/media?parent=36761"}],"wp:term":[{"taxonomy":"product_brand","embeddable":true,"href":"https:\/\/olemosaic.com\/pt-pt\/wp-json\/wp\/v2\/product_brand?post=36761"},{"taxonomy":"product_cat","embeddable":true,"href":"https:\/\/olemosaic.com\/pt-pt\/wp-json\/wp\/v2\/product_cat?post=36761"},{"taxonomy":"product_tag","embeddable":true,"href":"https:\/\/olemosaic.com\/pt-pt\/wp-json\/wp\/v2\/product_tag?post=36761"}],"curies":[{"name":"wp","href":"https:\/\/api.w.org\/{rel}","templated":true}]}}