{"id":36760,"date":"2025-02-20T23:36:09","date_gmt":"2025-02-20T22:36:09","guid":{"rendered":"http:\/\/olemosaic.com\/producto\/iman-de-metal-panoramica-lisboa-8-cm-5\/"},"modified":"2025-07-25T18:41:40","modified_gmt":"2025-07-25T16:41:40","slug":"iman-de-metal-panoramica-lisboa-8-cm-5-pt-pt","status":"publish","type":"product","link":"https:\/\/olemosaic.com\/pt-pt\/produto\/iman-de-metal-panoramica-lisboa-8-cm-5-pt-pt\/","title":{"rendered":"\u00cdman de metal. Panor\u00e2mica. Lisboa. Portugal. 8 cm."},"content":{"rendered":"<p>\u00cdman met\u00e1lico de Lisboa: uma recorda\u00e7\u00e3o vibrante e cheia de encanto. Este \u00edman, de 8 cm, capta a ess\u00eancia de Lisboa com uma detalhada panor\u00e2mica que apresenta o ic\u00f3nico el\u00e9trico amarelo, s\u00edmbolo do transporte tradicional da cidade. Junto a esta imagem, surgem casas coloridas que refletem o atrativo do centro hist\u00f3rico lisboeta, com as suas fachadas pintadas em tons quentes que evocam o calor da cultura portuguesa. O fundo azul brilhante real\u00e7a a urbanidade e vitalidade da cidade, enquanto o nome &#8220;LISBOA&#8221; se apresenta em letras destacadas, garantindo que este \u00edman se torne uma recorda\u00e7\u00e3o constante da sua visita. Emoldurando a ilustra\u00e7\u00e3o, um padr\u00e3o geom\u00e9trico em cores amarelas e azuis acrescenta um toque moderno e art\u00edstico, fundindo tradi\u00e7\u00e3o e contemporaneidade num s\u00f3 objeto. Este \u00edman n\u00e3o \u00e9 apenas perfeito para levar um peda\u00e7o de Lisboa para casa, mas tamb\u00e9m \u00e9 ideal para decorar qualquer superf\u00edcie met\u00e1lica, tornando-se uma lembran\u00e7a atraente. Na Ol\u00e9 Mosaic, oferecemos este \u00edman de Lisboa como parte da nossa exclusiva cole\u00e7\u00e3o de recorda\u00e7\u00f5es portuguesas, ideais para lojas de presentes tur\u00edsticos que procuram autenticidade e qualidade nos seus produtos.<\/p>\n","protected":false},"excerpt":{"rendered":"<p>\u00cdman met\u00e1lico de 8 cm com uma vibrante panor\u00e2mica de Lisboa. Este belo design mostra o emblem\u00e1tico el\u00e9trico amarelo, acompanhado de casas coloridas que refletem o encanto do centro hist\u00f3rico. Com um fundo azul brilhante, o \u00edman inclui o nome &#8220;LISBOA&#8221; em letras destacadas e o seu contorno est\u00e1 adornado com um padr\u00e3o geom\u00e9trico em cores amarelas e azuis. Perfeito para levar uma recorda\u00e7\u00e3o da cidade ou decorar qualquer superf\u00edcie met\u00e1lica.<\/p>\n","protected":false},"featured_media":11203,"template":"","meta":{"_acf_changed":false},"product_brand":[],"product_cat":[699],"product_tag":[],"class_list":{"0":"post-36760","1":"product","2":"type-product","3":"status-publish","4":"has-post-thumbnail","6":"product_cat-imanes","7":"pa_ciudad-lisboa","8":"pa_motivo-panoramas","9":"pa_pais-portugal","11":"first","12":"instock","13":"shipping-taxable","14":"product-type-simple"},"acf":[],"_links":{"self":[{"href":"https:\/\/olemosaic.com\/pt-pt\/wp-json\/wp\/v2\/product\/36760","targetHints":{"allow":["GET"]}}],"collection":[{"href":"https:\/\/olemosaic.com\/pt-pt\/wp-json\/wp\/v2\/product"}],"about":[{"href":"https:\/\/olemosaic.com\/pt-pt\/wp-json\/wp\/v2\/types\/product"}],"wp:featuredmedia":[{"embeddable":true,"href":"https:\/\/olemosaic.com\/pt-pt\/wp-json\/wp\/v2\/media\/11203"}],"wp:attachment":[{"href":"https:\/\/olemosaic.com\/pt-pt\/wp-json\/wp\/v2\/media?parent=36760"}],"wp:term":[{"taxonomy":"product_brand","embeddable":true,"href":"https:\/\/olemosaic.com\/pt-pt\/wp-json\/wp\/v2\/product_brand?post=36760"},{"taxonomy":"product_cat","embeddable":true,"href":"https:\/\/olemosaic.com\/pt-pt\/wp-json\/wp\/v2\/product_cat?post=36760"},{"taxonomy":"product_tag","embeddable":true,"href":"https:\/\/olemosaic.com\/pt-pt\/wp-json\/wp\/v2\/product_tag?post=36760"}],"curies":[{"name":"wp","href":"https:\/\/api.w.org\/{rel}","templated":true}]}}