{"id":36758,"date":"2025-02-20T23:36:09","date_gmt":"2025-02-20T22:36:09","guid":{"rendered":"http:\/\/olemosaic.com\/producto\/iman-de-metal-sagrada-familia-barcelona-plata-8-cm-13\/"},"modified":"2025-07-25T19:55:59","modified_gmt":"2025-07-25T17:55:59","slug":"iman-de-metal-sagrada-familia-barcelona-prata-8-cm-13","status":"publish","type":"product","link":"https:\/\/olemosaic.com\/pt-pt\/produto\/iman-de-metal-sagrada-familia-barcelona-prata-8-cm-13\/","title":{"rendered":"\u00cdman de metal. Sagrada Fam\u00edlia. Mosaico. Barcelona. Prata. 8 cm."},"content":{"rendered":"<p>\u00cdman met\u00e1lico da Sagrada Fam\u00edlia de Barcelona<\/p>\n<p>Este \u00edman met\u00e1lico de 8 cm \u00e9 uma lembran\u00e7a engenhosa da Sagrada Fam\u00edlia, a joia arquitet\u00f3nica de Barcelona e uma das obras mais emblem\u00e1ticas de Antoni Gaud\u00ed. Com um design vibrante e detalhado, este \u00edman apresenta uma bela ilustra\u00e7\u00e3o que capta a majestade da catedral em tons quentes e cores brilhantes. Os detalhes, cuidadosamente elaborados, evocam a t\u00e9cnica do mosaico, caracter\u00edstica da obra de Gaud\u00ed, conferindo-lhe um toque de autenticidade e singularidade. Numa lateral, o texto &#8220;Barcelona&#8221; destaca-se de forma chamativa, tornando este \u00edman na op\u00e7\u00e3o perfeita para os turistas que desejam levar um fragmento desta cativante cidade espanhola.<\/p>\n<p>A Sagrada Fam\u00edlia n\u00e3o \u00e9 apenas um s\u00edmbolo de Barcelona, mas tamb\u00e9m um reflexo do modernismo catal\u00e3o, que funde arte e arquitetura de maneira inovadora. Este \u00edman n\u00e3o serve apenas como um atraente objeto decorativo, mas tamb\u00e9m representa uma liga\u00e7\u00e3o cultural profunda com a rica hist\u00f3ria da cidade. Perfeito para lojas de recorda\u00e7\u00f5es tur\u00edsticas, este \u00edman de recorda\u00e7\u00e3o de Barcelona \u00e9 uma excelente op\u00e7\u00e3o para aqueles que procuram produtos que combinem beleza, cultura e autenticidade. Na Ol\u00e9 Mosaic, especializamo-nos na distribui\u00e7\u00e3o de lembran\u00e7as por grosso, oferecendo pe\u00e7as \u00fanicas e representativas da tradi\u00e7\u00e3o espanhola.<\/p>\n","protected":false},"excerpt":{"rendered":"<p>\u00cdman met\u00e1lico de 8 cm com um design vibrante da Sagrada Fam\u00edlia, um dos monumentos mais emblem\u00e1ticos de Barcelona. Este \u00edman apresenta uma ilustra\u00e7\u00e3o em tons quentes e cores brilhantes que reproduzem a majestosa arquitetura de Gaud\u00ed, combinando elementos modernistas com detalhes esmaltados que evocam o famoso mosaico. Inclui a palavra &#8220;Barcelona&#8221; de maneira chamativa, tornando-o uma recorda\u00e7\u00e3o perfeita desta cidade espanhola.<\/p>\n","protected":false},"featured_media":11357,"template":"","meta":{"_acf_changed":false},"product_brand":[],"product_cat":[699],"product_tag":[],"class_list":{"0":"post-36758","1":"product","2":"type-product","3":"status-publish","4":"has-post-thumbnail","6":"product_cat-imanes","7":"pa_ciudad-barcelona","8":"pa_motivo-sagrada-familia","9":"pa_pais-espana","11":"first","12":"instock","13":"shipping-taxable","14":"product-type-simple"},"acf":[],"_links":{"self":[{"href":"https:\/\/olemosaic.com\/pt-pt\/wp-json\/wp\/v2\/product\/36758","targetHints":{"allow":["GET"]}}],"collection":[{"href":"https:\/\/olemosaic.com\/pt-pt\/wp-json\/wp\/v2\/product"}],"about":[{"href":"https:\/\/olemosaic.com\/pt-pt\/wp-json\/wp\/v2\/types\/product"}],"wp:featuredmedia":[{"embeddable":true,"href":"https:\/\/olemosaic.com\/pt-pt\/wp-json\/wp\/v2\/media\/11357"}],"wp:attachment":[{"href":"https:\/\/olemosaic.com\/pt-pt\/wp-json\/wp\/v2\/media?parent=36758"}],"wp:term":[{"taxonomy":"product_brand","embeddable":true,"href":"https:\/\/olemosaic.com\/pt-pt\/wp-json\/wp\/v2\/product_brand?post=36758"},{"taxonomy":"product_cat","embeddable":true,"href":"https:\/\/olemosaic.com\/pt-pt\/wp-json\/wp\/v2\/product_cat?post=36758"},{"taxonomy":"product_tag","embeddable":true,"href":"https:\/\/olemosaic.com\/pt-pt\/wp-json\/wp\/v2\/product_tag?post=36758"}],"curies":[{"name":"wp","href":"https:\/\/api.w.org\/{rel}","templated":true}]}}