{"id":36737,"date":"2025-02-20T23:36:08","date_gmt":"2025-02-20T22:36:08","guid":{"rendered":"http:\/\/olemosaic.com\/producto\/iman-de-metal-sagrada-familia-barcelona-negro-8-cm-13\/"},"modified":"2025-07-25T19:28:06","modified_gmt":"2025-07-25T17:28:06","slug":"iman-de-metal-sagrada-familia-barcelona-preto-8-cm-13","status":"publish","type":"product","link":"https:\/\/olemosaic.com\/pt-pt\/produto\/iman-de-metal-sagrada-familia-barcelona-preto-8-cm-13\/","title":{"rendered":"\u00cdman de metal. Sagrada Fam\u00edlia. Fundo preto. Barcelona. Preto. 8 cm."},"content":{"rendered":"<p>\u00cdman de metal da Sagrada Fam\u00edlia de Barcelona. Este impressionante \u00edman de 8 cm capta a ess\u00eancia do emblem\u00e1tico monumento modernista, desenhado por Antoni Gaud\u00ed. A representa\u00e7\u00e3o colorida e estilizada mostra os ic\u00f3nicos pin\u00e1culos da bas\u00edlica, que se erguem majestosos em dire\u00e7\u00e3o ao c\u00e9u, adornados com detalhes de mosaico que evocam a criatividade \u00fanica de Gaud\u00ed. O fundo preto do \u00edman real\u00e7a as cores quentes e vibrantes do edif\u00edcio, criando um contraste cativante que atrai o olhar. Na parte superior, as letras grandes e chamativas que dizem \u201cBarcelona\u201d acrescentam um toque distintivo, tornando este \u00edman numa recorda\u00e7\u00e3o perfeita.<\/p>\n<p>Este \u00edman n\u00e3o \u00e9 apenas um artigo decorativo, mas um verdadeiro tributo \u00e0 rica heran\u00e7a cultural de Barcelona, representando a sua arquitetura distintiva e a sua fascinante hist\u00f3ria. A Sagrada Fam\u00edlia, Patrim\u00f3nio da Humanidade, \u00e9 um s\u00edmbolo ic\u00f3nico que atrai milh\u00f5es de turistas todos os anos, e este \u00edman torna-se uma pe\u00e7a essencial para aqueles que desejam levar um peda\u00e7o da sua magia. Na Ol\u00e9 Mosaic, orgulhamo-nos de oferecer souvenirs aut\u00eanticos e de qualidade por grosso, e este \u00edman da Sagrada Fam\u00edlia \u00e9 uma excelente op\u00e7\u00e3o para lojas que procuram produtos representativos da cultura espanhola. Perfeito para quem procura souvenirs de Barcelona que combinen funcionalidade com legado hist\u00f3rico.<\/p>\n","protected":false},"excerpt":{"rendered":"<p>\u00cdman met\u00e1lico de 8 cm que representa a emblem\u00e1tica Sagrada Fam\u00edlia de Barcelona. Este design atrativo mostra uma representa\u00e7\u00e3o colorida e estilizada do monumento, com detalhes de mosaico que real\u00e7am os caracter\u00edsticos pin\u00e1culos da bas\u00edlica. Decorado sobre um fundo preto que enfatiza as cores quentes e vibrantes do edif\u00edcio, inclui o texto \u00abBarcelona\u00bb em letras grandes e chamativas. Ideal para recordar a beleza \u00fanica da arquitetura modernista da cidade.<\/p>\n","protected":false},"featured_media":6949,"template":"","meta":{"_acf_changed":false},"product_brand":[],"product_cat":[699],"product_tag":[],"class_list":{"0":"post-36737","1":"product","2":"type-product","3":"status-publish","4":"has-post-thumbnail","6":"product_cat-imanes","7":"pa_ciudad-barcelona","8":"pa_motivo-sagrada-familia","9":"pa_pais-espana","11":"first","12":"instock","13":"shipping-taxable","14":"product-type-simple"},"acf":[],"_links":{"self":[{"href":"https:\/\/olemosaic.com\/pt-pt\/wp-json\/wp\/v2\/product\/36737","targetHints":{"allow":["GET"]}}],"collection":[{"href":"https:\/\/olemosaic.com\/pt-pt\/wp-json\/wp\/v2\/product"}],"about":[{"href":"https:\/\/olemosaic.com\/pt-pt\/wp-json\/wp\/v2\/types\/product"}],"wp:featuredmedia":[{"embeddable":true,"href":"https:\/\/olemosaic.com\/pt-pt\/wp-json\/wp\/v2\/media\/6949"}],"wp:attachment":[{"href":"https:\/\/olemosaic.com\/pt-pt\/wp-json\/wp\/v2\/media?parent=36737"}],"wp:term":[{"taxonomy":"product_brand","embeddable":true,"href":"https:\/\/olemosaic.com\/pt-pt\/wp-json\/wp\/v2\/product_brand?post=36737"},{"taxonomy":"product_cat","embeddable":true,"href":"https:\/\/olemosaic.com\/pt-pt\/wp-json\/wp\/v2\/product_cat?post=36737"},{"taxonomy":"product_tag","embeddable":true,"href":"https:\/\/olemosaic.com\/pt-pt\/wp-json\/wp\/v2\/product_tag?post=36737"}],"curies":[{"name":"wp","href":"https:\/\/api.w.org\/{rel}","templated":true}]}}