{"id":36736,"date":"2025-02-20T23:36:08","date_gmt":"2025-02-20T22:36:08","guid":{"rendered":"http:\/\/olemosaic.com\/producto\/iman-de-metal-sagrada-familia-barcelona-8-cm-25\/"},"modified":"2025-07-25T20:18:23","modified_gmt":"2025-07-25T18:18:23","slug":"iman-de-metal-sagrada-familia-barcelona-8-cm-25-pt-pt","status":"publish","type":"product","link":"https:\/\/olemosaic.com\/pt-pt\/produto\/iman-de-metal-sagrada-familia-barcelona-8-cm-25-pt-pt\/","title":{"rendered":"\u00cdman de metal. Sagrada Fam\u00edlia. I \u2665 BARCELONA. Barcelona. 8 cm."},"content":{"rendered":"<p>\u00cdman met\u00e1lico da Sagrada Fam\u00edlia de Barcelona. Este exclusivo \u00edman de 8 cm apresenta uma representa\u00e7\u00e3o vibrante da ic\u00f3nica bas\u00edlica, desenhada pelo famoso arquiteto Antoni Gaud\u00ed. O seu mosaico colorido capta as impressionantes torres e a arquitetura inovadora desta obra-prima do modernismo catal\u00e3o. Com um fundo azul que evoca o c\u00e9u barcelon\u00eas, as formas geom\u00e9tricas e as cores intensas real\u00e7am a beleza \u00fanica da Sagrada Fam\u00edlia, convertendo este produto num s\u00edmbolo inconfund\u00edvel da cidade.<\/p>\n<p>A legenda &#8220;I \u2665 Barcelona&#8221; acrescenta um toque moderno e divertido, fazendo deste \u00edman uma recorda\u00e7\u00e3o perfeita da sua visita \u00e0 cidade ou um presente ideal para amigos e familiares. N\u00e3o s\u00f3 \u00e9 um souvenir atrativo, como tamb\u00e9m representa a rica hist\u00f3ria da arquitetura catal\u00e3, sendo a Sagrada Fam\u00edlia um emblema do engenho e da criatividade do seu criador.<\/p>\n<p>Como distribuidores de souvenirs por grosso, na Ol\u00e9 Mosaic oferecemos este \u00edman de Barcelona a lojas de presentes tur\u00edsticos que procuram produtos aut\u00eanticos e representativos da cultura local. Este \u00edman destaca-se pela sua qualidade e design, tornando-se uma excelente op\u00e7\u00e3o para aqueles que desejam levar um peda\u00e7o da magia de Barcelona para casa.<\/p>\n","protected":false},"excerpt":{"rendered":"<p>\u00cdman met\u00e1lico de 8 cm inspirado na ic\u00f3nica Sagrada Fam\u00edlia de Barcelona. Este \u00edman vibrante apresenta um design colorido com um mosaico que real\u00e7a as impressionantes torres e a arquitetura da obra-prima de Gaud\u00ed. A legenda &#8220;I \u2665 BARCELONA&#8221; acrescenta um toque moderno, enquanto as cores intensas e as formas geom\u00e9tricas captam a ess\u00eancia art\u00edstica da cidade. Ideal para recordar a sua visita a Barcelona ou como presente para amigos.<\/p>\n","protected":false},"featured_media":13541,"template":"","meta":{"_acf_changed":false},"product_brand":[],"product_cat":[699],"product_tag":[],"class_list":{"0":"post-36736","1":"product","2":"type-product","3":"status-publish","4":"has-post-thumbnail","6":"product_cat-imanes","7":"pa_ciudad-barcelona","8":"pa_motivo-sagrada-familia","9":"pa_pais-espana","11":"first","12":"instock","13":"shipping-taxable","14":"product-type-simple"},"acf":[],"_links":{"self":[{"href":"https:\/\/olemosaic.com\/pt-pt\/wp-json\/wp\/v2\/product\/36736","targetHints":{"allow":["GET"]}}],"collection":[{"href":"https:\/\/olemosaic.com\/pt-pt\/wp-json\/wp\/v2\/product"}],"about":[{"href":"https:\/\/olemosaic.com\/pt-pt\/wp-json\/wp\/v2\/types\/product"}],"wp:featuredmedia":[{"embeddable":true,"href":"https:\/\/olemosaic.com\/pt-pt\/wp-json\/wp\/v2\/media\/13541"}],"wp:attachment":[{"href":"https:\/\/olemosaic.com\/pt-pt\/wp-json\/wp\/v2\/media?parent=36736"}],"wp:term":[{"taxonomy":"product_brand","embeddable":true,"href":"https:\/\/olemosaic.com\/pt-pt\/wp-json\/wp\/v2\/product_brand?post=36736"},{"taxonomy":"product_cat","embeddable":true,"href":"https:\/\/olemosaic.com\/pt-pt\/wp-json\/wp\/v2\/product_cat?post=36736"},{"taxonomy":"product_tag","embeddable":true,"href":"https:\/\/olemosaic.com\/pt-pt\/wp-json\/wp\/v2\/product_tag?post=36736"}],"curies":[{"name":"wp","href":"https:\/\/api.w.org\/{rel}","templated":true}]}}