{"id":36735,"date":"2025-02-20T23:36:08","date_gmt":"2025-02-20T22:36:08","guid":{"rendered":"http:\/\/olemosaic.com\/producto\/iman-de-metal-sagrada-familia-barcelona-8-cm-24\/"},"modified":"2025-07-25T20:28:19","modified_gmt":"2025-07-25T18:28:19","slug":"iman-de-metal-sagrada-familia-barcelona-8-cm-24-pt-pt","status":"publish","type":"product","link":"https:\/\/olemosaic.com\/pt-pt\/produto\/iman-de-metal-sagrada-familia-barcelona-8-cm-24-pt-pt\/","title":{"rendered":"\u00cdman de metal. Sagrada Fam\u00edlia. Mosaico. Barcelona. 8 cm."},"content":{"rendered":"<p>\u00cdman met\u00e1lico da Sagrada Fam\u00edlia de Barcelona<\/p>\n<p>Este vibrante \u00edman met\u00e1lico de 8 cm capta a ess\u00eancia da ic\u00f3nica Sagrada Fam\u00edlia de Barcelona, um dos monumentos mais reconhecidos e representativos da arquitetura modernista de Antoni Gaud\u00ed. Com um design colorido que se destaca atrav\u00e9s de um mosaico cativante, este \u00edman real\u00e7a os singulares elementos arquitet\u00f3nicos da bas\u00edlica, como as suas torres altas e fachadas elaboradas, tudo num conjunto de tons vermelho, azul, amarelo e verde. A cena \u00e9 complementada por um fundo de mosaico que n\u00e3o s\u00f3 acentua a majestosidade do monumento, mas tamb\u00e9m presta homenagem \u00e0 rica tradi\u00e7\u00e3o art\u00edstica da cidade.<\/p>\n<p>Na parte superior, a palavra &#8220;Barcelona&#8221; apresenta-se com letras proeminentes, fazendo deste \u00edman n\u00e3o s\u00f3 um objeto decorativo, mas tamb\u00e9m uma recorda\u00e7\u00e3o memor\u00e1vel de uma das cidades mais visitadas da Europa. \u00c9 o souvenir ideal para turistas que desejam levar um peda\u00e7o da vibrante cultura e arquitetura de Barcelona. Na Ol\u00e9 Mosaic, oferecemos uma sele\u00e7\u00e3o \u00fanica de \u00edmanes met\u00e1licos que representam a autenticidade e o encanto dos souvenirs de Barcelona, perfeitos para lojas de presentes tur\u00edsticos. Como grossistas de souvenirs, garantimos que cada pe\u00e7a ressoe com o esp\u00edrito da sua origem cultural.<\/p>\n","protected":false},"excerpt":{"rendered":"<p>\u00cdman met\u00e1lico de 8 cm que representa a famosa Sagrada Fam\u00edlia de Barcelona. Este \u00edman colorido real\u00e7a os elementos arquitet\u00f3nicos do emblem\u00e1tico monumento, com detalhes vibrantes em tons de vermelho, azul, amarelo e verde, que evocam o estilo modernista de Antoni Gaud\u00ed. O fundo apresenta um mosaico que complementa a majestosidade da igreja, enquanto a palavra &#8220;Barcelona&#8221; se destaca na parte superior, tornando-o numa atrativa recorda\u00e7\u00e3o da cidade.<\/p>\n","protected":false},"featured_media":11391,"template":"","meta":{"_acf_changed":false},"product_brand":[],"product_cat":[699],"product_tag":[],"class_list":{"0":"post-36735","1":"product","2":"type-product","3":"status-publish","4":"has-post-thumbnail","6":"product_cat-imanes","7":"pa_ciudad-barcelona","8":"pa_motivo-sagrada-familia","9":"pa_pais-espana","11":"first","12":"instock","13":"shipping-taxable","14":"product-type-simple"},"acf":[],"_links":{"self":[{"href":"https:\/\/olemosaic.com\/pt-pt\/wp-json\/wp\/v2\/product\/36735","targetHints":{"allow":["GET"]}}],"collection":[{"href":"https:\/\/olemosaic.com\/pt-pt\/wp-json\/wp\/v2\/product"}],"about":[{"href":"https:\/\/olemosaic.com\/pt-pt\/wp-json\/wp\/v2\/types\/product"}],"wp:featuredmedia":[{"embeddable":true,"href":"https:\/\/olemosaic.com\/pt-pt\/wp-json\/wp\/v2\/media\/11391"}],"wp:attachment":[{"href":"https:\/\/olemosaic.com\/pt-pt\/wp-json\/wp\/v2\/media?parent=36735"}],"wp:term":[{"taxonomy":"product_brand","embeddable":true,"href":"https:\/\/olemosaic.com\/pt-pt\/wp-json\/wp\/v2\/product_brand?post=36735"},{"taxonomy":"product_cat","embeddable":true,"href":"https:\/\/olemosaic.com\/pt-pt\/wp-json\/wp\/v2\/product_cat?post=36735"},{"taxonomy":"product_tag","embeddable":true,"href":"https:\/\/olemosaic.com\/pt-pt\/wp-json\/wp\/v2\/product_tag?post=36735"}],"curies":[{"name":"wp","href":"https:\/\/api.w.org\/{rel}","templated":true}]}}