{"id":36734,"date":"2025-02-20T23:36:08","date_gmt":"2025-02-20T22:36:08","guid":{"rendered":"http:\/\/olemosaic.com\/producto\/iman-de-metal-sagrada-familia-barcelona-negro-8-cm-12\/"},"modified":"2025-07-25T20:09:17","modified_gmt":"2025-07-25T18:09:17","slug":"iman-de-metal-sagrada-familia-barcelona-preto-8-cm-12","status":"publish","type":"product","link":"https:\/\/olemosaic.com\/pt-pt\/produto\/iman-de-metal-sagrada-familia-barcelona-preto-8-cm-12\/","title":{"rendered":"\u00cdman de metal. Sagrada Fam\u00edlia. Tonalidade dourada. Barcelona. Preto. 8 cm."},"content":{"rendered":"<p>\u00cdman met\u00e1lico da Sagrada Fam\u00edlia de Barcelona<\/p>\n<p>Este impressionante \u00edman met\u00e1lico representa a ic\u00f3nica Sagrada Fam\u00edlia, um dos monumentos mais emblem\u00e1ticos de Barcelona, destacando-se pela sua magnific\u00eancia arquitet\u00f3nica e pela sua liga\u00e7\u00e3o \u00e0 obra de Antoni Gaud\u00ed. Com os seus 8 cm, o design vibrante sobre um elegante fundo preto capta a aten\u00e7\u00e3o instantaneamente, mostrando a bas\u00edlica numa explos\u00e3o de cores que reflete os seus detalhes arquitet\u00f3nicos \u00fanicos. As tonalidades douradas que adornam a obra contrastam de forma impactante com o fundo escuro, real\u00e7ando a beleza das suas torres e os intrincados motivos que adornam a sua fachada.<\/p>\n<p>A express\u00e3o art\u00edstica da Sagrada Fam\u00edlia manifesta-se em cada linha e forma, desde as torres que se erguem em dire\u00e7\u00e3o ao c\u00e9u at\u00e9 \u00e0s cores que evocam tanto a luz natural como a espiritualidade. A palavra &#8220;Barcelona&#8221; destaca-se claramente em letras audazes, convertendo este \u00edman n\u00e3o s\u00f3 numa recorda\u00e7\u00e3o atrativa, mas tamb\u00e9m numa homenagem \u00e0 cultura e \u00e0 hist\u00f3ria da cidade. Este \u00edman \u00e9 um souvenir ideal para quem deseja levar um peda\u00e7o de Barcelona e da sua rica tradi\u00e7\u00e3o arquitet\u00f3nica.<\/p>\n<p>Na Ol\u00e9 Mosaic, oferecemos este \u00edman de souvenirs de alta qualidade, perfeito para lojas de presentes tur\u00edsticos que procuram incorporar pe\u00e7as aut\u00eanticas e relevantes na sua oferta. A Sagrada Fam\u00edlia n\u00e3o \u00e9 apenas um s\u00edmbolo da cidade, mas tamb\u00e9m uma lembran\u00e7a da sua vibrante cultura e do seu legado hist\u00f3rico, tornando este \u00edman num artigo essencial para qualquer visitante. Com a nossa experi\u00eancia como distribuidores de souvenirs por grosso, garantimos que cada pe\u00e7a \u00e9 um reflexo aut\u00eantico da grandeza de Barcelona.<\/p>\n","protected":false},"excerpt":{"rendered":"<p>\u00cdman met\u00e1lico que representa a ic\u00f3nica Sagrada Fam\u00edlia de Barcelona, com um design vibrante sobre um fundo preto. Este \u00edman de 8 cm destaca-se pelo seu colorido e pelos seus detalhes arquitet\u00f3nicos, que captam a espetacularidade da obra de Gaud\u00ed. As m\u00faltiplas tonalidades douradas e as formas distintivas da bas\u00edlica contrastam com o preto elegante, enquanto a palavra &#8220;Barcelona&#8221; aparece em letras claras, tornando este \u00edman numa recorda\u00e7\u00e3o perfeita e atrativa da cidade.<\/p>\n","protected":false},"featured_media":11364,"template":"","meta":{"_acf_changed":false},"product_brand":[],"product_cat":[699],"product_tag":[],"class_list":{"0":"post-36734","1":"product","2":"type-product","3":"status-publish","4":"has-post-thumbnail","6":"product_cat-imanes","7":"pa_ciudad-barcelona","8":"pa_motivo-sagrada-familia","9":"pa_pais-espana","11":"first","12":"instock","13":"shipping-taxable","14":"product-type-simple"},"acf":[],"_links":{"self":[{"href":"https:\/\/olemosaic.com\/pt-pt\/wp-json\/wp\/v2\/product\/36734","targetHints":{"allow":["GET"]}}],"collection":[{"href":"https:\/\/olemosaic.com\/pt-pt\/wp-json\/wp\/v2\/product"}],"about":[{"href":"https:\/\/olemosaic.com\/pt-pt\/wp-json\/wp\/v2\/types\/product"}],"wp:featuredmedia":[{"embeddable":true,"href":"https:\/\/olemosaic.com\/pt-pt\/wp-json\/wp\/v2\/media\/11364"}],"wp:attachment":[{"href":"https:\/\/olemosaic.com\/pt-pt\/wp-json\/wp\/v2\/media?parent=36734"}],"wp:term":[{"taxonomy":"product_brand","embeddable":true,"href":"https:\/\/olemosaic.com\/pt-pt\/wp-json\/wp\/v2\/product_brand?post=36734"},{"taxonomy":"product_cat","embeddable":true,"href":"https:\/\/olemosaic.com\/pt-pt\/wp-json\/wp\/v2\/product_cat?post=36734"},{"taxonomy":"product_tag","embeddable":true,"href":"https:\/\/olemosaic.com\/pt-pt\/wp-json\/wp\/v2\/product_tag?post=36734"}],"curies":[{"name":"wp","href":"https:\/\/api.w.org\/{rel}","templated":true}]}}