{"id":36733,"date":"2025-02-20T23:36:08","date_gmt":"2025-02-20T22:36:08","guid":{"rendered":"http:\/\/olemosaic.com\/producto\/iman-de-metal-sagrada-familia-barcelona-plata-8-cm-12\/"},"modified":"2025-07-25T19:06:03","modified_gmt":"2025-07-25T17:06:03","slug":"iman-de-metal-sagrada-familia-barcelona-prata-8-cm-12","status":"publish","type":"product","link":"https:\/\/olemosaic.com\/pt-pt\/produto\/iman-de-metal-sagrada-familia-barcelona-prata-8-cm-12\/","title":{"rendered":"\u00cdman de metal. Sagrada Fam\u00edlia. V\u00e1rias cores. Barcelona. Prata. 8 cm."},"content":{"rendered":"<p>\u00cdman met\u00e1lico da Sagrada Fam\u00edlia de Barcelona<\/p>\n<p>Este \u00edman met\u00e1lico de 8 cm capta a ess\u00eancia da ic\u00f3nica Sagrada Fam\u00edlia, um dos monumentos mais emblem\u00e1ticos de Barcelona e obra-prima do arquiteto Antoni Gaud\u00ed. Com um design vibrante, inspirado na arte modernista, o \u00edman destaca-se pelos seus majestosos pin\u00e1culos e pelos elaborados detalhes arquitet\u00f3nicos que caracterizam esta joia da arquitetura. A paleta de cores utilizada \u00e9 impactante, com tons intensos e brilhantes que jogam entre o vermelho, o azul e o dourado, criando uma representa\u00e7\u00e3o visual cativante que evoca a riqueza cultural da cidade. Na parte superior, a palavra &#8220;Barcelona&#8221; \u00e9 impressa de forma distintiva, refor\u00e7ando o v\u00ednculo com esta maravilhosa cidade catal\u00e3 e convertendo o \u00edman numa recorda\u00e7\u00e3o inconfund\u00edvel.<\/p>\n<p>Como souvenir, este \u00edman n\u00e3o s\u00f3 \u00e9 um objeto decorativo, mas tamb\u00e9m um s\u00edmbolo do legado art\u00edstico e arquitet\u00f3nico de Barcelona, perfeito para aqueles que desejam levar um peda\u00e7o da sua hist\u00f3ria e encanto. Na Ol\u00e9 Mosaic, especializamo-nos na distribui\u00e7\u00e3o de souvenirs por grosso, oferecendo produtos aut\u00eanticos que representam a cultura e a arte das cidades. Este \u00edman \u00e9 uma excelente op\u00e7\u00e3o para lojas de presentes tur\u00edsticos que procuram artigos originais e de qualidade. Levar a Sagrada Fam\u00edlia para o seu lar \u00e9 uma forma extraordin\u00e1ria de recordar a beleza de Barcelona a cada olhar.<\/p>\n","protected":false},"excerpt":{"rendered":"<p>\u00cdman met\u00e1lico de 8 cm que representa a ic\u00f3nica Sagrada Fam\u00edlia de Barcelona. O design colorido inspira-se no modernismo, destacando os majestosos pin\u00e1culos e detalhes arquitet\u00f3nicos da obra de Gaud\u00ed, com uma vibrante paleta de cores. A palavra &#8220;Barcelona&#8221; est\u00e1 impressa na parte superior, o que lhe confere um toque distintivo. Perfeito para recordar a beleza desta cidade catal\u00e3 em qualquer superf\u00edcie met\u00e1lica.<\/p>\n","protected":false},"featured_media":11393,"template":"","meta":{"_acf_changed":false},"product_brand":[],"product_cat":[699],"product_tag":[],"class_list":{"0":"post-36733","1":"product","2":"type-product","3":"status-publish","4":"has-post-thumbnail","6":"product_cat-imanes","7":"pa_ciudad-barcelona","8":"pa_motivo-sagrada-familia","9":"pa_pais-espana","11":"first","12":"instock","13":"shipping-taxable","14":"product-type-simple"},"acf":[],"_links":{"self":[{"href":"https:\/\/olemosaic.com\/pt-pt\/wp-json\/wp\/v2\/product\/36733","targetHints":{"allow":["GET"]}}],"collection":[{"href":"https:\/\/olemosaic.com\/pt-pt\/wp-json\/wp\/v2\/product"}],"about":[{"href":"https:\/\/olemosaic.com\/pt-pt\/wp-json\/wp\/v2\/types\/product"}],"wp:featuredmedia":[{"embeddable":true,"href":"https:\/\/olemosaic.com\/pt-pt\/wp-json\/wp\/v2\/media\/11393"}],"wp:attachment":[{"href":"https:\/\/olemosaic.com\/pt-pt\/wp-json\/wp\/v2\/media?parent=36733"}],"wp:term":[{"taxonomy":"product_brand","embeddable":true,"href":"https:\/\/olemosaic.com\/pt-pt\/wp-json\/wp\/v2\/product_brand?post=36733"},{"taxonomy":"product_cat","embeddable":true,"href":"https:\/\/olemosaic.com\/pt-pt\/wp-json\/wp\/v2\/product_cat?post=36733"},{"taxonomy":"product_tag","embeddable":true,"href":"https:\/\/olemosaic.com\/pt-pt\/wp-json\/wp\/v2\/product_tag?post=36733"}],"curies":[{"name":"wp","href":"https:\/\/api.w.org\/{rel}","templated":true}]}}