{"id":36732,"date":"2025-02-20T23:36:08","date_gmt":"2025-02-20T22:36:08","guid":{"rendered":"http:\/\/olemosaic.com\/producto\/iman-de-metal-sagrada-familia-barcelona-plata-8-cm-11\/"},"modified":"2025-07-25T23:45:33","modified_gmt":"2025-07-25T21:45:33","slug":"iman-de-metal-sagrada-familia-barcelona-prateado-8-cm-11","status":"publish","type":"product","link":"https:\/\/olemosaic.com\/pt-pt\/produto\/iman-de-metal-sagrada-familia-barcelona-prateado-8-cm-11\/","title":{"rendered":"\u00cdman de metal. Sagrada Fam\u00edlia. Vermelho, amarelo e azul. Barcelona. Prateado. 8 cm."},"content":{"rendered":"<p>\u00cdman met\u00e1lico da Sagrada Fam\u00edlia de Barcelona<\/p>\n<p>Este cativante \u00edman de metal de 8 cm \u00e9 uma vibrante homenagem \u00e0 majestade da Sagrada Fam\u00edlia, um dos monumentos mais emblem\u00e1ticos de Barcelona e uma obra-prima de Antoni Gaud\u00ed. Com um design que evoca os mosaicos do templo, apresenta uma explos\u00e3o de cores radiantes: vermelhos intensos, amarelos quentes e azuis profundos que real\u00e7am a rica diversidade art\u00edstica e arquitet\u00f3nica do monumento. A palavra &#8220;Barcelona&#8221; situa-se elegantemente na parte superior, acrescentando um toque distintivo e facilitando a sua identifica\u00e7\u00e3o como uma recorda\u00e7\u00e3o representativa da capital catal\u00e3.<\/p>\n<p>Visualmente, o \u00edman capta a majestade das torres da Sagrada Fam\u00edlia, adornadas com detalhes \u00fanicos que refletem a imagina\u00e7\u00e3o e o engenho do arquiteto modernista. A sua superf\u00edcie brilhante e o acabamento met\u00e1lico n\u00e3o s\u00f3 garantem a sua durabilidade, como tamb\u00e9m o tornam um elegante acess\u00f3rio que pode decorar qualquer frigor\u00edfico, quadro ou superf\u00edcie met\u00e1lica.<\/p>\n<p>Este \u00edman \u00e9 uma excelente op\u00e7\u00e3o como recorda\u00e7\u00e3o de Barcelona, ideal para turistas que desejam levar um peda\u00e7o da rica cultura e patrim\u00f3nio da cidade. Na Ol\u00e9 Mosaic, o nosso compromisso \u00e9 oferecer artigos aut\u00eanticos e de qualidade, como este magn\u00edfico \u00edman da Sagrada Fam\u00edlia, que representa a hist\u00f3ria e a arte de Espanha, perfeito para lojas que desejem oferecer recorda\u00e7\u00f5es \u00fanicas e significativas. Cada pe\u00e7a reflete a ess\u00eancia da cidade, tornando-se um item indispens\u00e1vel para todos aqueles que visitam a vibrante Barcelona.<\/p>\n","protected":false},"excerpt":{"rendered":"<p>\u00cdman met\u00e1lico de 8 cm que reproduz a ic\u00f3nica Sagrada Fam\u00edlia de Barcelona, com um design vibrante que evoca os mosaicos do monumento. Este \u00edman apresenta uma explos\u00e3o de cores, com vermelhos, amarelos e azuis que real\u00e7am os detalhes arquitet\u00f3nicos \u00fanicos da obra de Gaud\u00ed. A palavra &#8220;Barcelona&#8221; destaca-se na parte superior, tornando esta recorda\u00e7\u00e3o uma lembran\u00e7a perfeita da capital catal\u00e3.<\/p>\n","protected":false},"featured_media":11389,"template":"","meta":{"_acf_changed":false},"product_brand":[],"product_cat":[699],"product_tag":[],"class_list":{"0":"post-36732","1":"product","2":"type-product","3":"status-publish","4":"has-post-thumbnail","6":"product_cat-imanes","7":"pa_ciudad-barcelona","8":"pa_motivo-sagrada-familia","9":"pa_pais-espana","11":"first","12":"instock","13":"shipping-taxable","14":"product-type-simple"},"acf":[],"_links":{"self":[{"href":"https:\/\/olemosaic.com\/pt-pt\/wp-json\/wp\/v2\/product\/36732","targetHints":{"allow":["GET"]}}],"collection":[{"href":"https:\/\/olemosaic.com\/pt-pt\/wp-json\/wp\/v2\/product"}],"about":[{"href":"https:\/\/olemosaic.com\/pt-pt\/wp-json\/wp\/v2\/types\/product"}],"wp:featuredmedia":[{"embeddable":true,"href":"https:\/\/olemosaic.com\/pt-pt\/wp-json\/wp\/v2\/media\/11389"}],"wp:attachment":[{"href":"https:\/\/olemosaic.com\/pt-pt\/wp-json\/wp\/v2\/media?parent=36732"}],"wp:term":[{"taxonomy":"product_brand","embeddable":true,"href":"https:\/\/olemosaic.com\/pt-pt\/wp-json\/wp\/v2\/product_brand?post=36732"},{"taxonomy":"product_cat","embeddable":true,"href":"https:\/\/olemosaic.com\/pt-pt\/wp-json\/wp\/v2\/product_cat?post=36732"},{"taxonomy":"product_tag","embeddable":true,"href":"https:\/\/olemosaic.com\/pt-pt\/wp-json\/wp\/v2\/product_tag?post=36732"}],"curies":[{"name":"wp","href":"https:\/\/api.w.org\/{rel}","templated":true}]}}