{"id":36731,"date":"2025-02-20T22:36:07","date_gmt":"2025-02-20T22:36:07","guid":{"rendered":"http:\/\/olemosaic.com\/producto\/iman-de-metal-la-rambla-barcelona-plata-8-cm\/"},"modified":"2025-07-25T19:03:11","modified_gmt":"2025-07-25T17:03:11","slug":"iman-de-metal-la-rambla-barcelona-prateado-8-cm","status":"publish","type":"product","link":"https:\/\/olemosaic.com\/pt-pt\/produto\/iman-de-metal-la-rambla-barcelona-prateado-8-cm\/","title":{"rendered":"\u00cdman de metal. La Rambla. Barcelona. Prateado. 8 cm."},"content":{"rendered":"<p>\u00cdman met\u00e1lico de La Rambla, Barcelona<\/p>\n<p>Este \u00edman met\u00e1lico de 8 cm capta a ess\u00eancia vibrante de La Rambla, um dos passeios mais emblem\u00e1ticos de Barcelona. Concebido com um atraente mosaico de cores vivas, o \u00edman apresenta elementos ic\u00f3nicos como o monumento a Crist\u00f3v\u00e3o Colombo, rodeado de palmeiras e detalhes arquitet\u00f3nicos que refletem a singularidade deste famoso bulevar. O seu acabamento brilhante e decorativo real\u00e7a a beleza da obra, tornando cada olhar uma experi\u00eancia visual fascinante.<\/p>\n<p>A cena ilustrada destaca o movimento e a vida que caracterizam La Rambla, um lugar que tem sido o cora\u00e7\u00e3o pulsante da cidade durante s\u00e9culos, repleto de artistas, artes\u00e3os e turistas. A composi\u00e7\u00e3o do \u00edman n\u00e3o s\u00f3 funciona como uma recorda\u00e7\u00e3o atraente, mas tamb\u00e9m como uma representa\u00e7\u00e3o do patrim\u00f3nio cultural catal\u00e3o, proporcionando aos visitantes uma liga\u00e7\u00e3o tang\u00edvel com a rica hist\u00f3ria e tradi\u00e7\u00e3o de Barcelona.<\/p>\n<p>Este \u00edman de recorda\u00e7\u00e3o \u00e9 uma excelente op\u00e7\u00e3o para turistas e colecionadores, bem como um presente ideal para quem deseja recordar a sua visita \u00e0 Cidade Condal. Na Ol\u00e9 Mosaic, especializamo-nos na distribui\u00e7\u00e3o por grosso de produtos aut\u00eanticos, e este \u00edman \u00e9 uma adi\u00e7\u00e3o perfeita para lojas de recorda\u00e7\u00f5es tur\u00edsticas que procuram oferecer artigos representativos da cultura espanhola.<\/p>\n","protected":false},"excerpt":{"rendered":"<p>\u00cdman met\u00e1lico de 8 cm que capta a ess\u00eancia de La Rambla barcelonesa. Este design atraente, com cores vibrantes, apresenta um mosaico que inclui elementos ic\u00f3nicos como o monumento a Colombo, palmeiras e detalhes arquitet\u00f3nicos do famoso passeio. Com um acabamento brilhante e decorativo, o \u00edman \u00e9 perfeito para recordar um dos locais mais emblem\u00e1ticos da Cidade Condal. Ideal para colecionadores e como presente.<\/p>\n","protected":false},"featured_media":11432,"template":"","meta":{"_acf_changed":false},"product_brand":[],"product_cat":[699],"product_tag":[],"class_list":{"0":"post-36731","1":"product","2":"type-product","3":"status-publish","4":"has-post-thumbnail","6":"product_cat-imanes","7":"pa_ciudad-barcelona","8":"pa_motivo-la-rambla","9":"pa_pais-espana","11":"first","12":"instock","13":"shipping-taxable","14":"product-type-simple"},"acf":[],"_links":{"self":[{"href":"https:\/\/olemosaic.com\/pt-pt\/wp-json\/wp\/v2\/product\/36731","targetHints":{"allow":["GET"]}}],"collection":[{"href":"https:\/\/olemosaic.com\/pt-pt\/wp-json\/wp\/v2\/product"}],"about":[{"href":"https:\/\/olemosaic.com\/pt-pt\/wp-json\/wp\/v2\/types\/product"}],"wp:featuredmedia":[{"embeddable":true,"href":"https:\/\/olemosaic.com\/pt-pt\/wp-json\/wp\/v2\/media\/11432"}],"wp:attachment":[{"href":"https:\/\/olemosaic.com\/pt-pt\/wp-json\/wp\/v2\/media?parent=36731"}],"wp:term":[{"taxonomy":"product_brand","embeddable":true,"href":"https:\/\/olemosaic.com\/pt-pt\/wp-json\/wp\/v2\/product_brand?post=36731"},{"taxonomy":"product_cat","embeddable":true,"href":"https:\/\/olemosaic.com\/pt-pt\/wp-json\/wp\/v2\/product_cat?post=36731"},{"taxonomy":"product_tag","embeddable":true,"href":"https:\/\/olemosaic.com\/pt-pt\/wp-json\/wp\/v2\/product_tag?post=36731"}],"curies":[{"name":"wp","href":"https:\/\/api.w.org\/{rel}","templated":true}]}}