{"id":36730,"date":"2025-02-20T23:36:07","date_gmt":"2025-02-20T22:36:07","guid":{"rendered":"http:\/\/olemosaic.com\/producto\/iman-de-metal-la-rambla-barcelona-8-cm-2\/"},"modified":"2025-07-25T20:29:29","modified_gmt":"2025-07-25T18:29:29","slug":"iman-de-metal-la-rambla-barcelona-8-cm-2-pt-pt","status":"publish","type":"product","link":"https:\/\/olemosaic.com\/pt-pt\/produto\/iman-de-metal-la-rambla-barcelona-8-cm-2-pt-pt\/","title":{"rendered":"\u00cdman de metal. La Rambla. Mosaico. Barcelona. 8 cm."},"content":{"rendered":"<p>\u00cdman met\u00e1lico de La Rambla &#8211; Barcelona<\/p>\n<p>Este \u00edman met\u00e1lico de 8 cm \u00e9 uma recorda\u00e7\u00e3o vibrante que capta a ess\u00eancia de La Rambla de Barcelona, uma das avenidas mais emblem\u00e1ticas da cidade condal. O seu design colorido, inspirado em mosaicos, evoca a rica cultura catal\u00e3, apresentando uma vista alegre e din\u00e2mica da famosa avenida. A ilustra\u00e7\u00e3o destaca-se pelos seus tons vivos, que representam palmeiras frondosas e elementos arquitet\u00f3nicos ic\u00f3nicos, al\u00e9m do c\u00e9lebre monumento a Colombo, que presta homenagem \u00e0 hist\u00f3ria mar\u00edtima de Barcelona.<\/p>\n<p>Os pormenores minuciosos do design refletem a agita\u00e7\u00e3o e a energia que caracterizam esta art\u00e9ria cheia de vida, oferecendo uma experi\u00eancia visual que transporta os turistas para os seus passeios por La Rambla, onde artistas, mercados e restaurantes est\u00e3o sempre presentes. Este \u00edman n\u00e3o \u00e9 apenas um acess\u00f3rio decorativo, mas simboliza a autenticidade das recorda\u00e7\u00f5es de Barcelona, sendo um excelente presente para quem procura levar um fragmento da cultura catal\u00e3.<\/p>\n<p>Na Ol\u00e9 Mosaic, a nossa especialidade \u00e9 a distribui\u00e7\u00e3o de recorda\u00e7\u00f5es por grosso, e este \u00edman met\u00e1lico \u00e9 ideal para lojas de recorda\u00e7\u00f5es tur\u00edsticas que desejem oferecer produtos representativos da beleza e tradi\u00e7\u00e3o de Barcelona. Com o seu design atraente e significativo, torna-se uma excelente op\u00e7\u00e3o para os visitantes que desejam recordar a sua passagem por esta maravilhosa cidade.<\/p>\n","protected":false},"excerpt":{"rendered":"<p>\u00cdman met\u00e1lico de 8 cm que capta a ess\u00eancia de La Rambla barcelonesa. Decorado com um design colorido inspirado nos mosaicos, apresenta uma vista vibrante desta ic\u00f3nica avenida, com palmeiras, elementos arquitet\u00f3nicos e o famoso monumento a Colombo. A ilustra\u00e7\u00e3o destaca-se pelos seus tons brilhantes e pelos detalhes que refletem o ambiente animado da cidade, tornando-o uma recorda\u00e7\u00e3o perfeita da vibrante cultura catal\u00e3.<\/p>\n","protected":false},"featured_media":11433,"template":"","meta":{"_acf_changed":false},"product_brand":[],"product_cat":[699],"product_tag":[],"class_list":{"0":"post-36730","1":"product","2":"type-product","3":"status-publish","4":"has-post-thumbnail","6":"product_cat-imanes","7":"pa_ciudad-barcelona","8":"pa_motivo-la-rambla","9":"pa_pais-espana","11":"first","12":"instock","13":"shipping-taxable","14":"product-type-simple"},"acf":[],"_links":{"self":[{"href":"https:\/\/olemosaic.com\/pt-pt\/wp-json\/wp\/v2\/product\/36730","targetHints":{"allow":["GET"]}}],"collection":[{"href":"https:\/\/olemosaic.com\/pt-pt\/wp-json\/wp\/v2\/product"}],"about":[{"href":"https:\/\/olemosaic.com\/pt-pt\/wp-json\/wp\/v2\/types\/product"}],"wp:featuredmedia":[{"embeddable":true,"href":"https:\/\/olemosaic.com\/pt-pt\/wp-json\/wp\/v2\/media\/11433"}],"wp:attachment":[{"href":"https:\/\/olemosaic.com\/pt-pt\/wp-json\/wp\/v2\/media?parent=36730"}],"wp:term":[{"taxonomy":"product_brand","embeddable":true,"href":"https:\/\/olemosaic.com\/pt-pt\/wp-json\/wp\/v2\/product_brand?post=36730"},{"taxonomy":"product_cat","embeddable":true,"href":"https:\/\/olemosaic.com\/pt-pt\/wp-json\/wp\/v2\/product_cat?post=36730"},{"taxonomy":"product_tag","embeddable":true,"href":"https:\/\/olemosaic.com\/pt-pt\/wp-json\/wp\/v2\/product_tag?post=36730"}],"curies":[{"name":"wp","href":"https:\/\/api.w.org\/{rel}","templated":true}]}}