{"id":36722,"date":"2025-02-20T22:36:06","date_gmt":"2025-02-20T22:36:06","guid":{"rendered":"http:\/\/olemosaic.com\/producto\/iman-de-metal-bailaora-mijas-8-cm\/"},"modified":"2025-07-25T19:17:07","modified_gmt":"2025-07-25T17:17:07","slug":"iman-de-metal-bailarina-mijas-8-cm","status":"publish","type":"product","link":"https:\/\/olemosaic.com\/pt-pt\/produto\/iman-de-metal-bailarina-mijas-8-cm\/","title":{"rendered":"\u00cdman de metal. Bailarina. Mijas. 8 cm."},"content":{"rendered":"<p>\u00cdman de metal da bailarina de flamenco de Mijas, 8 cm<\/p>\n<p>Este encantador \u00edman de metal, de 8 cm, capta a alegria e o dinamismo do folclore espanhol atrav\u00e9s da sua representa\u00e7\u00e3o de uma deslumbrante bailarina de flamenco. Evocando a ess\u00eancia cultural de Mijas, este \u00edman destaca-se pelo seu design vibrante inspirado na arte do mosaico, caracterizado por uma paleta de cores intensas \u2014 vermelhos, azuis e verdes \u2014 que adornam o vestido da bailarina. A figura, em pleno movimento, est\u00e1 emoldurada por um belo fundo azul que real\u00e7a a sua silhueta, enquanto a palavra \u00abMIJAS\u00bb \u00e9 exibida em letras proeminentes, integrando-se na perfei\u00e7\u00e3o no design.<\/p>\n<p>Este \u00edman \u00e9 mais do que uma simples recorda\u00e7\u00e3o; \u00e9 um elo tang\u00edvel com a rica tradi\u00e7\u00e3o andaluza e a cultura do flamenco, uma arte declarada Patrim\u00f3nio Cultural Imaterial da Humanidade. Perfeito para quem procura uma recorda\u00e7\u00e3o aut\u00eantica da sua visita \u00e0 regi\u00e3o, este \u00edman representa o esp\u00edrito vibrante de Mijas e a sua heran\u00e7a cultural. Na Ol\u00e9 Mosaic, orgulhamo-nos de oferecer recorda\u00e7\u00f5es que n\u00e3o s\u00f3 s\u00e3o visualmente atraentes, mas que tamb\u00e9m contam uma hist\u00f3ria. Este \u00edman da bailarina \u00e9 uma excelente op\u00e7\u00e3o para lojas de presentes tur\u00edsticos que desejem oferecer aos seus clientes uma recorda\u00e7\u00e3o significativa e exclusiva de Espanha. Como distribuidores de recorda\u00e7\u00f5es de alta qualidade, garantimos a autenticidade e o apelo cultural que diferenciar\u00e3o a sua oferta no mercado.<\/p>\n","protected":false},"excerpt":{"rendered":"<p>\u00cdman met\u00e1lico de 8 cm que representa uma alegre bailarina de flamenco, evocando a ess\u00eancia cultural de Mijas. Este \u00edman colorido destaca-se pelo seu design inspirado na arte do mosaico, com uma vibrante paleta de vermelhos, azuis e verdes no seu vestido. A bailarina, com o seu movimento caracter\u00edstico, ergue-se sobre um fundo azul que real\u00e7a a sua silhueta e a palavra &#8220;MIJAS&#8221; em letras proeminentes, captando o encanto do folclore espanhol.<\/p>\n","protected":false},"featured_media":10540,"template":"","meta":{"_acf_changed":false},"product_brand":[],"product_cat":[699],"product_tag":[],"class_list":{"0":"post-36722","1":"product","2":"type-product","3":"status-publish","4":"has-post-thumbnail","6":"product_cat-imanes","7":"pa_ciudad-mijas","8":"pa_motivo-dancarinos","9":"pa_pais-espana","11":"first","12":"instock","13":"shipping-taxable","14":"product-type-simple"},"acf":[],"_links":{"self":[{"href":"https:\/\/olemosaic.com\/pt-pt\/wp-json\/wp\/v2\/product\/36722","targetHints":{"allow":["GET"]}}],"collection":[{"href":"https:\/\/olemosaic.com\/pt-pt\/wp-json\/wp\/v2\/product"}],"about":[{"href":"https:\/\/olemosaic.com\/pt-pt\/wp-json\/wp\/v2\/types\/product"}],"wp:featuredmedia":[{"embeddable":true,"href":"https:\/\/olemosaic.com\/pt-pt\/wp-json\/wp\/v2\/media\/10540"}],"wp:attachment":[{"href":"https:\/\/olemosaic.com\/pt-pt\/wp-json\/wp\/v2\/media?parent=36722"}],"wp:term":[{"taxonomy":"product_brand","embeddable":true,"href":"https:\/\/olemosaic.com\/pt-pt\/wp-json\/wp\/v2\/product_brand?post=36722"},{"taxonomy":"product_cat","embeddable":true,"href":"https:\/\/olemosaic.com\/pt-pt\/wp-json\/wp\/v2\/product_cat?post=36722"},{"taxonomy":"product_tag","embeddable":true,"href":"https:\/\/olemosaic.com\/pt-pt\/wp-json\/wp\/v2\/product_tag?post=36722"}],"curies":[{"name":"wp","href":"https:\/\/api.w.org\/{rel}","templated":true}]}}