{"id":36721,"date":"2025-02-20T22:36:06","date_gmt":"2025-02-20T22:36:06","guid":{"rendered":"http:\/\/olemosaic.com\/producto\/iman-de-metal-alhambra-granada-negro-8-cm\/"},"modified":"2025-07-25T19:13:24","modified_gmt":"2025-07-25T17:13:24","slug":"iman-de-metal-alhambra-granada-preto-8-cm","status":"publish","type":"product","link":"https:\/\/olemosaic.com\/pt-pt\/produto\/iman-de-metal-alhambra-granada-preto-8-cm\/","title":{"rendered":"\u00cdman de metal. Alhambra. Granada. Preto. 8 cm."},"content":{"rendered":"<p>\u00cdman de metal da Alhambra de Granada<\/p>\n<p>Este \u00edman de metal de 8 cm capta a ess\u00eancia da Alhambra de Granada, uma das joias arquitet\u00f3nicas mais importantes de Espanha. Apresenta uma ilustra\u00e7\u00e3o vibrante que mostra a majestosa fortaleza rodeada pelas imponentes montanhas da Sierra Nevada e uma vegeta\u00e7\u00e3o exuberante que real\u00e7a a beleza da paisagem. O fundo preto faz com que as cores intensas do design se destaquem, conferindo-lhe uma profundidade visual cativante. Na parte superior, o texto &#8220;GRANADA&#8221; apresenta-se em letras coloridas, acrescentando um toque de alegria e car\u00e1cter \u00e0 recorda\u00e7\u00e3o.<\/p>\n<p>O acabamento liso e resistente do \u00edman garante a sua durabilidade, o que o torna numa recorda\u00e7\u00e3o ideal para levar para casa e recordar a beleza hist\u00f3rica desta emblem\u00e1tica cidade andaluza. A Alhambra, reconhecida como Patrim\u00f3nio da Humanidade pela UNESCO, simboliza o esplendor da cultura isl\u00e2mica em Espanha e \u00e9 um destino imprescind\u00edvel para os viajantes. Este \u00edman \u00e9 perfeito para os turistas que procuram recorda\u00e7\u00f5es representativas de Granada, acrescentando um toque art\u00edstico a qualquer cole\u00e7\u00e3o de recorda\u00e7\u00f5es.<\/p>\n<p>Na Ol\u00e9 Mosaic, especializamo-nos na distribui\u00e7\u00e3o de recorda\u00e7\u00f5es por grosso, oferecendo produtos aut\u00eanticos que refletem a riqueza cultural de Espanha. Este \u00edman da Alhambra \u00e9 uma op\u00e7\u00e3o excecional para lojas de presentes tur\u00edsticos que desejem oferecer artigos que evoquem a magia e a hist\u00f3ria de Granada.<\/p>\n","protected":false},"excerpt":{"rendered":"<p>\u00cdman de metal de 8 cm que capta a ess\u00eancia da Alhambra de Granada. Este design atraente apresenta uma ilustra\u00e7\u00e3o vibrante da famosa fortaleza, emoldurada por belas montanhas e vegeta\u00e7\u00e3o. O fundo preto real\u00e7a as cores brilhantes da panor\u00e2mica e o texto &#8220;GRANADA&#8221;, em letras coloridas, coroa a parte superior. O seu acabamento liso e resistente torna-o na recorda\u00e7\u00e3o ideal para recordar a beleza hist\u00f3rica desta emblem\u00e1tica cidade andaluza.<\/p>\n","protected":false},"featured_media":7107,"template":"","meta":{"_acf_changed":false},"product_brand":[],"product_cat":[699],"product_tag":[],"class_list":{"0":"post-36721","1":"product","2":"type-product","3":"status-publish","4":"has-post-thumbnail","6":"product_cat-imanes","7":"pa_ciudad-granada","8":"pa_motivo-a-alhambra","9":"pa_pais-espana","11":"first","12":"instock","13":"shipping-taxable","14":"product-type-simple"},"acf":[],"_links":{"self":[{"href":"https:\/\/olemosaic.com\/pt-pt\/wp-json\/wp\/v2\/product\/36721","targetHints":{"allow":["GET"]}}],"collection":[{"href":"https:\/\/olemosaic.com\/pt-pt\/wp-json\/wp\/v2\/product"}],"about":[{"href":"https:\/\/olemosaic.com\/pt-pt\/wp-json\/wp\/v2\/types\/product"}],"wp:featuredmedia":[{"embeddable":true,"href":"https:\/\/olemosaic.com\/pt-pt\/wp-json\/wp\/v2\/media\/7107"}],"wp:attachment":[{"href":"https:\/\/olemosaic.com\/pt-pt\/wp-json\/wp\/v2\/media?parent=36721"}],"wp:term":[{"taxonomy":"product_brand","embeddable":true,"href":"https:\/\/olemosaic.com\/pt-pt\/wp-json\/wp\/v2\/product_brand?post=36721"},{"taxonomy":"product_cat","embeddable":true,"href":"https:\/\/olemosaic.com\/pt-pt\/wp-json\/wp\/v2\/product_cat?post=36721"},{"taxonomy":"product_tag","embeddable":true,"href":"https:\/\/olemosaic.com\/pt-pt\/wp-json\/wp\/v2\/product_tag?post=36721"}],"curies":[{"name":"wp","href":"https:\/\/api.w.org\/{rel}","templated":true}]}}