{"id":36720,"date":"2025-02-20T22:36:06","date_gmt":"2025-02-20T22:36:06","guid":{"rendered":"http:\/\/olemosaic.com\/producto\/iman-de-metal-onyar-girona-8-cm\/"},"modified":"2025-07-25T23:19:43","modified_gmt":"2025-07-25T21:19:43","slug":"iman-de-metal-onyar-girona-8-cm-pt-pt","status":"publish","type":"product","link":"https:\/\/olemosaic.com\/pt-pt\/produto\/iman-de-metal-onyar-girona-8-cm-pt-pt\/","title":{"rendered":"\u00cdman de metal. Onyar. Girona. 8 cm."},"content":{"rendered":"<p>\u00cdman de metal de Girona<\/p>\n<p>Este \u00edman de metal de 8 cm \u00e9 uma aut\u00eantica joia que capta a ess\u00eancia vibrante de Girona, o que o torna numa recorda\u00e7\u00e3o ideal para os visitantes desta encantadora cidade. O seu design representa a margem do rio Onyar, com as casas tradicionais alinhadas ao longo da \u00e1gua, oferecendo uma vista colorida e alegre. As tonalidades chamativas dos edif\u00edcios s\u00e3o real\u00e7adas com detalhes em mosaico que evocam a rica hist\u00f3ria e a arquitetura \u00fanica desta regi\u00e3o catal\u00e3. Num dia ensolarado, as \u00e1guas do rio refletem as cores vivas das fachadas, criando uma atmosfera de calor e conviv\u00eancia que caracteriza Girona.<\/p>\n<p>O nome \u00abGIRONA\u00bb, destacado com uma tipografia elegante, integra-se na perfei\u00e7\u00e3o no design, garantindo que este \u00edman n\u00e3o seja apenas um objeto utilit\u00e1rio, mas tamb\u00e9m uma obra de arte que recorda momentos especiais nesta cidade cheia de hist\u00f3ria. Esta recorda\u00e7\u00e3o \u00e9 um presente perfeito para aqueles que desejam levar um peda\u00e7o da cultura catal\u00e3 e \u00e9 ideal para lojas de presentes tur\u00edsticos que procuram artigos aut\u00eanticos e representativos. Na Ol\u00e9 Mosaic, especializamo-nos na distribui\u00e7\u00e3o de recorda\u00e7\u00f5es por grosso, garantindo autenticidade e qualidade em cada produto, lo que torna este \u00edman de Girona uma escolha relevante e apreciada.<\/p>\n","protected":false},"excerpt":{"rendered":"<p>\u00cdman met\u00e1lico de 8 cm que capta a ess\u00eancia de Girona com um design vibrante da margem do rio Onyar. Este atraente \u00edman apresenta uma representa\u00e7\u00e3o colorida e art\u00edstica das casas tradicionais, adornadas com detalhes de mosaicos em tons vivos que evocam a alegria da cidade. As \u00e1guas do rio refletem os edif\u00edcios num dia ensolarado, enquanto o nome \u201cGIRONA\u201d se destaca com uma tipografia chamativa, tornando-o numa recorda\u00e7\u00e3o perfeita deste belo lugar.<\/p>\n","protected":false},"featured_media":10455,"template":"","meta":{"_acf_changed":false},"product_brand":[],"product_cat":[699],"product_tag":[],"class_list":{"0":"post-36720","1":"product","2":"type-product","3":"status-publish","4":"has-post-thumbnail","6":"product_cat-imanes","7":"pa_ciudad-girona","8":"pa_motivo-casas-do-onyar","9":"pa_pais-espana","11":"first","12":"instock","13":"shipping-taxable","14":"product-type-simple"},"acf":[],"_links":{"self":[{"href":"https:\/\/olemosaic.com\/pt-pt\/wp-json\/wp\/v2\/product\/36720","targetHints":{"allow":["GET"]}}],"collection":[{"href":"https:\/\/olemosaic.com\/pt-pt\/wp-json\/wp\/v2\/product"}],"about":[{"href":"https:\/\/olemosaic.com\/pt-pt\/wp-json\/wp\/v2\/types\/product"}],"wp:featuredmedia":[{"embeddable":true,"href":"https:\/\/olemosaic.com\/pt-pt\/wp-json\/wp\/v2\/media\/10455"}],"wp:attachment":[{"href":"https:\/\/olemosaic.com\/pt-pt\/wp-json\/wp\/v2\/media?parent=36720"}],"wp:term":[{"taxonomy":"product_brand","embeddable":true,"href":"https:\/\/olemosaic.com\/pt-pt\/wp-json\/wp\/v2\/product_brand?post=36720"},{"taxonomy":"product_cat","embeddable":true,"href":"https:\/\/olemosaic.com\/pt-pt\/wp-json\/wp\/v2\/product_cat?post=36720"},{"taxonomy":"product_tag","embeddable":true,"href":"https:\/\/olemosaic.com\/pt-pt\/wp-json\/wp\/v2\/product_tag?post=36720"}],"curies":[{"name":"wp","href":"https:\/\/api.w.org\/{rel}","templated":true}]}}