{"id":36719,"date":"2025-02-20T22:36:06","date_gmt":"2025-02-20T22:36:06","guid":{"rendered":"http:\/\/olemosaic.com\/producto\/iman-de-metal-onyar-girona-negro-8-cm\/"},"modified":"2025-07-25T19:01:22","modified_gmt":"2025-07-25T17:01:22","slug":"iman-de-metal-onyar-girona-preto-8-cm","status":"publish","type":"product","link":"https:\/\/olemosaic.com\/pt-pt\/produto\/iman-de-metal-onyar-girona-preto-8-cm\/","title":{"rendered":"\u00cdman de metal. Onyar. Girona. Preto. 8 cm."},"content":{"rendered":"<p>\u00cdman met\u00e1lico de Girona<\/p>\n<p>Este \u00edman met\u00e1lico de 8 cm capta a ess\u00eancia de Girona, mostrando uma representa\u00e7\u00e3o vibrante do ic\u00f3nico rio Onyar e das suas emblem\u00e1ticas fachadas coloridas. O design destaca uma vista panor\u00e2mica dos pitorescos edif\u00edcios que se debru\u00e7am sobre o rio, utilizando uma paleta de cores brilhantes, com azuis, amarelos e vermelhos, sobre um fundo preto que real\u00e7a a beleza da cena. O nome &#8220;GIRONA&#8221; sobressai em letras chamativas na parte superior, tornando este produto numa recorda\u00e7\u00e3o inesquec\u00edvel da riqueza cultural desta encantadora cidade catal\u00e3.<\/p>\n<p>A representa\u00e7\u00e3o das casas junto ao Onyar \u00e9 um s\u00edmbolo ic\u00f3nico de Girona, onde a hist\u00f3ria e a arquitetura se entrela\u00e7am para criar um ambiente quase m\u00e1gico. Este \u00edman n\u00e3o \u00e9 apenas uma recorda\u00e7\u00e3o, mas uma janela para a hist\u00f3ria e a tradi\u00e7\u00e3o da regi\u00e3o, ideal para recordar momentos especiais vividos nesta cidade cheia de encanto e cultura. Na Ol\u00e9 Mosaic, somos especialistas na distribui\u00e7\u00e3o de recorda\u00e7\u00f5es por grosso, oferecendo produtos aut\u00eanticos que celebram a heran\u00e7a cultural de lugares \u00fanicos. Este \u00edman de Girona \u00e9 perfeito para lojas de presentes tur\u00edsticos que procuram artigos atrativos e significativos, tornando-o numa excelente op\u00e7\u00e3o para qualquer visitante que deseje levar um peda\u00e7o de Girona para casa.<\/p>\n","protected":false},"excerpt":{"rendered":"<p>\u00cdman met\u00e1lico de 8 cm que capta a ess\u00eancia de Girona, representando o emblem\u00e1tico rio Onyar com as suas coloridas fachadas. O design vibrante mostra edif\u00edcios pitorescos com uma paleta de azuis, amarelos e vermelhos, sobre um fundo preto que real\u00e7a a beleza da cena. O nome &#8220;GIRONA&#8221; destaca-se em letras chamativas na parte superior, tornando este \u00edman numa recorda\u00e7\u00e3o perfeita da riqueza cultural desta cidade catal\u00e3.<\/p>\n","protected":false},"featured_media":7106,"template":"","meta":{"_acf_changed":false},"product_brand":[],"product_cat":[699],"product_tag":[],"class_list":{"0":"post-36719","1":"product","2":"type-product","3":"status-publish","4":"has-post-thumbnail","6":"product_cat-imanes","7":"pa_ciudad-girona","8":"pa_motivo-casas-do-onyar","9":"pa_pais-espana","11":"first","12":"instock","13":"shipping-taxable","14":"product-type-simple"},"acf":[],"_links":{"self":[{"href":"https:\/\/olemosaic.com\/pt-pt\/wp-json\/wp\/v2\/product\/36719","targetHints":{"allow":["GET"]}}],"collection":[{"href":"https:\/\/olemosaic.com\/pt-pt\/wp-json\/wp\/v2\/product"}],"about":[{"href":"https:\/\/olemosaic.com\/pt-pt\/wp-json\/wp\/v2\/types\/product"}],"wp:featuredmedia":[{"embeddable":true,"href":"https:\/\/olemosaic.com\/pt-pt\/wp-json\/wp\/v2\/media\/7106"}],"wp:attachment":[{"href":"https:\/\/olemosaic.com\/pt-pt\/wp-json\/wp\/v2\/media?parent=36719"}],"wp:term":[{"taxonomy":"product_brand","embeddable":true,"href":"https:\/\/olemosaic.com\/pt-pt\/wp-json\/wp\/v2\/product_brand?post=36719"},{"taxonomy":"product_cat","embeddable":true,"href":"https:\/\/olemosaic.com\/pt-pt\/wp-json\/wp\/v2\/product_cat?post=36719"},{"taxonomy":"product_tag","embeddable":true,"href":"https:\/\/olemosaic.com\/pt-pt\/wp-json\/wp\/v2\/product_tag?post=36719"}],"curies":[{"name":"wp","href":"https:\/\/api.w.org\/{rel}","templated":true}]}}