{"id":36718,"date":"2025-02-20T22:36:06","date_gmt":"2025-02-20T22:36:06","guid":{"rendered":"http:\/\/olemosaic.com\/producto\/iman-de-metal-gato-fuerteventura-8-cm\/"},"modified":"2025-07-25T20:02:12","modified_gmt":"2025-07-25T18:02:12","slug":"iman-de-metal-gato-fuerteventura-8-cm-pt-pt","status":"publish","type":"product","link":"https:\/\/olemosaic.com\/pt-pt\/produto\/iman-de-metal-gato-fuerteventura-8-cm-pt-pt\/","title":{"rendered":"\u00cdman de metal. Gato. Fuerteventura. 8 cm."},"content":{"rendered":"<p>\u00cdman de metal com design de gato colorido inspirado em Fuerteventura, uma recorda\u00e7\u00e3o que capta a ess\u00eancia vibrante desta bela ilha can\u00e1ria. Com os seus 8 cm, este \u00edman destaca-se pelo seu design art\u00edstico, que evoca o estilo mosaico com uma exibi\u00e7\u00e3o de cores brilhantes como o azul, verde, vermelho e amarelo, que enchem o gato de energia alegre e cativante. A figura do gato, que simboliza a independ\u00eancia e a criatividade, ergue-se sobre um fundo que simula o c\u00e9u azul de Fuerteventura, criando um contraste visual impactante. A palavra &#8220;Fuerteventura&#8221; aparece impressa num texto elegante, refor\u00e7ando a liga\u00e7\u00e3o cultural com a regi\u00e3o e tornando este \u00edman na recorda\u00e7\u00e3o perfeita de uma das ilhas mais encantadoras de Espanha.<\/p>\n<p>Este \u00edman de metal n\u00e3o \u00e9 apenas um objeto decorativo, mas uma representa\u00e7\u00e3o tang\u00edvel do calor e do esp\u00edrito de Fuerteventura, ideal para os turistas que procuram levar um pedacinho desta cultura \u00fanica. Na Ol\u00e9 Mosaic dedicamo-nos \u00e0 distribui\u00e7\u00e3o de recorda\u00e7\u00f5es por grosso, e este \u00edman \u00e9 uma excelente op\u00e7\u00e3o para lojas de presentes tur\u00edsticos que procuram oferecer produtos aut\u00eanticos e de qualidade. Como grossistas de recorda\u00e7\u00f5es, garantimos que cada pe\u00e7a, como este \u00edman de gato colorido, realce a riqueza cultural e art\u00edstica do seu lugar de origem.<\/p>\n","protected":false},"excerpt":{"rendered":"<p>\u00cdman met\u00e1lico de 8 cm, com um design vibrante de um gato inspirado na cultura de Fuerteventura. Este \u00edman colorido, que se destaca pelos seus tons brilhantes de azul, verde, vermelho e amarelo, evoca o estilo do mosaico, proporcionando um toque art\u00edstico e alegre. A palavra &#8220;Fuerteventura&#8221; est\u00e1 impressa numa tipografia elegante que completa o design, tornando-o na recorda\u00e7\u00e3o perfeita para recordar a beleza desta ilha can\u00e1ria.<\/p>\n","protected":false},"featured_media":12846,"template":"","meta":{"_acf_changed":false},"product_brand":[],"product_cat":[699],"product_tag":[516],"class_list":{"0":"post-36718","1":"product","2":"type-product","3":"status-publish","4":"has-post-thumbnail","6":"product_cat-imanes","7":"product_tag-animais","8":"pa_ciudad-fuerteventura","9":"pa_motivo-gatos","10":"pa_pais-espana","12":"first","13":"instock","14":"shipping-taxable","15":"product-type-simple"},"acf":[],"_links":{"self":[{"href":"https:\/\/olemosaic.com\/pt-pt\/wp-json\/wp\/v2\/product\/36718","targetHints":{"allow":["GET"]}}],"collection":[{"href":"https:\/\/olemosaic.com\/pt-pt\/wp-json\/wp\/v2\/product"}],"about":[{"href":"https:\/\/olemosaic.com\/pt-pt\/wp-json\/wp\/v2\/types\/product"}],"wp:featuredmedia":[{"embeddable":true,"href":"https:\/\/olemosaic.com\/pt-pt\/wp-json\/wp\/v2\/media\/12846"}],"wp:attachment":[{"href":"https:\/\/olemosaic.com\/pt-pt\/wp-json\/wp\/v2\/media?parent=36718"}],"wp:term":[{"taxonomy":"product_brand","embeddable":true,"href":"https:\/\/olemosaic.com\/pt-pt\/wp-json\/wp\/v2\/product_brand?post=36718"},{"taxonomy":"product_cat","embeddable":true,"href":"https:\/\/olemosaic.com\/pt-pt\/wp-json\/wp\/v2\/product_cat?post=36718"},{"taxonomy":"product_tag","embeddable":true,"href":"https:\/\/olemosaic.com\/pt-pt\/wp-json\/wp\/v2\/product_tag?post=36718"}],"curies":[{"name":"wp","href":"https:\/\/api.w.org\/{rel}","templated":true}]}}