{"id":36697,"date":"2025-02-20T22:36:06","date_gmt":"2025-02-20T22:36:06","guid":{"rendered":"http:\/\/olemosaic.com\/producto\/iman-de-metal-gato-tenerife-plata-8-cm\/"},"modified":"2025-07-25T19:39:17","modified_gmt":"2025-07-25T17:39:17","slug":"iman-de-metal-gato-tenerife-prata-8-cm","status":"publish","type":"product","link":"https:\/\/olemosaic.com\/pt-pt\/produto\/iman-de-metal-gato-tenerife-prata-8-cm\/","title":{"rendered":"\u00cdman de metal. Gato. Tenerife. Prata. 8 cm."},"content":{"rendered":"<p>\u00cdman de metal de gato colorido de Tenerife<\/p>\n<p>Este \u00edman de metal de 8 cm, com o design de um gato que evoca a ess\u00eancia de Tenerife, \u00e9 uma recorda\u00e7\u00e3o ideal que capta o esp\u00edrito vibrante desta bela ilha. A sua colorida composi\u00e7\u00e3o, inspirada na arte do mosaico, apresenta uma alegre paleta de vermelhos, amarelos, azuis e verdes que evocam a biodiversidade e a colorida paisagem tinerfe\u00f1a. O gato, com a sua forma estilizada e os seus detalhes art\u00edsticos, destaca-se sobre um fundo branco que imita a textura das cer\u00e2micas tradicionais da regi\u00e3o, criando um contraste atraente e moderno.<\/p>\n<p>A inscri\u00e7\u00e3o &#8220;TENERIFE&#8221;, situada de forma proeminente, refor\u00e7a o seu valor como recorda\u00e7\u00e3o aut\u00eantica, ideal para turistas que procuram levar um peda\u00e7o da rica cultura can\u00e1ria. Este \u00edman n\u00e3o \u00e9 apenas um atraente elemento decorativo para frigor\u00edficos e outras superf\u00edcies met\u00e1licas, mas tamb\u00e9m simboliza a alegria e o esp\u00edrito da vida em Tenerife, uma ilha famosa pelo seu clima quente e pela sua biodiversidade natural.<\/p>\n<p>Na Ol\u00e9 Mosaic, especializamo-nos na distribui\u00e7\u00e3o por grosso de recorda\u00e7\u00f5es representativas de diversas regi\u00f5es, e este \u00edman de gato \u00e9 uma excelente op\u00e7\u00e3o para lojas de presentes tur\u00edsticos que procuram produtos aut\u00eanticos e atraentes que realcem a heran\u00e7a cultural de Espanha. Adquira este \u00edman \u00fanico e ofere\u00e7a aos seus clientes uma recorda\u00e7\u00e3o memor\u00e1vel de Tenerife.<\/p>\n","protected":false},"excerpt":{"rendered":"<p>\u00cdman met\u00e1lico de 8 cm com o simp\u00e1tico design de um gato t\u00edpico de Tenerife. Este \u00edman apresenta uma composi\u00e7\u00e3o colorida em tons vibrantes, inspirada na arte do mosaico, que se destaca pela sua alegre paleta visual com vermelhos, amarelos, azuis e verdes. Decorado com um fundo branco que imita a textura da cer\u00e2mica tradicional, o \u00edman inclui a inscri\u00e7\u00e3o &#8220;TENERIFE&#8221;, tornando-o uma recorda\u00e7\u00e3o perfeita da ilha.<\/p>\n","protected":false},"featured_media":12828,"template":"","meta":{"_acf_changed":false},"product_brand":[],"product_cat":[699],"product_tag":[516],"class_list":{"0":"post-36697","1":"product","2":"type-product","3":"status-publish","4":"has-post-thumbnail","6":"product_cat-imanes","7":"product_tag-animais","8":"pa_ciudad-tenerife","9":"pa_motivo-gatos","10":"pa_pais-espana","12":"first","13":"instock","14":"shipping-taxable","15":"product-type-simple"},"acf":[],"_links":{"self":[{"href":"https:\/\/olemosaic.com\/pt-pt\/wp-json\/wp\/v2\/product\/36697","targetHints":{"allow":["GET"]}}],"collection":[{"href":"https:\/\/olemosaic.com\/pt-pt\/wp-json\/wp\/v2\/product"}],"about":[{"href":"https:\/\/olemosaic.com\/pt-pt\/wp-json\/wp\/v2\/types\/product"}],"wp:featuredmedia":[{"embeddable":true,"href":"https:\/\/olemosaic.com\/pt-pt\/wp-json\/wp\/v2\/media\/12828"}],"wp:attachment":[{"href":"https:\/\/olemosaic.com\/pt-pt\/wp-json\/wp\/v2\/media?parent=36697"}],"wp:term":[{"taxonomy":"product_brand","embeddable":true,"href":"https:\/\/olemosaic.com\/pt-pt\/wp-json\/wp\/v2\/product_brand?post=36697"},{"taxonomy":"product_cat","embeddable":true,"href":"https:\/\/olemosaic.com\/pt-pt\/wp-json\/wp\/v2\/product_cat?post=36697"},{"taxonomy":"product_tag","embeddable":true,"href":"https:\/\/olemosaic.com\/pt-pt\/wp-json\/wp\/v2\/product_tag?post=36697"}],"curies":[{"name":"wp","href":"https:\/\/api.w.org\/{rel}","templated":true}]}}