{"id":36696,"date":"2025-02-20T22:36:05","date_gmt":"2025-02-20T22:36:05","guid":{"rendered":"http:\/\/olemosaic.com\/producto\/iman-de-metal-salamandra-fuerteventura-plata-8-cm\/"},"modified":"2025-07-25T20:38:02","modified_gmt":"2025-07-25T18:38:02","slug":"iman-de-metal-salamandra-fuerteventura-prata-8-cm","status":"publish","type":"product","link":"https:\/\/olemosaic.com\/pt-pt\/produto\/iman-de-metal-salamandra-fuerteventura-prata-8-cm\/","title":{"rendered":"\u00cdman de metal. Salamandra. Fuerteventura. Prata. 8 cm."},"content":{"rendered":"<p>\u00cdman de metal de Fuerteventura<\/p>\n<p>Este \u00edman de metal de 8 cm \u00e9 uma aut\u00eantica homenagem \u00e0 fauna \u00fanica de Fuerteventura. Representa uma vibrante salamandra, que se destaca pelo seu design colorido e detalhado. Com uma t\u00e9cnica de trencad\u00eds, esta recorda\u00e7\u00e3o capta a ess\u00eancia das Ilhas Can\u00e1rias atrav\u00e9s de uma paleta de cores brilhantes que real\u00e7am cada tra\u00e7o da salamandra, desde o seu corpo esbelto at\u00e9 \u00e0s suas caracter\u00edsticas patas. A salamandra, s\u00edmbolo de adaptabilidade e beleza natural, apresenta-se no centro do \u00edman, rodeada por um fundo que simula elegantes mosaicos, evocando a rica tradi\u00e7\u00e3o art\u00edstica da regi\u00e3o.<\/p>\n<p>Na parte superior do \u00edman, o texto &#8220;FUERTEVENTURA&#8221; aparece numa tipografia alegre que complementa o design, acrescentando um toque distintivo que o torna ainda mais atraente como recorda\u00e7\u00e3o. Este \u00edman n\u00e3o serve apenas como um acess\u00f3rio pr\u00e1tico para qualquer superf\u00edcie met\u00e1lica, mas tamb\u00e9m representa um fragmento da cultura e da natureza can\u00e1rias, perfeito para os turistas que desejam levar um peda\u00e7o da ilha para casa.<\/p>\n<p>Na Ol\u00e9 Mosaic, especializamo-nos em oferecer recorda\u00e7\u00f5es aut\u00eanticas de Fuerteventura, ideais para lojas de presentes tur\u00edsticos que desejam fornecer produtos que realcem a singularidade das Ilhas Can\u00e1rias. Este \u00edman de salamandra \u00e9 uma op\u00e7\u00e3o de destaque para quem procura uma recorda\u00e7\u00e3o da beleza e biodiversidade do arquip\u00e9lago. Como grossistas de recorda\u00e7\u00f5es, garantimos a qualidade e originalidade em cada uma das nossas pe\u00e7as, fazendo deste \u00edman um excelente presente ou recorda\u00e7\u00e3o para qualquer visitante.<\/p>\n","protected":false},"excerpt":{"rendered":"<p>\u00cdman met\u00e1lico de 8 cm, decorado com uma vibrante salamandra que representa a fauna \u00fanica de Fuerteventura. Este design colorido destaca-se pela sua t\u00e9cnica de trencad\u00eds, com uma variada paleta de cores que real\u00e7a os detalhes do animal. Na parte superior, o texto &#8220;FUERTEVENTURA&#8221; apresenta-se com uma tipografia alegre, o que acrescenta um toque distintivo a esta pe\u00e7a ornamental ideal para recordar a beleza das Ilhas Can\u00e1rias.<\/p>\n","protected":false},"featured_media":12879,"template":"","meta":{"_acf_changed":false},"product_brand":[],"product_cat":[699],"product_tag":[516],"class_list":{"0":"post-36696","1":"product","2":"type-product","3":"status-publish","4":"has-post-thumbnail","6":"product_cat-imanes","7":"product_tag-animais","8":"pa_ciudad-fuerteventura","9":"pa_motivo-salamandras","10":"pa_pais-espana","12":"first","13":"instock","14":"shipping-taxable","15":"product-type-simple"},"acf":[],"_links":{"self":[{"href":"https:\/\/olemosaic.com\/pt-pt\/wp-json\/wp\/v2\/product\/36696","targetHints":{"allow":["GET"]}}],"collection":[{"href":"https:\/\/olemosaic.com\/pt-pt\/wp-json\/wp\/v2\/product"}],"about":[{"href":"https:\/\/olemosaic.com\/pt-pt\/wp-json\/wp\/v2\/types\/product"}],"wp:featuredmedia":[{"embeddable":true,"href":"https:\/\/olemosaic.com\/pt-pt\/wp-json\/wp\/v2\/media\/12879"}],"wp:attachment":[{"href":"https:\/\/olemosaic.com\/pt-pt\/wp-json\/wp\/v2\/media?parent=36696"}],"wp:term":[{"taxonomy":"product_brand","embeddable":true,"href":"https:\/\/olemosaic.com\/pt-pt\/wp-json\/wp\/v2\/product_brand?post=36696"},{"taxonomy":"product_cat","embeddable":true,"href":"https:\/\/olemosaic.com\/pt-pt\/wp-json\/wp\/v2\/product_cat?post=36696"},{"taxonomy":"product_tag","embeddable":true,"href":"https:\/\/olemosaic.com\/pt-pt\/wp-json\/wp\/v2\/product_tag?post=36696"}],"curies":[{"name":"wp","href":"https:\/\/api.w.org\/{rel}","templated":true}]}}