{"id":36695,"date":"2025-02-20T22:36:05","date_gmt":"2025-02-20T22:36:05","guid":{"rendered":"http:\/\/olemosaic.com\/producto\/iman-de-metal-bailaora-alicante-plata-8-cm\/"},"modified":"2025-07-25T18:35:38","modified_gmt":"2025-07-25T16:35:38","slug":"iman-de-metal-bailarina-alicante-prata-8-cm","status":"publish","type":"product","link":"https:\/\/olemosaic.com\/pt-pt\/produto\/iman-de-metal-bailarina-alicante-prata-8-cm\/","title":{"rendered":"\u00cdman de metal. Bailarina. Alicante. Prata. 8 cm."},"content":{"rendered":"<p>\u00cdman de metal de flamenco inspirado em Alicante: uma recorda\u00e7\u00e3o brilhante do vibrante folclore espanhol que capta a ess\u00eancia da arte flamenca numa pe\u00e7a compacta. Este \u00edman de 8 cm mostra uma bailarina com um exuberante traje de folhos, cujo design de mosaico est\u00e1 repleto de tons vivos que evocam a alegria e a cor da cultura espanhola. A figura resplandece com o seu vestido multicolorido, adornado com detalhes que real\u00e7am o movimento e a gra\u00e7a desta arte tradicional. O fundo do \u00edman apresenta uma textura em branco que recorda os azulejos t\u00edpicos de la regi\u00e3o, criando um contraste cativante que faz real\u00e7ar a figura central.<\/p>\n<p>Na parte superior do \u00edman, o nome &#8220;ALICANTE&#8221; aparece em letras grandes e coloridas, conferindo um apelo visual adicional e sublinhando a sua proced\u00eancia. Este \u00edman n\u00e3o \u00e9 apenas uma excelente forma de levar um peda\u00e7o de Alicante para casa, mas tamb\u00e9m \u00e9 um s\u00edmbolo da riqueza cultural da comunidade andaluza. Perfeito para turistas que procuram recorda\u00e7\u00f5es aut\u00eanticas, este \u00edman flamenco \u00e9 uma representa\u00e7\u00e3o \u00fanica do patrim\u00f3nio espanhol, ideal para quem deseja recordar a sua viagem atrav\u00e9s de uma recorda\u00e7\u00e3o significativa. Na Ol\u00e9 Mosaic, orgulhamo-nos de oferecer recorda\u00e7\u00f5es de alta qualidade, e este \u00edman \u00e9 uma escolha ideal para lojas de presentes tur\u00edsticos que procuram produtos aut\u00eanticos e representativos da cultura espanhola.<\/p>\n","protected":false},"excerpt":{"rendered":"<p>\u00cdman met\u00e1lico de 8 cm que capta a ess\u00eancia da arte flamenca, inspirado em Alicante. Este colorido \u00edman apresenta uma bailarina com um vibrante traje de folhos, desenhado com um mosaico de tons vivos que evocam a alegria da cultura espanhola. A figura est\u00e1 emoldurada com o nome &#8220;ALICANTE&#8221; em letras grandes e chamativas, o que real\u00e7a o seu apelo visual e o torna uma recorda\u00e7\u00e3o perfeita para quem aprecia o folclore andaluz.<\/p>\n","protected":false},"featured_media":10557,"template":"","meta":{"_acf_changed":false},"product_brand":[],"product_cat":[699],"product_tag":[],"class_list":{"0":"post-36695","1":"product","2":"type-product","3":"status-publish","4":"has-post-thumbnail","6":"product_cat-imanes","7":"pa_ciudad-alicante","8":"pa_motivo-dancarinos","9":"pa_pais-espana","11":"first","12":"instock","13":"shipping-taxable","14":"product-type-simple"},"acf":[],"_links":{"self":[{"href":"https:\/\/olemosaic.com\/pt-pt\/wp-json\/wp\/v2\/product\/36695","targetHints":{"allow":["GET"]}}],"collection":[{"href":"https:\/\/olemosaic.com\/pt-pt\/wp-json\/wp\/v2\/product"}],"about":[{"href":"https:\/\/olemosaic.com\/pt-pt\/wp-json\/wp\/v2\/types\/product"}],"wp:featuredmedia":[{"embeddable":true,"href":"https:\/\/olemosaic.com\/pt-pt\/wp-json\/wp\/v2\/media\/10557"}],"wp:attachment":[{"href":"https:\/\/olemosaic.com\/pt-pt\/wp-json\/wp\/v2\/media?parent=36695"}],"wp:term":[{"taxonomy":"product_brand","embeddable":true,"href":"https:\/\/olemosaic.com\/pt-pt\/wp-json\/wp\/v2\/product_brand?post=36695"},{"taxonomy":"product_cat","embeddable":true,"href":"https:\/\/olemosaic.com\/pt-pt\/wp-json\/wp\/v2\/product_cat?post=36695"},{"taxonomy":"product_tag","embeddable":true,"href":"https:\/\/olemosaic.com\/pt-pt\/wp-json\/wp\/v2\/product_tag?post=36695"}],"curies":[{"name":"wp","href":"https:\/\/api.w.org\/{rel}","templated":true}]}}