{"id":36693,"date":"2025-02-20T23:36:05","date_gmt":"2025-02-20T22:36:05","guid":{"rendered":"http:\/\/olemosaic.com\/producto\/iman-de-metal-bailaora-8-cm-2\/"},"modified":"2025-07-25T19:14:57","modified_gmt":"2025-07-25T17:14:57","slug":"iman-de-metal-bailarina-8-cm-2","status":"publish","type":"product","link":"https:\/\/olemosaic.com\/pt-pt\/produto\/iman-de-metal-bailarina-8-cm-2\/","title":{"rendered":"\u00cdman de metal. Bailarina. 8 cm."},"content":{"rendered":"<p>\u00cdman met\u00e1lico com duas bailarinas de flamenco num cen\u00e1rio vibrante. Esta requintada recorda\u00e7\u00e3o de Sevilha, de 8 cm, apresenta duas bailarinas em plena a\u00e7\u00e3o, com os seus coloridos trajes de folhos que captam a ess\u00eancia do flamenco. O fundo azul, com um design que evoca t\u00e9cnicas de mosaico, real\u00e7a as cores vibrantes dos trajes: um num vermelho intenso e outro num azul cheio de energia, adornados com flores que acrescentam um toque tradicional.<\/p>\n<p>Os detalhes do design s\u00e3o pintados \u00e0 m\u00e3o, o que torna cada \u00edman uma pe\u00e7a \u00fanica. Este \u00edman n\u00e3o \u00e9 apenas um objeto decorativo: \u00e9 um aut\u00eantico s\u00edmbolo da rica cultura espanhola, que celebra a paix\u00e3o e a arte do flamenco, uma dan\u00e7a que faz parte integrante da alma andaluza. Perfeito para recordar momentos especiais em Sevilha, esta recorda\u00e7\u00e3o reflete a alegria e o dinamismo da tradi\u00e7\u00e3o flamenca, tornando-o um presente ideal para quem deseja levar um peda\u00e7o de Espanha.<\/p>\n<p>Na Ol\u00e9 Mosaic, somos distribuidores de recorda\u00e7\u00f5es por grosso e oferecemos \u00edmanes aut\u00eanticos que representam a riqueza cultural de Espanha, ideais para lojas de presentes tur\u00edsticos que procuram produtos \u00fanicos e significativos. Este \u00edman de bailarinas \u00e9 uma op\u00e7\u00e3o perfeita para quem procura recorda\u00e7\u00f5es memor\u00e1veis de Sevilha.<\/p>\n","protected":false},"excerpt":{"rendered":"<p>\u00cdman met\u00e1lico de 8 cm que representa duas bailarinas de flamenco num cen\u00e1rio vibrante. Desenhado sobre um fundo azul com efeito de mosaico, o \u00edman mostra as bailarinas com coloridos trajes de folhos, um vermelho e outro azul, adornados com flores. Os detalhes pintados \u00e0 m\u00e3o captam a ess\u00eancia do flamenco, tornando esta recorda\u00e7\u00e3o uma pe\u00e7a \u00fanica que evoca a cultura espanhola. Ideal para recordar momentos em Sevilha.<\/p>\n","protected":false},"featured_media":10025,"template":"","meta":{"_acf_changed":false},"product_brand":[],"product_cat":[699],"product_tag":[],"class_list":{"0":"post-36693","1":"product","2":"type-product","3":"status-publish","4":"has-post-thumbnail","6":"product_cat-imanes","7":"pa_motivo-dancarinos","9":"first","10":"instock","11":"shipping-taxable","12":"product-type-simple"},"acf":[],"_links":{"self":[{"href":"https:\/\/olemosaic.com\/pt-pt\/wp-json\/wp\/v2\/product\/36693","targetHints":{"allow":["GET"]}}],"collection":[{"href":"https:\/\/olemosaic.com\/pt-pt\/wp-json\/wp\/v2\/product"}],"about":[{"href":"https:\/\/olemosaic.com\/pt-pt\/wp-json\/wp\/v2\/types\/product"}],"wp:featuredmedia":[{"embeddable":true,"href":"https:\/\/olemosaic.com\/pt-pt\/wp-json\/wp\/v2\/media\/10025"}],"wp:attachment":[{"href":"https:\/\/olemosaic.com\/pt-pt\/wp-json\/wp\/v2\/media?parent=36693"}],"wp:term":[{"taxonomy":"product_brand","embeddable":true,"href":"https:\/\/olemosaic.com\/pt-pt\/wp-json\/wp\/v2\/product_brand?post=36693"},{"taxonomy":"product_cat","embeddable":true,"href":"https:\/\/olemosaic.com\/pt-pt\/wp-json\/wp\/v2\/product_cat?post=36693"},{"taxonomy":"product_tag","embeddable":true,"href":"https:\/\/olemosaic.com\/pt-pt\/wp-json\/wp\/v2\/product_tag?post=36693"}],"curies":[{"name":"wp","href":"https:\/\/api.w.org\/{rel}","templated":true}]}}