{"id":36690,"date":"2025-02-20T23:36:04","date_gmt":"2025-02-20T22:36:04","guid":{"rendered":"http:\/\/olemosaic.com\/producto\/iman-de-metal-salamandra-mojacar-8-cm-2\/"},"modified":"2025-07-25T19:01:59","modified_gmt":"2025-07-25T17:01:59","slug":"iman-de-metal-salamandra-mojacar-8-cm-2-pt-pt","status":"publish","type":"product","link":"https:\/\/olemosaic.com\/pt-pt\/produto\/iman-de-metal-salamandra-mojacar-8-cm-2-pt-pt\/","title":{"rendered":"\u00cdman de metal. Salamandra. Moj\u00e1car. Andaluzia. 8 cm."},"content":{"rendered":"<p>\u00cdman met\u00e1lico de salamandras coloridas de Moj\u00e1car<\/p>\n<p>Este \u00edman met\u00e1lico de 8 cm \u00e9 uma vibrante recorda\u00e7\u00e3o do encanto e da beleza de Moj\u00e1car, uma vila costeira andaluza conhecida pelas suas paisagens deslumbrantes e pela sua rica heran\u00e7a cultural. Com um design cativante, este \u00edman apresenta m\u00faltiplas salamandras numa gama de cores intensas que evocam a diversidade da fauna local. As salamandras, representadas em tons que v\u00e3o do vermelho vibrante ao azul profundo, espalham-se sobre um fundo que imita os padr\u00f5es de mosaico t\u00edpicos do estilo andaluz, adicionando um toque art\u00edstico \u00e0 pe\u00e7a.<\/p>\n<p>A inscri\u00e7\u00e3o &#8220;MOJ\u00c1CAR&#8221; em letras estilizadas real\u00e7a ainda mais a sua liga\u00e7\u00e3o com esta m\u00edstica localidade, tornando este \u00edman num souvenir representativo e aut\u00eantico. Este produto n\u00e3o s\u00f3 \u00e9 ideal para adornar qualquer superf\u00edcie met\u00e1lica, como frigor\u00edficos ou quadros, mas tamb\u00e9m atua como um atraente objeto de decora\u00e7\u00e3o para os amantes da cultura andaluza. Como distribuidores de souvenirs por grosso, na Ol\u00e9 Mosaic oferecemos este \u00edman de salamandras, uma op\u00e7\u00e3o perfeita para os turistas que procuram uma recorda\u00e7\u00e3o da sua experi\u00eancia em Moj\u00e1car. Este \u00edman \u00e9 um presente ideal que encapsula a ess\u00eancia da regi\u00e3o, perfeito para quem procura souvenirs de qualidade e com um profundo significado cultural.<\/p>\n","protected":false},"excerpt":{"rendered":"<p>\u00cdman met\u00e1lico de 8 cm com salamandras coloridas, inspirado no encanto de Moj\u00e1car. Este atraente \u00edman apresenta um design vibrante com salamandras de diferentes cores, sobre um fundo com motivos de mosaico que evocam o estilo andaluz. Com a inscri\u00e7\u00e3o &#8220;MOJ\u00c1CAR&#8221; em letras estilizadas, esta recorda\u00e7\u00e3o real\u00e7a elementos distintivos da localidade, tornando-se uma pe\u00e7a ideal para decorar qualquer superf\u00edcie met\u00e1lica e recordar a beleza desta vila costeira.<\/p>\n","protected":false},"featured_media":13534,"template":"","meta":{"_acf_changed":false},"product_brand":[],"product_cat":[699],"product_tag":[516],"class_list":{"0":"post-36690","1":"product","2":"type-product","3":"status-publish","4":"has-post-thumbnail","6":"product_cat-imanes","7":"product_tag-animais","8":"pa_ciudad-mojacar","9":"pa_motivo-salamandras","10":"pa_pais-espana","12":"first","13":"instock","14":"shipping-taxable","15":"product-type-simple"},"acf":[],"_links":{"self":[{"href":"https:\/\/olemosaic.com\/pt-pt\/wp-json\/wp\/v2\/product\/36690","targetHints":{"allow":["GET"]}}],"collection":[{"href":"https:\/\/olemosaic.com\/pt-pt\/wp-json\/wp\/v2\/product"}],"about":[{"href":"https:\/\/olemosaic.com\/pt-pt\/wp-json\/wp\/v2\/types\/product"}],"wp:featuredmedia":[{"embeddable":true,"href":"https:\/\/olemosaic.com\/pt-pt\/wp-json\/wp\/v2\/media\/13534"}],"wp:attachment":[{"href":"https:\/\/olemosaic.com\/pt-pt\/wp-json\/wp\/v2\/media?parent=36690"}],"wp:term":[{"taxonomy":"product_brand","embeddable":true,"href":"https:\/\/olemosaic.com\/pt-pt\/wp-json\/wp\/v2\/product_brand?post=36690"},{"taxonomy":"product_cat","embeddable":true,"href":"https:\/\/olemosaic.com\/pt-pt\/wp-json\/wp\/v2\/product_cat?post=36690"},{"taxonomy":"product_tag","embeddable":true,"href":"https:\/\/olemosaic.com\/pt-pt\/wp-json\/wp\/v2\/product_tag?post=36690"}],"curies":[{"name":"wp","href":"https:\/\/api.w.org\/{rel}","templated":true}]}}