{"id":36682,"date":"2025-02-20T22:36:03","date_gmt":"2025-02-20T22:36:03","guid":{"rendered":"http:\/\/olemosaic.com\/producto\/iman-de-metal-gato-gran-canaria-negro-8-cm\/"},"modified":"2025-07-25T19:42:17","modified_gmt":"2025-07-25T17:42:17","slug":"iman-de-metal-gato-gran-canaria-preto-8-cm","status":"publish","type":"product","link":"https:\/\/olemosaic.com\/pt-pt\/produto\/iman-de-metal-gato-gran-canaria-preto-8-cm\/","title":{"rendered":"\u00cdman de metal. Gato. Gran Canaria. Preto. 8 cm."},"content":{"rendered":"<p>\u00cdman met\u00e1lico de 8 cm com a imagem de um gato inspirado na arte de Gran Canaria. Este vibrante \u00edman combina uma figura estilizada de um gato com um design abstrato que se destaca pela sua paleta de cores vivas, onde predominam os tons azuis, verdes, amarelos e vermelhos, sobre um fundo preto que real\u00e7a a luminosidade das pe\u00e7as do mosaico. A ilustra\u00e7\u00e3o, que recorda os tradicionais mosaicos can\u00e1rios, confere um toque distintivo e moderno, tornando este \u00edman numa recorda\u00e7\u00e3o excecional que evoca a rica cultura visual de Gran Canaria.<\/p>\n<p>A figura do gato n\u00e3o s\u00f3 simboliza a fauna urbana das ilhas, como tamb\u00e9m representa o calor e o carisma que caracteriza a vida neste arquip\u00e9lago. Este \u00edman met\u00e1lico \u00e9 perfeito para decorar qualquer superf\u00edcie met\u00e1lica, seja em casa ou no escrit\u00f3rio, oferecendo um peda\u00e7o de Gran Canaria em cada canto. O seu design \u00fanico torna-o num souvenir ideal para os turistas que procuram recorda\u00e7\u00f5es aut\u00eanticas e representativas da sua visita.<\/p>\n<p>Na Ol\u00e9 Mosaic, somos especialistas na distribui\u00e7\u00e3o de souvenirs por grosso, e este \u00edman de gato apresenta-se como uma excelente op\u00e7\u00e3o para lojas de presentes tur\u00edsticos que desejem oferecer produtos de qualidade e relev\u00e2ncia cultural. Uma recorda\u00e7\u00e3o aut\u00eantica que liga \u00e0 ess\u00eancia de Gran Canaria, perfeito para quem procura levar um peda\u00e7o da sua beleza e cultura.<\/p>\n","protected":false},"excerpt":{"rendered":"<p>\u00cdman met\u00e1lico de 8 cm com a imagem de um gato, inspirado na arte de Gran Canaria. Este colorido \u00edman apresenta um design abstrato em tons vibrantes, combinando azuis, verdes, amarelos e vermelhos, sobre um fundo preto que real\u00e7a a figura felina. A superf\u00edcie do \u00edman est\u00e1 decorada com um padr\u00e3o que evoca os mosaicos tradicionais, acrescentando um toque distintivo e art\u00edstico. \u00c9 ideal para decorar qualquer superf\u00edcie met\u00e1lica e levar um peda\u00e7o de Gran Canaria consigo.<\/p>\n","protected":false},"featured_media":12831,"template":"","meta":{"_acf_changed":false},"product_brand":[],"product_cat":[699],"product_tag":[516],"class_list":{"0":"post-36682","1":"product","2":"type-product","3":"status-publish","4":"has-post-thumbnail","6":"product_cat-imanes","7":"product_tag-animais","8":"pa_ciudad-gran-canaria","9":"pa_motivo-gatos","10":"pa_pais-espana","12":"first","13":"instock","14":"shipping-taxable","15":"product-type-simple"},"acf":[],"_links":{"self":[{"href":"https:\/\/olemosaic.com\/pt-pt\/wp-json\/wp\/v2\/product\/36682","targetHints":{"allow":["GET"]}}],"collection":[{"href":"https:\/\/olemosaic.com\/pt-pt\/wp-json\/wp\/v2\/product"}],"about":[{"href":"https:\/\/olemosaic.com\/pt-pt\/wp-json\/wp\/v2\/types\/product"}],"wp:featuredmedia":[{"embeddable":true,"href":"https:\/\/olemosaic.com\/pt-pt\/wp-json\/wp\/v2\/media\/12831"}],"wp:attachment":[{"href":"https:\/\/olemosaic.com\/pt-pt\/wp-json\/wp\/v2\/media?parent=36682"}],"wp:term":[{"taxonomy":"product_brand","embeddable":true,"href":"https:\/\/olemosaic.com\/pt-pt\/wp-json\/wp\/v2\/product_brand?post=36682"},{"taxonomy":"product_cat","embeddable":true,"href":"https:\/\/olemosaic.com\/pt-pt\/wp-json\/wp\/v2\/product_cat?post=36682"},{"taxonomy":"product_tag","embeddable":true,"href":"https:\/\/olemosaic.com\/pt-pt\/wp-json\/wp\/v2\/product_tag?post=36682"}],"curies":[{"name":"wp","href":"https:\/\/api.w.org\/{rel}","templated":true}]}}