{"id":36680,"date":"2025-02-20T23:36:02","date_gmt":"2025-02-20T22:36:02","guid":{"rendered":"http:\/\/olemosaic.com\/producto\/iman-de-metal-toro-negro-8-cm-3\/"},"modified":"2025-07-25T20:11:56","modified_gmt":"2025-07-25T18:11:56","slug":"iman-de-metal-touro-preto-8-cm-3","status":"publish","type":"product","link":"https:\/\/olemosaic.com\/pt-pt\/produto\/iman-de-metal-touro-preto-8-cm-3\/","title":{"rendered":"\u00cdman de metal. Touro. Fundo preto. Espanha. 8 cm."},"content":{"rendered":"<p>\u00cdman met\u00e1lico com touros coloridos em estilo mosaico. Este atraente \u00edman de 8 cm \u00e9 uma pe\u00e7a decorativa que capta a ess\u00eancia do folclore espanhol atrav\u00e9s da sua vibrante ilustra\u00e7\u00e3o de touros, destacando-se sobre um fundo preto que intensifica o seu colorido. Os touros, representados numa fus\u00e3o de vermelho, azul e outros tons, s\u00e3o um s\u00edmbolo ic\u00f3nico da cultura espanhola, evocando tanto a tradi\u00e7\u00e3o das touradas como a forte liga\u00e7\u00e3o do povo com a sua terra e os seus costumes. O design em mosaico n\u00e3o s\u00f3 confere um toque art\u00edstico, como tamb\u00e9m reflete a rica heran\u00e7a da arte popular espanhola, tornando este \u00edman um excelente souvenir que combina funcionalidade e est\u00e9tica. \u00c9 uma pe\u00e7a ideal para quem procura uma recorda\u00e7\u00e3o aut\u00eantica da sua visita a Espanha, que pode ser exibida em qualquer superf\u00edcie magn\u00e9tica e recordar a vibrante vida cultural do pa\u00eds. Na Ol\u00e9 Mosaic, estamos empenhados em oferecer souvenirs de alta qualidade por grosso, como este \u00edman de touros, que representa a fus\u00e3o de arte e tradi\u00e7\u00e3o que caracteriza as nossas pe\u00e7as. Perfeito para lojas de presentes tur\u00edsticos que desejam oferecer aos seus clientes recorda\u00e7\u00f5es representativas de Espanha.<\/p>\n","protected":false},"excerpt":{"rendered":"<p>\u00cdman met\u00e1lico de 8 cm com uma ilustra\u00e7\u00e3o vibrante de touros, que funde cores num estilo de mosaico. Este atraente \u00edman destaca-se sobre um fundo preto, real\u00e7ando os tons vermelho e azul dos touros, com um design din\u00e2mico que capta a ess\u00eancia do folclore espanhol. Ideal como souvenir de Espanha, combina arte e tradi\u00e7\u00e3o num formato pr\u00e1tico e decorativo.<\/p>\n","protected":false},"featured_media":7465,"template":"","meta":{"_acf_changed":false},"product_brand":[],"product_cat":[699],"product_tag":[516],"class_list":{"0":"post-36680","1":"product","2":"type-product","3":"status-publish","4":"has-post-thumbnail","6":"product_cat-imanes","7":"product_tag-animais","8":"pa_motivo-touros","10":"first","11":"instock","12":"shipping-taxable","13":"product-type-simple"},"acf":[],"_links":{"self":[{"href":"https:\/\/olemosaic.com\/pt-pt\/wp-json\/wp\/v2\/product\/36680","targetHints":{"allow":["GET"]}}],"collection":[{"href":"https:\/\/olemosaic.com\/pt-pt\/wp-json\/wp\/v2\/product"}],"about":[{"href":"https:\/\/olemosaic.com\/pt-pt\/wp-json\/wp\/v2\/types\/product"}],"wp:featuredmedia":[{"embeddable":true,"href":"https:\/\/olemosaic.com\/pt-pt\/wp-json\/wp\/v2\/media\/7465"}],"wp:attachment":[{"href":"https:\/\/olemosaic.com\/pt-pt\/wp-json\/wp\/v2\/media?parent=36680"}],"wp:term":[{"taxonomy":"product_brand","embeddable":true,"href":"https:\/\/olemosaic.com\/pt-pt\/wp-json\/wp\/v2\/product_brand?post=36680"},{"taxonomy":"product_cat","embeddable":true,"href":"https:\/\/olemosaic.com\/pt-pt\/wp-json\/wp\/v2\/product_cat?post=36680"},{"taxonomy":"product_tag","embeddable":true,"href":"https:\/\/olemosaic.com\/pt-pt\/wp-json\/wp\/v2\/product_tag?post=36680"}],"curies":[{"name":"wp","href":"https:\/\/api.w.org\/{rel}","templated":true}]}}