{"id":36679,"date":"2025-02-20T23:36:02","date_gmt":"2025-02-20T22:36:02","guid":{"rendered":"http:\/\/olemosaic.com\/producto\/iman-de-metal-toro-sevilla-negro-8-cm-2\/"},"modified":"2025-07-25T19:11:46","modified_gmt":"2025-07-25T17:11:46","slug":"iman-de-metal-touro-sevilha-preto-8-cm-2","status":"publish","type":"product","link":"https:\/\/olemosaic.com\/pt-pt\/produto\/iman-de-metal-touro-sevilha-preto-8-cm-2\/","title":{"rendered":"\u00cdman de metal. Touro. Vermelho e amarelo. Sevilha. Preto. 8 cm."},"content":{"rendered":"<p>\u00cdman met\u00e1lico com o emblem\u00e1tico touro de Sevilha<\/p>\n<p>Este \u00edman de metal de 8 cm \u00e9 uma representa\u00e7\u00e3o vibrante do famoso touro, um emblema do folclore espanhol que capta a ess\u00eancia cultural de Sevilha. Com um design moderno que combina tons vermelhos e amarelos sobre um fundo preto, cria um impacto visual cativante. A t\u00e9cnica de mosaico utilizada na sua ilustra\u00e7\u00e3o confere um toque art\u00edstico \u00fanico a esta pe\u00e7a, destacando em cada faceta a sua est\u00e9tica contempor\u00e2nea, enquanto a palavra &#8220;Sevilla&#8221; se apresenta a cores \u00e0 esquerda, refor\u00e7ando a liga\u00e7\u00e3o com esta ic\u00f3nica cidade andaluza.<\/p>\n<p>O touro na cultura espanhola simboliza for\u00e7a e paix\u00e3o, e este \u00edman n\u00e3o \u00e9 apenas um objeto decorativo, mas serve tamb\u00e9m como uma recorda\u00e7\u00e3o constante da rica tradi\u00e7\u00e3o taurom\u00e1quica da regi\u00e3o. Ao levar este \u00edman para casa, os turistas podem recordar a sua viagem e partilhar um peda\u00e7o da cultura sevilhana com amigos e familiares.<\/p>\n<p>Na Ol\u00e9 Mosaic, oferecemos uma sele\u00e7\u00e3o cuidada de souvenirs que celebram a autenticidade das tradi\u00e7\u00f5es espanholas. Este \u00edman do touro \u00e9 uma excelente op\u00e7\u00e3o para lojas de presentes tur\u00edsticos, garantindo um produto atraente e culturalmente significativo que encantar\u00e1 os visitantes de Sevilha e de toda a Espanha. Como distribuidores de souvenirs por grosso, asseguramos a qualidade e a relev\u00e2ncia cultural em cada artigo.<\/p>\n","protected":false},"excerpt":{"rendered":"<p>\u00cdman met\u00e1lico de 8 cm com a representa\u00e7\u00e3o de um touro, um emblema do folclore espanhol. O seu design vibrante, em tons vermelhos e amarelos sobre fundo preto, destaca-se pela t\u00e9cnica do mosaico, que lhe confere um aspeto art\u00edstico e moderno. A palavra &#8220;Sevilla&#8221; aparece impressa a cores no lado esquerdo. Uma recorda\u00e7\u00e3o perfeita para levar um peda\u00e7o da cultura sevilhana para casa.<\/p>\n","protected":false},"featured_media":9989,"template":"","meta":{"_acf_changed":false},"product_brand":[],"product_cat":[699],"product_tag":[516],"class_list":{"0":"post-36679","1":"product","2":"type-product","3":"status-publish","4":"has-post-thumbnail","6":"product_cat-imanes","7":"product_tag-animais","8":"pa_ciudad-sevilla","9":"pa_motivo-touros","10":"pa_pais-espana","12":"first","13":"instock","14":"shipping-taxable","15":"product-type-simple"},"acf":[],"_links":{"self":[{"href":"https:\/\/olemosaic.com\/pt-pt\/wp-json\/wp\/v2\/product\/36679","targetHints":{"allow":["GET"]}}],"collection":[{"href":"https:\/\/olemosaic.com\/pt-pt\/wp-json\/wp\/v2\/product"}],"about":[{"href":"https:\/\/olemosaic.com\/pt-pt\/wp-json\/wp\/v2\/types\/product"}],"wp:featuredmedia":[{"embeddable":true,"href":"https:\/\/olemosaic.com\/pt-pt\/wp-json\/wp\/v2\/media\/9989"}],"wp:attachment":[{"href":"https:\/\/olemosaic.com\/pt-pt\/wp-json\/wp\/v2\/media?parent=36679"}],"wp:term":[{"taxonomy":"product_brand","embeddable":true,"href":"https:\/\/olemosaic.com\/pt-pt\/wp-json\/wp\/v2\/product_brand?post=36679"},{"taxonomy":"product_cat","embeddable":true,"href":"https:\/\/olemosaic.com\/pt-pt\/wp-json\/wp\/v2\/product_cat?post=36679"},{"taxonomy":"product_tag","embeddable":true,"href":"https:\/\/olemosaic.com\/pt-pt\/wp-json\/wp\/v2\/product_tag?post=36679"}],"curies":[{"name":"wp","href":"https:\/\/api.w.org\/{rel}","templated":true}]}}