{"id":36643,"date":"2025-02-20T22:36:02","date_gmt":"2025-02-20T22:36:02","guid":{"rendered":"http:\/\/olemosaic.com\/producto\/iman-de-metal-panoramica-valencia-negro-8-cm\/"},"modified":"2025-07-25T18:56:11","modified_gmt":"2025-07-25T16:56:11","slug":"iman-de-metal-panoramica-valencia-preto-8-cm","status":"publish","type":"product","link":"https:\/\/olemosaic.com\/pt-pt\/produto\/iman-de-metal-panoramica-valencia-preto-8-cm\/","title":{"rendered":"\u00cdman de metal. Panor\u00e2mica. Val\u00eancia. Preto. 8 cm."},"content":{"rendered":"<p>\u00cdman met\u00e1lico com uma vibrante panor\u00e2mica de Val\u00eancia. Este atraente \u00edman, de 8 cm, \u00e9 uma representa\u00e7\u00e3o art\u00edstica que captura a ess\u00eancia de Val\u00eancia, ideal para colecionadores e amantes desta magn\u00edfica cidade. Com um fundo preto que real\u00e7a as cores brilhantes dos monumentos mais emblem\u00e1ticos, como a Cidade das Artes e das Ci\u00eancias e a majestosa Catedral de Val\u00eancia, cada detalhe foi criado num estilo geom\u00e9trico moderno. Os contornos polidos e os tons vivos conferem um toque contempor\u00e2neo, enquanto a disposi\u00e7\u00e3o equilibrada das ilustra\u00e7\u00f5es proporciona uma sensa\u00e7\u00e3o de harmonia visual. Este \u00edman n\u00e3o se torna apenas uma recorda\u00e7\u00e3o f\u00edsica da beleza arquitet\u00f3nica de Val\u00eancia, mas tamb\u00e9m reflete a rica heran\u00e7a cultural da cidade, onde a hist\u00f3ria e a modernidade coexistem na perfei\u00e7\u00e3o. \u00c9 a recorda\u00e7\u00e3o perfeita para levar um peda\u00e7o de Val\u00eancia para casa. Na Ol\u00e9 Mosaic garantimos a autenticidade e qualidade de cada uma das nossas recorda\u00e7\u00f5es, e este \u00edman met\u00e1lico \u00e9 uma excelente op\u00e7\u00e3o para lojas de presentes tur\u00edsticos que procuram oferecer produtos que celebrem a singularidade da capital do T\u00faria.<\/p>\n","protected":false},"excerpt":{"rendered":"<p>\u00cdman met\u00e1lico com uma vibrante panor\u00e2mica de Val\u00eancia, ideal para colecionadores e amantes da cidade. Mede 8 cm e apresenta um fundo preto que real\u00e7a os emblem\u00e1ticos monumentos valencianos, como a Cidade das Artes e das Ci\u00eancias e a Catedral, ilustrados com um estilo colorido e geom\u00e9trico. Os detalhes em tons vivos conferem um toque moderno a esta recorda\u00e7\u00e3o emblem\u00e1tica, perfeita para levar um peda\u00e7o de Val\u00eancia para casa.<\/p>\n","protected":false},"featured_media":10456,"template":"","meta":{"_acf_changed":false},"product_brand":[],"product_cat":[699],"product_tag":[],"class_list":{"0":"post-36643","1":"product","2":"type-product","3":"status-publish","4":"has-post-thumbnail","6":"product_cat-imanes","7":"pa_ciudad-valencia","8":"pa_motivo-panoramas","9":"pa_pais-espana","11":"first","12":"instock","13":"shipping-taxable","14":"product-type-simple"},"acf":[],"_links":{"self":[{"href":"https:\/\/olemosaic.com\/pt-pt\/wp-json\/wp\/v2\/product\/36643","targetHints":{"allow":["GET"]}}],"collection":[{"href":"https:\/\/olemosaic.com\/pt-pt\/wp-json\/wp\/v2\/product"}],"about":[{"href":"https:\/\/olemosaic.com\/pt-pt\/wp-json\/wp\/v2\/types\/product"}],"wp:featuredmedia":[{"embeddable":true,"href":"https:\/\/olemosaic.com\/pt-pt\/wp-json\/wp\/v2\/media\/10456"}],"wp:attachment":[{"href":"https:\/\/olemosaic.com\/pt-pt\/wp-json\/wp\/v2\/media?parent=36643"}],"wp:term":[{"taxonomy":"product_brand","embeddable":true,"href":"https:\/\/olemosaic.com\/pt-pt\/wp-json\/wp\/v2\/product_brand?post=36643"},{"taxonomy":"product_cat","embeddable":true,"href":"https:\/\/olemosaic.com\/pt-pt\/wp-json\/wp\/v2\/product_cat?post=36643"},{"taxonomy":"product_tag","embeddable":true,"href":"https:\/\/olemosaic.com\/pt-pt\/wp-json\/wp\/v2\/product_tag?post=36643"}],"curies":[{"name":"wp","href":"https:\/\/api.w.org\/{rel}","templated":true}]}}