{"id":36642,"date":"2025-02-20T22:36:02","date_gmt":"2025-02-20T22:36:02","guid":{"rendered":"http:\/\/olemosaic.com\/producto\/iman-de-metal-panoramica-madrid-negro-8-cm\/"},"modified":"2025-07-25T20:06:10","modified_gmt":"2025-07-25T18:06:10","slug":"iman-de-metal-panoramica-madrid-preto-8-cm","status":"publish","type":"product","link":"https:\/\/olemosaic.com\/pt-pt\/produto\/iman-de-metal-panoramica-madrid-preto-8-cm\/","title":{"rendered":"\u00cdman de metal. Panor\u00e2mica. Madrid. Preto. 8 cm."},"content":{"rendered":"<p>\u00cdman de metal com uma vibrante panor\u00e2mica de Madrid. Este atraente \u00edman, de 8 cm, apresenta um design estilizado em forma de mosaico que destaca dois dos emblemas mais ic\u00f3nicos da capital espanhola: a majestosa Puerta de Alcal\u00e1 e o famoso Urso e o Medronheiro. A combina\u00e7\u00e3o de cores vivas e contrastadas \u2014 com predom\u00ednio de azuis, amarelos e vermelhos \u2014 d\u00e1 vida a uma representa\u00e7\u00e3o art\u00edstica que capta a ess\u00eancia de Madrid. O fundo preto cria um efeito apelativo, enquanto o nome &#8220;MADRID&#8221; se destaca em letras grandes e coloridas, acrescentando um toque moderno a esta recorda\u00e7\u00e3o.<\/p>\n<p>Este \u00edman de metal n\u00e3o \u00e9 apenas uma excelente op\u00e7\u00e3o para adornar o seu frigor\u00edfico, mas tamb\u00e9m atua como um lembrete do vibrante patrim\u00f3nio cultural de Madrid. A Puerta de Alcal\u00e1, testemunha da hist\u00f3ria da cidade, \u00e9 um s\u00edmbolo de acolhimento e unidade, enquanto o Urso e o Medronheiro representam a hist\u00f3ria e identidade madrilenas. Ao escolher este \u00edman como recorda\u00e7\u00e3o, leva consigo um peda\u00e7o da rica hist\u00f3ria e do folclore da cidade.<\/p>\n<p>Na Ol\u00e9 Mosaic, especializamo-nos na distribui\u00e7\u00e3o de recorda\u00e7\u00f5es por grosso, oferecendo \u00e0s lojas de presentes tur\u00edsticos produtos aut\u00eanticos que representam a cultura espanhola. Este \u00edman \u00e9 uma excelente op\u00e7\u00e3o para os turistas que procuram levar uma recorda\u00e7\u00e3o tang\u00edvel de Madrid, e o seu design atraente torna-o um presente perfeito ou uma pe\u00e7a decorativa que encerra a ess\u00eancia da cidade. Com este \u00edman, os visitantes podem desfrutar da beleza de Madrid mesmo \u00e0 dist\u00e2ncia, tornando-o uma recorda\u00e7\u00e3o memor\u00e1vel e significativa.<\/p>\n","protected":false},"excerpt":{"rendered":"<p>\u00cdman met\u00e1lico com uma vibrante panor\u00e2mica de Madrid, de 8 cm. Apresenta um design estilizado em forma de mosaico, onde se destacam o emblem\u00e1tico monumento da Puerta de Alcal\u00e1 e o famoso Urso e o Medronheiro. As cores vivas e contrastadas, com predom\u00ednio de azuis, amarelos e vermelhos, enaltecem a beleza da cidade. O nome &#8220;MADRID&#8221; est\u00e1 impresso em letras grandes e coloridas sobre um fundo preto, acrescentando um toque moderno a esta recorda\u00e7\u00e3o.<\/p>\n","protected":false},"featured_media":7108,"template":"","meta":{"_acf_changed":false},"product_brand":[],"product_cat":[699],"product_tag":[],"class_list":{"0":"post-36642","1":"product","2":"type-product","3":"status-publish","4":"has-post-thumbnail","6":"product_cat-imanes","7":"pa_ciudad-madrid","8":"pa_motivo-panoramas","9":"pa_pais-espana","11":"first","12":"instock","13":"shipping-taxable","14":"product-type-simple"},"acf":[],"_links":{"self":[{"href":"https:\/\/olemosaic.com\/pt-pt\/wp-json\/wp\/v2\/product\/36642","targetHints":{"allow":["GET"]}}],"collection":[{"href":"https:\/\/olemosaic.com\/pt-pt\/wp-json\/wp\/v2\/product"}],"about":[{"href":"https:\/\/olemosaic.com\/pt-pt\/wp-json\/wp\/v2\/types\/product"}],"wp:featuredmedia":[{"embeddable":true,"href":"https:\/\/olemosaic.com\/pt-pt\/wp-json\/wp\/v2\/media\/7108"}],"wp:attachment":[{"href":"https:\/\/olemosaic.com\/pt-pt\/wp-json\/wp\/v2\/media?parent=36642"}],"wp:term":[{"taxonomy":"product_brand","embeddable":true,"href":"https:\/\/olemosaic.com\/pt-pt\/wp-json\/wp\/v2\/product_brand?post=36642"},{"taxonomy":"product_cat","embeddable":true,"href":"https:\/\/olemosaic.com\/pt-pt\/wp-json\/wp\/v2\/product_cat?post=36642"},{"taxonomy":"product_tag","embeddable":true,"href":"https:\/\/olemosaic.com\/pt-pt\/wp-json\/wp\/v2\/product_tag?post=36642"}],"curies":[{"name":"wp","href":"https:\/\/api.w.org\/{rel}","templated":true}]}}