{"id":36641,"date":"2025-02-20T23:36:02","date_gmt":"2025-02-20T22:36:02","guid":{"rendered":"http:\/\/olemosaic.com\/producto\/iman-de-metal-panoramica-marbella-8-cm-2\/"},"modified":"2025-07-25T20:11:19","modified_gmt":"2025-07-25T18:11:19","slug":"iman-de-metal-panoramica-marbella-8-cm-2-pt-pt","status":"publish","type":"product","link":"https:\/\/olemosaic.com\/pt-pt\/produto\/iman-de-metal-panoramica-marbella-8-cm-2-pt-pt\/","title":{"rendered":"\u00cdman de metal. Panor\u00e2mica. Marbella. Andaluzia. 8 cm."},"content":{"rendered":"<p>\u00cdman met\u00e1lico com uma panor\u00e2mica de Marbella, uma recorda\u00e7\u00e3o requintada que encapsula a ess\u00eancia vibrante desta famosa cidade costeira andaluza. Com um tamanho de 8 cm, este \u00edman destaca-se pelo seu design num estilo mosaico vibrante que combina cores alegres e detalhes cuidadosamente elaborados. No centro da imagem, uma encantadora fonte rodeada de \u00e1rvores ornamentais e casas t\u00edpicas andaluzas adornadas com vasos de flores apresenta-se numa composi\u00e7\u00e3o art\u00edstica que evoca o calor do clima mediterr\u00e2nico e a beleza das paisagens de Marbella. O nome \u201cMARBELLA\u201d est\u00e1 elegantemente situado na parte superior, criando um ponto focal que acentua a identidade da cidade.<\/p>\n<p>Este \u00edman met\u00e1lico n\u00e3o serve apenas como um acess\u00f3rio pr\u00e1tico para qualquer superf\u00edcie met\u00e1lica, mas tamb\u00e9m se torna uma recorda\u00e7\u00e3o significativa que celebra a cultura e o patrim\u00f3nio local, ideal para turistas que desejam levar um peda\u00e7o de Marbella para casa. A sua autenticidade e qualidade situam-no como uma das melhores recorda\u00e7\u00f5es de Marbella, perfeito para lojas de presentes tur\u00edsticos que procuram oferecer produtos que simbolizem a beleza e o encanto da Andaluzia. Na Ol\u00e9 Mosaic, especializamo-nos na distribui\u00e7\u00e3o de recorda\u00e7\u00f5es por grosso, tornando este \u00edman numa excelente op\u00e7\u00e3o para quem valoriza o artesanato aut\u00eantico e o significado cultural por tr\u00e1s de cada detalhe.<\/p>\n","protected":false},"excerpt":{"rendered":"<p>\u00cdman met\u00e1lico com uma encantadora panor\u00e2mica de Marbella, desenhado num estilo mosaico vibrante. Este \u00edman de 8 cm mostra uma paisagem colorida que inclui uma fonte central, \u00e1rvores decorativas e casas t\u00edpicas andaluzas com vasos de flores, tudo numa composi\u00e7\u00e3o alegre. Com o nome &#8220;MARBELLA&#8221; destacado na parte superior, \u00e9 uma recorda\u00e7\u00e3o perfeita que capta a ess\u00eancia desta bela cidade costeira. Ideal para adornar qualquer superf\u00edcie met\u00e1lica.<\/p>\n","protected":false},"featured_media":9885,"template":"","meta":{"_acf_changed":false},"product_brand":[],"product_cat":[699],"product_tag":[],"class_list":{"0":"post-36641","1":"product","2":"type-product","3":"status-publish","4":"has-post-thumbnail","6":"product_cat-imanes","7":"pa_ciudad-marbella","8":"pa_motivo-panoramas","9":"pa_pais-espana","11":"first","12":"instock","13":"shipping-taxable","14":"product-type-simple"},"acf":[],"_links":{"self":[{"href":"https:\/\/olemosaic.com\/pt-pt\/wp-json\/wp\/v2\/product\/36641","targetHints":{"allow":["GET"]}}],"collection":[{"href":"https:\/\/olemosaic.com\/pt-pt\/wp-json\/wp\/v2\/product"}],"about":[{"href":"https:\/\/olemosaic.com\/pt-pt\/wp-json\/wp\/v2\/types\/product"}],"wp:featuredmedia":[{"embeddable":true,"href":"https:\/\/olemosaic.com\/pt-pt\/wp-json\/wp\/v2\/media\/9885"}],"wp:attachment":[{"href":"https:\/\/olemosaic.com\/pt-pt\/wp-json\/wp\/v2\/media?parent=36641"}],"wp:term":[{"taxonomy":"product_brand","embeddable":true,"href":"https:\/\/olemosaic.com\/pt-pt\/wp-json\/wp\/v2\/product_brand?post=36641"},{"taxonomy":"product_cat","embeddable":true,"href":"https:\/\/olemosaic.com\/pt-pt\/wp-json\/wp\/v2\/product_cat?post=36641"},{"taxonomy":"product_tag","embeddable":true,"href":"https:\/\/olemosaic.com\/pt-pt\/wp-json\/wp\/v2\/product_tag?post=36641"}],"curies":[{"name":"wp","href":"https:\/\/api.w.org\/{rel}","templated":true}]}}