{"id":36640,"date":"2025-02-20T23:36:01","date_gmt":"2025-02-20T22:36:01","guid":{"rendered":"http:\/\/olemosaic.com\/producto\/iman-de-metal-panoramica-barcelona-8-cm-15\/"},"modified":"2025-07-25T20:46:18","modified_gmt":"2025-07-25T18:46:18","slug":"iman-de-metal-panoramica-barcelona-8-cm-15-pt-pt","status":"publish","type":"product","link":"https:\/\/olemosaic.com\/pt-pt\/produto\/iman-de-metal-panoramica-barcelona-8-cm-15-pt-pt\/","title":{"rendered":"\u00cdman de metal. Panor\u00e2mica. I \u2665 Barcelona. Barcelona. 8 cm."},"content":{"rendered":"<p>\u00cdman de metal com uma panor\u00e2mica de Barcelona, uma recorda\u00e7\u00e3o imprescind\u00edvel para levar um pedacinho desta vibrante cidade. Este atraente \u00edman, de 8 cm de tamanho, mostra uma ilustra\u00e7\u00e3o colorida que presta homenagem a dois dos \u00edcones arquitet\u00f3nicos mais emblem\u00e1ticos de Barcelona: a majestosa Sagrada Fam\u00edlia e o famoso mosaico do Parque G\u00fcell. Na parte superior, o texto &#8220;I \u2665 Barcelona&#8221; destaca o carinho que os visitantes sentem por esta magn\u00edfica cidade. A t\u00e9cnica utilizada no seu design real\u00e7a os tons brilhantes e os detalhes arquitet\u00f3nicos intrincados, captando a ess\u00eancia art\u00edstica do local.<\/p>\n<p>Este \u00edman n\u00e3o \u00e9 apenas um acess\u00f3rio decorativo para a casa, mas uma recorda\u00e7\u00e3o aut\u00eantica da riqueza cultural de Barcelona, que combina hist\u00f3ria, arte e modernidade. \u00c9 um presente ideal para quem procura recorda\u00e7\u00f5es representativas e de qualidade. Na Ol\u00e9 Mosaic, somos reconhecidos como distribuidores de recorda\u00e7\u00f5es por grosso, e este \u00edman de Barcelona \u00e9 uma excelente op\u00e7\u00e3o para lojas de presentes tur\u00edsticos que desejem oferecer produtos distintivos e memor\u00e1veis. Levar para casa um \u00edman da arquitetura barcelonesa \u00e9 uma forma maravilhosa de imortalizar momentos e experi\u00eancias vividas nesta fascinante cidade.<\/p>\n","protected":false},"excerpt":{"rendered":"<p>\u00cdman met\u00e1lico com uma vibrante panor\u00e2mica de Barcelona, de 8 cm. Este atraente \u00edman apresenta um design colorido que mostra a famosa Sagrada Fam\u00edlia e o emblem\u00e1tico mosaico do Park G\u00fcell, juntamente com o texto &#8220;I \u2665 Barcelona&#8221;. Com uma t\u00e9cnica que real\u00e7a os tons brilhantes e os detalhes arquitet\u00f3nicos, esta recorda\u00e7\u00e3o capta a ess\u00eancia art\u00edstica da cidade, tornando-a a lembran\u00e7a perfeita para os amantes de Barcelona.<\/p>\n","protected":false},"featured_media":11431,"template":"","meta":{"_acf_changed":false},"product_brand":[],"product_cat":[699],"product_tag":[],"class_list":{"0":"post-36640","1":"product","2":"type-product","3":"status-publish","4":"has-post-thumbnail","6":"product_cat-imanes","7":"pa_ciudad-barcelona","8":"pa_motivo-panoramas","9":"pa_pais-espana","11":"first","12":"instock","13":"shipping-taxable","14":"product-type-simple"},"acf":[],"_links":{"self":[{"href":"https:\/\/olemosaic.com\/pt-pt\/wp-json\/wp\/v2\/product\/36640","targetHints":{"allow":["GET"]}}],"collection":[{"href":"https:\/\/olemosaic.com\/pt-pt\/wp-json\/wp\/v2\/product"}],"about":[{"href":"https:\/\/olemosaic.com\/pt-pt\/wp-json\/wp\/v2\/types\/product"}],"wp:featuredmedia":[{"embeddable":true,"href":"https:\/\/olemosaic.com\/pt-pt\/wp-json\/wp\/v2\/media\/11431"}],"wp:attachment":[{"href":"https:\/\/olemosaic.com\/pt-pt\/wp-json\/wp\/v2\/media?parent=36640"}],"wp:term":[{"taxonomy":"product_brand","embeddable":true,"href":"https:\/\/olemosaic.com\/pt-pt\/wp-json\/wp\/v2\/product_brand?post=36640"},{"taxonomy":"product_cat","embeddable":true,"href":"https:\/\/olemosaic.com\/pt-pt\/wp-json\/wp\/v2\/product_cat?post=36640"},{"taxonomy":"product_tag","embeddable":true,"href":"https:\/\/olemosaic.com\/pt-pt\/wp-json\/wp\/v2\/product_tag?post=36640"}],"curies":[{"name":"wp","href":"https:\/\/api.w.org\/{rel}","templated":true}]}}