{"id":36639,"date":"2025-02-20T23:36:01","date_gmt":"2025-02-20T22:36:01","guid":{"rendered":"http:\/\/olemosaic.com\/producto\/iman-de-metal-panoramica-barcelona-negro-8-cm-6\/"},"modified":"2025-07-25T18:29:33","modified_gmt":"2025-07-25T16:29:33","slug":"iman-de-metal-panoramica-barcelona-preto-8-cm-6","status":"publish","type":"product","link":"https:\/\/olemosaic.com\/pt-pt\/produto\/iman-de-metal-panoramica-barcelona-preto-8-cm-6\/","title":{"rendered":"\u00cdman de metal. Panor\u00e2mica. Mosaico. Barcelona. Fundo preto. 8 cm."},"content":{"rendered":"<p>\u00cdman de metal com uma panor\u00e2mica de Barcelona que destaca a emblem\u00e1tica Sagrada Fam\u00edlia e o c\u00e9lebre Drag\u00e3o do Parque G\u00fcell. Este atraente \u00edman de 8 cm apresenta um design vibrante, real\u00e7ado por uma t\u00e9cnica de mosaico que capta a ess\u00eancia visual destes \u00edcones arquitet\u00f3nicos. A Sagrada Fam\u00edlia ergue-se majestosamente, com as suas torres altas e os seus detalhes intrincados em cores quentes que refletem o g\u00e9nio de Antoni Gaud\u00ed, enquanto o Drag\u00e3o do Parque G\u00fcell, com as suas cores azuis e verdes, acrescenta um toque l\u00fadico e distintivo ao design.<\/p>\n<p>O fundo preto enfatiza a vivacidade dos mosaicos, criando um efeito visual impactante que chama a aten\u00e7\u00e3o. A palavra \u00abBarcelona\u00bb \u00e9 apresentada em letras destacadas, transmitindo uma mensagem clara e direta da cidade que evoca esta obra-prima de arte e arquitetura. Este \u00edman n\u00e3o \u00e9 apenas um objeto decorativo, mas tamb\u00e9m uma recorda\u00e7\u00e3o aut\u00eantica e representativa da rica heran\u00e7a cultural de Barcelona. Perfeito para turistas que procuram recorda\u00e7\u00f5es de qualidade, este \u00edman de metal \u00e9 uma excelente escolha para lojas de presentes que desejem oferecer produtos que captem a ess\u00eancia da cidade. Na Ol\u00e9 Mosaic, como grossista de recorda\u00e7\u00f5es tur\u00edsticas, garantimos a autenticidade e o apelo de cada pe\u00e7a, assegurando experi\u00eancias memor\u00e1veis para os visitantes da Catalunha.<\/p>\n","protected":false},"excerpt":{"rendered":"<p>\u00cdman met\u00e1lico com uma colorida panor\u00e2mica de Barcelona, onde se destacam a ic\u00f3nica Sagrada Fam\u00edlia e o famoso Drag\u00e3o do Park G\u00fcell. Este atraente \u00edman de 8 cm apresenta um design vibrante e detalhado, com uma t\u00e9cnica de mosaico que real\u00e7a as cores intensas sobre um fundo preto. A palavra &#8220;Barcelona&#8221; em letras destacadas acrescenta um toque especial, tornando este \u00edman a recorda\u00e7\u00e3o perfeita para recordar a beleza arquitet\u00f3nica e cultural da cidade.<\/p>\n","protected":false},"featured_media":11424,"template":"","meta":{"_acf_changed":false},"product_brand":[],"product_cat":[699],"product_tag":[],"class_list":{"0":"post-36639","1":"product","2":"type-product","3":"status-publish","4":"has-post-thumbnail","6":"product_cat-imanes","7":"pa_ciudad-barcelona","8":"pa_motivo-panoramas","9":"pa_pais-espana","11":"first","12":"instock","13":"shipping-taxable","14":"product-type-simple"},"acf":[],"_links":{"self":[{"href":"https:\/\/olemosaic.com\/pt-pt\/wp-json\/wp\/v2\/product\/36639","targetHints":{"allow":["GET"]}}],"collection":[{"href":"https:\/\/olemosaic.com\/pt-pt\/wp-json\/wp\/v2\/product"}],"about":[{"href":"https:\/\/olemosaic.com\/pt-pt\/wp-json\/wp\/v2\/types\/product"}],"wp:featuredmedia":[{"embeddable":true,"href":"https:\/\/olemosaic.com\/pt-pt\/wp-json\/wp\/v2\/media\/11424"}],"wp:attachment":[{"href":"https:\/\/olemosaic.com\/pt-pt\/wp-json\/wp\/v2\/media?parent=36639"}],"wp:term":[{"taxonomy":"product_brand","embeddable":true,"href":"https:\/\/olemosaic.com\/pt-pt\/wp-json\/wp\/v2\/product_brand?post=36639"},{"taxonomy":"product_cat","embeddable":true,"href":"https:\/\/olemosaic.com\/pt-pt\/wp-json\/wp\/v2\/product_cat?post=36639"},{"taxonomy":"product_tag","embeddable":true,"href":"https:\/\/olemosaic.com\/pt-pt\/wp-json\/wp\/v2\/product_tag?post=36639"}],"curies":[{"name":"wp","href":"https:\/\/api.w.org\/{rel}","templated":true}]}}