{"id":36631,"date":"2025-02-20T23:36:00","date_gmt":"2025-02-20T22:36:00","guid":{"rendered":"http:\/\/olemosaic.com\/producto\/iman-de-metal-sagrada-familia-barcelona-8-cm-22\/"},"modified":"2025-07-25T18:40:49","modified_gmt":"2025-07-25T16:40:49","slug":"iman-de-metal-sagrada-familia-barcelona-8-cm-22-pt-pt","status":"publish","type":"product","link":"https:\/\/olemosaic.com\/pt-pt\/produto\/iman-de-metal-sagrada-familia-barcelona-8-cm-22-pt-pt\/","title":{"rendered":"\u00cdman de metal. Sagrada Fam\u00edlia. Mosaico. Gaud\u00ed. Barcelona. 8 cm."},"content":{"rendered":"<p>\u00cdman de metal com a ic\u00f3nica Sagrada Fam\u00edlia de Barcelona. Este atraente \u00edman mede 8 cm e apresenta uma vibrante ilustra\u00e7\u00e3o que captura a majestosa arquitetura de Antoni Gaud\u00ed, destacando a singularidade de um dos monumentos mais emblem\u00e1ticos de Barcelona. A pe\u00e7a real\u00e7a a grandiosidade da Sagrada Fam\u00edlia atrav\u00e9s das suas torres e detalhes, tudo isto adornado com uma paleta de mosaicos coloridos que simbolizam o esp\u00edrito art\u00edstico e a criatividade da cidade.<\/p>\n<p>O fundo azul brilhante proporciona um contraste harmonioso que real\u00e7a as caracter\u00edsticas distintivas do monumento, enquanto o texto &#8220;Barcelona&#8221;, com um design chamativo, acrescenta um toque de autenticidade e apelo visual. Este \u00edman n\u00e3o serve apenas como uma recorda\u00e7\u00e3o pr\u00e1tica da sua visita \u00e0 capital catal\u00e3, mas tamb\u00e9m se torna um presente perfeito para os amantes da arquitetura e da arte.<\/p>\n<p>Na Ol\u00e9 Mosaic, especializamo-nos na distribui\u00e7\u00e3o de souvenirs por grosso e este \u00edman da Sagrada Fam\u00edlia \u00e9 uma excelente op\u00e7\u00e3o para lojas de presentes tur\u00edsticos que procuram produtos representativos da cultura espanhola. \u00c9 uma pe\u00e7a que combina arte, funcionalidade e nostalgia, ideal para quem deseja levar um peda\u00e7o de Barcelona para casa. Com a nossa variedade de souvenirs, garantimos autenticidade e qualidade em cada um dos nossos artigos.<\/p>\n","protected":false},"excerpt":{"rendered":"<p>\u00cdman de metal com a emblem\u00e1tica Sagrada Fam\u00edlia de Barcelona, de 8 cm. Este \u00edman apresenta uma vibrante ilustra\u00e7\u00e3o que captura a majestosidade da arquitetura de Gaud\u00ed, com os seus coloridos detalhes em mosaico que simbolizam o esp\u00edrito art\u00edstico da cidade. O fundo azul real\u00e7a as torres e elementos distintivos do monumento, acompanhado do texto &#8220;Barcelona&#8221; num design chamativo. Ideal para recordar a sua visita ou como presente para os amantes da arquitetura.<\/p>\n","protected":false},"featured_media":11390,"template":"","meta":{"_acf_changed":false},"product_brand":[],"product_cat":[699],"product_tag":[],"class_list":{"0":"post-36631","1":"product","2":"type-product","3":"status-publish","4":"has-post-thumbnail","6":"product_cat-imanes","7":"pa_ciudad-barcelona","8":"pa_motivo-sagrada-familia","9":"pa_pais-espana","11":"first","12":"instock","13":"shipping-taxable","14":"product-type-simple"},"acf":[],"_links":{"self":[{"href":"https:\/\/olemosaic.com\/pt-pt\/wp-json\/wp\/v2\/product\/36631","targetHints":{"allow":["GET"]}}],"collection":[{"href":"https:\/\/olemosaic.com\/pt-pt\/wp-json\/wp\/v2\/product"}],"about":[{"href":"https:\/\/olemosaic.com\/pt-pt\/wp-json\/wp\/v2\/types\/product"}],"wp:featuredmedia":[{"embeddable":true,"href":"https:\/\/olemosaic.com\/pt-pt\/wp-json\/wp\/v2\/media\/11390"}],"wp:attachment":[{"href":"https:\/\/olemosaic.com\/pt-pt\/wp-json\/wp\/v2\/media?parent=36631"}],"wp:term":[{"taxonomy":"product_brand","embeddable":true,"href":"https:\/\/olemosaic.com\/pt-pt\/wp-json\/wp\/v2\/product_brand?post=36631"},{"taxonomy":"product_cat","embeddable":true,"href":"https:\/\/olemosaic.com\/pt-pt\/wp-json\/wp\/v2\/product_cat?post=36631"},{"taxonomy":"product_tag","embeddable":true,"href":"https:\/\/olemosaic.com\/pt-pt\/wp-json\/wp\/v2\/product_tag?post=36631"}],"curies":[{"name":"wp","href":"https:\/\/api.w.org\/{rel}","templated":true}]}}