{"id":36630,"date":"2025-02-20T22:36:00","date_gmt":"2025-02-20T22:36:00","guid":{"rendered":"http:\/\/olemosaic.com\/producto\/iman-de-metal-bailaora-malaga-negro-8-cm\/"},"modified":"2025-07-25T18:35:41","modified_gmt":"2025-07-25T16:35:41","slug":"iman-de-metal-bailarina-flamenco-malaga-preto-8-cm","status":"publish","type":"product","link":"https:\/\/olemosaic.com\/pt-pt\/produto\/iman-de-metal-bailarina-flamenco-malaga-preto-8-cm\/","title":{"rendered":"\u00cdman de metal. Bailarina de Flamenco. M\u00e1laga. Preto. 8 cm."},"content":{"rendered":"<p>\u00cdman met\u00e1lico com ilustra\u00e7\u00e3o de uma bailarina de flamenco, inspirado na tradi\u00e7\u00e3o cultural de M\u00e1laga. Este \u00edman, de 8 cm, apresenta uma vibrante representa\u00e7\u00e3o estilizada de uma mulher vestida com um espetacular vestido de folhos, repleto de tons coloridos que refletem a alegria e a energia do flamenco. A bailarina, com uma express\u00e3o radiante, adota uma pose dinamicamente elegante, destacando o seu vestido que se desenrola numa dan\u00e7a colorida e brilhante. O fundo preto real\u00e7a as cores vibrantes do vestido e, na parte superior, aprecia-se a palavra &#8220;M\u00e1laga&#8221; em letras chamativas, acrescentando um toque distintivo e facilmente reconhec\u00edvel ao \u00edman.<\/p>\n<p>Este souvenir n\u00e3o \u00e9 apenas uma representa\u00e7\u00e3o visual do folclore andaluz, mas tamb\u00e9m uma recorda\u00e7\u00e3o do rico patrim\u00f3nio cultural da regi\u00e3o de M\u00e1laga, famosa pela sua m\u00fasica, dan\u00e7a e tradi\u00e7\u00f5es flamencas. Oferecido pela Ol\u00e9 Mosaic, este \u00edman de bailarina \u00e9 uma excelente op\u00e7\u00e3o para lojas de presentes tur\u00edsticos, procurando atrair aqueles turistas que desejam levar consigo um peda\u00e7o da ess\u00eancia da Andaluzia. A combina\u00e7\u00e3o de arte e autenticidade neste produto torna-o um souvenir imprescind\u00edvel de M\u00e1laga, ideal para quem procura recorda\u00e7\u00f5es aut\u00eanticas que representem a sua experi\u00eancia em Espanha. Como grossistas de souvenirs, garantimos um produto que \u00e9 tanto funcional como uma pe\u00e7a de arte cultural.<\/p>\n","protected":false},"excerpt":{"rendered":"<p>\u00cdman met\u00e1lico com a ilustra\u00e7\u00e3o de uma bailarina de flamenco, inspirado na tradi\u00e7\u00e3o cultural de M\u00e1laga. Este \u00edman de 8 cm apresenta uma colorida e estilizada representa\u00e7\u00e3o de uma mulher com um vestido vibrante de folhos em diversos tons. O fundo preto real\u00e7a as cores brilhantes, enquanto a palavra &#8220;M\u00e1laga&#8221; se destaca em letras chamativas, tornando este \u00edman numa recorda\u00e7\u00e3o atraente e representativa do folclore andaluz.<\/p>\n","protected":false},"featured_media":10542,"template":"","meta":{"_acf_changed":false},"product_brand":[],"product_cat":[699],"product_tag":[],"class_list":{"0":"post-36630","1":"product","2":"type-product","3":"status-publish","4":"has-post-thumbnail","6":"product_cat-imanes","7":"pa_ciudad-malaga","8":"pa_motivo-dancarinos","9":"pa_pais-espana","11":"first","12":"instock","13":"shipping-taxable","14":"product-type-simple"},"acf":[],"_links":{"self":[{"href":"https:\/\/olemosaic.com\/pt-pt\/wp-json\/wp\/v2\/product\/36630","targetHints":{"allow":["GET"]}}],"collection":[{"href":"https:\/\/olemosaic.com\/pt-pt\/wp-json\/wp\/v2\/product"}],"about":[{"href":"https:\/\/olemosaic.com\/pt-pt\/wp-json\/wp\/v2\/types\/product"}],"wp:featuredmedia":[{"embeddable":true,"href":"https:\/\/olemosaic.com\/pt-pt\/wp-json\/wp\/v2\/media\/10542"}],"wp:attachment":[{"href":"https:\/\/olemosaic.com\/pt-pt\/wp-json\/wp\/v2\/media?parent=36630"}],"wp:term":[{"taxonomy":"product_brand","embeddable":true,"href":"https:\/\/olemosaic.com\/pt-pt\/wp-json\/wp\/v2\/product_brand?post=36630"},{"taxonomy":"product_cat","embeddable":true,"href":"https:\/\/olemosaic.com\/pt-pt\/wp-json\/wp\/v2\/product_cat?post=36630"},{"taxonomy":"product_tag","embeddable":true,"href":"https:\/\/olemosaic.com\/pt-pt\/wp-json\/wp\/v2\/product_tag?post=36630"}],"curies":[{"name":"wp","href":"https:\/\/api.w.org\/{rel}","templated":true}]}}