{"id":36629,"date":"2025-02-20T22:36:00","date_gmt":"2025-02-20T22:36:00","guid":{"rendered":"http:\/\/olemosaic.com\/producto\/iman-de-metal-bulldog-barcelona-plata-8-cm\/"},"modified":"2025-07-25T20:12:48","modified_gmt":"2025-07-25T18:12:48","slug":"iman-de-metal-bulldog-barcelona-prata-8-cm","status":"publish","type":"product","link":"https:\/\/olemosaic.com\/pt-pt\/produto\/iman-de-metal-bulldog-barcelona-prata-8-cm\/","title":{"rendered":"\u00cdman de metal. Bulldog. Barcelona. Prata. 8 cm."},"content":{"rendered":"<p>\u00cdman met\u00e1lico com a figura de um bulldog, inspirado no vibrante ambiente de Barcelona. Este atraente \u00edman, de 8 cm, apresenta um design colorido que recorda os ic\u00f3nicos mosaicos da cidade, famosa pela sua arquitetura modernista e pela sua arte singular. A figura do bulldog \u00e9 desenhada em tons vivos de vermelho, amarelo, verde e azul, criando um contraste chamativo sobre um fundo branco que destaca a sua originalidade. Na parte superior, o texto &#8220;Barcelona&#8221; acrescenta um toque distintivo e evocativo, tornando este \u00edman na recorda\u00e7\u00e3o perfeita para quem visita a cidade.<\/p>\n<p>Este souvenir de Barcelona n\u00e3o s\u00f3 captura a ess\u00eancia da sua cultura diversa e alegre, como tamb\u00e9m real\u00e7a o simbolismo do bulldog, reconhecido como uma das ra\u00e7as favoritas dos barceloneses. Com o seu acabamento em metal resistente, este \u00edman \u00e9 ideal para decorar qualquer superf\u00edcie met\u00e1lica e recordar esses momentos especiais na Cidade Condal. Na Ol\u00e9 Mosaic, como distribuidores de souvenirs por grosso, oferecemos este \u00edman de bulldog como uma excelente op\u00e7\u00e3o para lojas de presentes tur\u00edsticos que procuram produtos aut\u00eanticos e representativos. \u00c9 uma recorda\u00e7\u00e3o perfeita e uma forma acess\u00edvel de levar um peda\u00e7o de Barcelona para casa.<\/p>\n","protected":false},"excerpt":{"rendered":"<p>\u00cdman met\u00e1lico com a figura de um bulldog, inspirado no ambiente emblem\u00e1tico de Barcelona. Com um design vibrante em cores que evocam a arte do mosaico, este \u00edman, de 8 cm, destaca-se pelo seu acabamento em tons vivos, como o vermelho, o amarelo, o verde e o azul, que criam um atraente contraste sobre um fundo branco. Na parte superior, o texto &#8220;Barcelona&#8221; confere um toque distintivo a esta recorda\u00e7\u00e3o original.<\/p>\n","protected":false},"featured_media":12857,"template":"","meta":{"_acf_changed":false},"product_brand":[],"product_cat":[699],"product_tag":[],"class_list":{"0":"post-36629","1":"product","2":"type-product","3":"status-publish","4":"has-post-thumbnail","6":"product_cat-imanes","7":"pa_ciudad-barcelona","8":"pa_motivo-bulldogs","9":"pa_pais-espana","11":"first","12":"instock","13":"shipping-taxable","14":"product-type-simple"},"acf":[],"_links":{"self":[{"href":"https:\/\/olemosaic.com\/pt-pt\/wp-json\/wp\/v2\/product\/36629","targetHints":{"allow":["GET"]}}],"collection":[{"href":"https:\/\/olemosaic.com\/pt-pt\/wp-json\/wp\/v2\/product"}],"about":[{"href":"https:\/\/olemosaic.com\/pt-pt\/wp-json\/wp\/v2\/types\/product"}],"wp:featuredmedia":[{"embeddable":true,"href":"https:\/\/olemosaic.com\/pt-pt\/wp-json\/wp\/v2\/media\/12857"}],"wp:attachment":[{"href":"https:\/\/olemosaic.com\/pt-pt\/wp-json\/wp\/v2\/media?parent=36629"}],"wp:term":[{"taxonomy":"product_brand","embeddable":true,"href":"https:\/\/olemosaic.com\/pt-pt\/wp-json\/wp\/v2\/product_brand?post=36629"},{"taxonomy":"product_cat","embeddable":true,"href":"https:\/\/olemosaic.com\/pt-pt\/wp-json\/wp\/v2\/product_cat?post=36629"},{"taxonomy":"product_tag","embeddable":true,"href":"https:\/\/olemosaic.com\/pt-pt\/wp-json\/wp\/v2\/product_tag?post=36629"}],"curies":[{"name":"wp","href":"https:\/\/api.w.org\/{rel}","templated":true}]}}