{"id":36623,"date":"2025-02-20T23:36:00","date_gmt":"2025-02-20T22:36:00","guid":{"rendered":"http:\/\/olemosaic.com\/producto\/iman-de-metal-toro-malaga-negro-8-cm-2\/"},"modified":"2025-07-25T20:13:16","modified_gmt":"2025-07-25T18:13:16","slug":"iman-de-metal-touro-malaga-preto-8-cm-2","status":"publish","type":"product","link":"https:\/\/olemosaic.com\/pt-pt\/produto\/iman-de-metal-touro-malaga-preto-8-cm-2\/","title":{"rendered":"\u00cdman de metal. Touro. Vermelho e amarelo. M\u00e1laga. Preto. 8 cm."},"content":{"rendered":"<p>\u00cdman de metal com o emblem\u00e1tico touro de M\u00e1laga, um s\u00edmbolo cultural que encarna a tradi\u00e7\u00e3o taurom\u00e1quica desta vibrante cidade andaluza. Com dimens\u00f5es de 8 cm, este \u00edman n\u00e3o s\u00f3 \u00e9 funcional, como tamb\u00e9m se destaca pelo seu mosaico colorido em tons de vermelho e amarelo que, sobre um fundo preto, lhe confere um ar moderno e cativante. A figura do touro, ilustrada com uma t\u00e9cnica de mosaico, \u00e9 enriquecida com detalhes que captam a ess\u00eancia do esp\u00edrito espanhol, evocando a coragem e a paix\u00e3o inerentes \u00e0 cultura taurom\u00e1quica.<\/p>\n<p>A palavra &#8220;M\u00c1LAGA&#8221; encontra-se impressa em letras proeminentes, adicionando um toque distintivo e contempor\u00e2neo que complementa a est\u00e9tica geral do \u00edman. Este souvenir \u00e9 uma representa\u00e7\u00e3o aut\u00eantica da arte e da tradi\u00e7\u00e3o malaguenhas, ideal para os turistas que procuram uma recorda\u00e7\u00e3o significativa da sua visita. Perfeito para aderir a qualquer superf\u00edcie met\u00e1lica, este \u00edman torna-se uma recorda\u00e7\u00e3o quotidiana da rica heran\u00e7a cultural e art\u00edstica da regi\u00e3o.<\/p>\n<p>Na Ol\u00e9 Mosaic, especializamo-nos na distribui\u00e7\u00e3o de souvenirs por grosso, oferecendo produtos como este \u00edman do touro que real\u00e7am a identidade de M\u00e1laga. \u00c9 uma op\u00e7\u00e3o ideal para lojas de presentes tur\u00edsticos que procuram produtos aut\u00eanticos e representativos da cultura espanhola, tornando-se um acess\u00f3rio perfeito para reviver as mem\u00f3rias de uma experi\u00eancia \u00fanica nesta fascinante cidade.<\/p>\n","protected":false},"excerpt":{"rendered":"<p>\u00cdman met\u00e1lico com o design ic\u00f3nico do touro, s\u00edmbolo cultural de Espanha e da tradi\u00e7\u00e3o taurom\u00e1quica malaguenha. Com os seus 8 cm de tamanho, este \u00edman destaca-se pelo mosaico colorido em tons de vermelho e amarelo sobre fundo preto, criando um efeito vibrante e chamativo. A palavra \u00abM\u00c1LAGA\u00bb sobressai em letras destacadas, conferindo um toque art\u00edstico e moderno, perfeito para recordar a ess\u00eancia da cidade.<\/p>\n","protected":false},"featured_media":9979,"template":"","meta":{"_acf_changed":false},"product_brand":[],"product_cat":[699],"product_tag":[516],"class_list":{"0":"post-36623","1":"product","2":"type-product","3":"status-publish","4":"has-post-thumbnail","6":"product_cat-imanes","7":"product_tag-animais","8":"pa_ciudad-malaga","9":"pa_motivo-touros","10":"pa_pais-espana","12":"first","13":"instock","14":"shipping-taxable","15":"product-type-simple"},"acf":[],"_links":{"self":[{"href":"https:\/\/olemosaic.com\/pt-pt\/wp-json\/wp\/v2\/product\/36623","targetHints":{"allow":["GET"]}}],"collection":[{"href":"https:\/\/olemosaic.com\/pt-pt\/wp-json\/wp\/v2\/product"}],"about":[{"href":"https:\/\/olemosaic.com\/pt-pt\/wp-json\/wp\/v2\/types\/product"}],"wp:featuredmedia":[{"embeddable":true,"href":"https:\/\/olemosaic.com\/pt-pt\/wp-json\/wp\/v2\/media\/9979"}],"wp:attachment":[{"href":"https:\/\/olemosaic.com\/pt-pt\/wp-json\/wp\/v2\/media?parent=36623"}],"wp:term":[{"taxonomy":"product_brand","embeddable":true,"href":"https:\/\/olemosaic.com\/pt-pt\/wp-json\/wp\/v2\/product_brand?post=36623"},{"taxonomy":"product_cat","embeddable":true,"href":"https:\/\/olemosaic.com\/pt-pt\/wp-json\/wp\/v2\/product_cat?post=36623"},{"taxonomy":"product_tag","embeddable":true,"href":"https:\/\/olemosaic.com\/pt-pt\/wp-json\/wp\/v2\/product_tag?post=36623"}],"curies":[{"name":"wp","href":"https:\/\/api.w.org\/{rel}","templated":true}]}}