{"id":36622,"date":"2025-02-20T23:36:00","date_gmt":"2025-02-20T22:36:00","guid":{"rendered":"http:\/\/olemosaic.com\/producto\/iman-de-metal-gato-barcelona-negro-8-cm-2\/"},"modified":"2025-07-25T19:40:01","modified_gmt":"2025-07-25T17:40:01","slug":"iman-de-metal-gato-barcelona-preto-8-cm-2","status":"publish","type":"product","link":"https:\/\/olemosaic.com\/pt-pt\/produto\/iman-de-metal-gato-barcelona-preto-8-cm-2\/","title":{"rendered":"\u00cdman de metal. Gato. Barcelona. Fundo preto. 8 cm."},"content":{"rendered":"<p>\u00cdman met\u00e1lico com design de um gato inspirado na arte de mosaico de Barcelona. Este colorido \u00edman, de 8 cm, \u00e9 uma representa\u00e7\u00e3o vibrante da cultura catal\u00e3, apresentando um gato rodeado por uma paleta de cores que inclui azuis, vermelhos e amarelos, dispostos em formas geom\u00e9tricas que evocam o famoso estilo de mosaicos da cidade. A imagem do gato, com grandes olhos cativantes e um corpo que mistura fluidamente os tons, reflete a ess\u00eancia art\u00edstica de Barcelona, onde a arte e a vida quotidiana se entrela\u00e7am. A base preta do \u00edman real\u00e7a ainda mais o design colorido, criando um contraste visual que o faz destacar-se em qualquer superf\u00edcie met\u00e1lica. Na parte superior, o nome &#8220;Barcelona&#8221; impresso de forma elegante proporciona um toque de autenticidade que o torna um souvenir perfeito para os visitantes que desejam levar uma recorda\u00e7\u00e3o da cidade. Este \u00edman n\u00e3o \u00e9 apenas um objeto decorativo, mas uma pe\u00e7a cultural que liga quem o adquire \u00e0 criatividade art\u00edstica de Barcelona. Ideal para turistas que procuram souvenirs representativos, este \u00edman de gato \u00e9 uma excelente op\u00e7\u00e3o que pode ser facilmente oferecida por lojas de presentes tur\u00edsticos. Na Ol\u00e9 Mosaic, como grossistas de souvenirs de Barcelona, garantimos a autenticidade e o design em cada um dos nossos produtos.<\/p>\n","protected":false},"excerpt":{"rendered":"<p>\u00cdman met\u00e1lico com o design de um gato inspirado na arte do mosaico barcelon\u00eas. Com um tamanho de 8 cm, este \u00edman apresenta uma vibrante paleta de cores \u2014 azuis, vermelhos e amarelos \u2014 em formas geom\u00e9tricas, que real\u00e7am a ic\u00f3nica figura felina. A base preta real\u00e7a o design colorido, enquanto o nome \u00abBarcelona\u00bb impresso na parte superior adiciona um toque de autenticidade. \u00c9 o souvenir ideal para quem deseja levar consigo um pedacinho da cultura catal\u00e3.<\/p>\n","protected":false},"featured_media":7910,"template":"","meta":{"_acf_changed":false},"product_brand":[],"product_cat":[699],"product_tag":[516],"class_list":{"0":"post-36622","1":"product","2":"type-product","3":"status-publish","4":"has-post-thumbnail","6":"product_cat-imanes","7":"product_tag-animais","8":"pa_ciudad-barcelona","9":"pa_motivo-gatos","10":"pa_pais-espana","12":"first","13":"instock","14":"shipping-taxable","15":"product-type-simple"},"acf":[],"_links":{"self":[{"href":"https:\/\/olemosaic.com\/pt-pt\/wp-json\/wp\/v2\/product\/36622","targetHints":{"allow":["GET"]}}],"collection":[{"href":"https:\/\/olemosaic.com\/pt-pt\/wp-json\/wp\/v2\/product"}],"about":[{"href":"https:\/\/olemosaic.com\/pt-pt\/wp-json\/wp\/v2\/types\/product"}],"wp:featuredmedia":[{"embeddable":true,"href":"https:\/\/olemosaic.com\/pt-pt\/wp-json\/wp\/v2\/media\/7910"}],"wp:attachment":[{"href":"https:\/\/olemosaic.com\/pt-pt\/wp-json\/wp\/v2\/media?parent=36622"}],"wp:term":[{"taxonomy":"product_brand","embeddable":true,"href":"https:\/\/olemosaic.com\/pt-pt\/wp-json\/wp\/v2\/product_brand?post=36622"},{"taxonomy":"product_cat","embeddable":true,"href":"https:\/\/olemosaic.com\/pt-pt\/wp-json\/wp\/v2\/product_cat?post=36622"},{"taxonomy":"product_tag","embeddable":true,"href":"https:\/\/olemosaic.com\/pt-pt\/wp-json\/wp\/v2\/product_tag?post=36622"}],"curies":[{"name":"wp","href":"https:\/\/api.w.org\/{rel}","templated":true}]}}