{"id":36621,"date":"2025-02-20T22:35:59","date_gmt":"2025-02-20T22:35:59","guid":{"rendered":"http:\/\/olemosaic.com\/producto\/iman-de-metal-flamenco-negro-8-cm\/"},"modified":"2025-07-25T20:08:38","modified_gmt":"2025-07-25T18:08:38","slug":"iman-de-metal-flamingo-preto-8-cm","status":"publish","type":"product","link":"https:\/\/olemosaic.com\/pt-pt\/produto\/iman-de-metal-flamingo-preto-8-cm\/","title":{"rendered":"\u00cdman de metal. Flamingo. Preto. 8 cm."},"content":{"rendered":"<p>\u00cdman de metal com design de flamingos &#8211; Souvenir de Espanha<\/p>\n<p>Este \u00edman de metal, com um design vibrante de dois flamingos numa postura amorosa, \u00e9 a recorda\u00e7\u00e3o ideal para capturar a ess\u00eancia das regi\u00f5es costeiras espanholas. Com os seus 8 cm, o \u00edman destaca-se pelo seu mosaico de tons rosa, vermelho e laranja sobre um fundo preto, que acentua a beleza e eleg\u00e2ncia destas emblem\u00e1ticas aves. Os flamingos s\u00e3o uma representa\u00e7\u00e3o ic\u00f3nica da natureza espanhola, simbolizando a harmonia e a beleza natural que caracteriza os seus habitats.<\/p>\n<p>A ilustra\u00e7\u00e3o, cheia de cor e detalhe, evoca as tradi\u00e7\u00f5es culturais e o folclore das zonas costeiras, onde os flamingos vivem em liberdade. Oferecer ou ter este \u00edman n\u00e3o \u00e9 apenas uma forma de decorar o frigor\u00edfico ou qualquer superf\u00edcie met\u00e1lica, mas tamb\u00e9m uma maneira de levar um pedacinho do calor do sol espanhol para casa.<\/p>\n<p>A Ol\u00e9 Mosaic oferece este distintivo souvenir de flamingos, perfeito para turistas que procuram uma recorda\u00e7\u00e3o aut\u00eantica que represente a cultura e beleza de Espanha. Este \u00edman \u00e9 ideal para lojas de presentes tur\u00edsticos que procuram produtos que realcem a tradi\u00e7\u00e3o e o apelo das regi\u00f5es locais. Como distribuidores de souvenirs por grosso, garantimos a qualidade e autenticidade de cada pe\u00e7a.<\/p>\n","protected":false},"excerpt":{"rendered":"<p>\u00cdman met\u00e1lico com um design colorido de flamingos, que representa duas aves numa postura amorosa. Este \u00edman, de 8 cm, exibe um vibrante mosaico de tons rosa, vermelho e laranja sobre um fundo preto, que real\u00e7a a beleza destes emblem\u00e1ticos p\u00e1ssaros. Perfeito para decorar o seu frigor\u00edfico ou qualquer superf\u00edcie met\u00e1lica, evoca o esp\u00edrito vibrante das regi\u00f5es costeiras de Espanha, onde os flamingos s\u00e3o um s\u00edmbolo da natureza local.<\/p>\n","protected":false},"featured_media":6959,"template":"","meta":{"_acf_changed":false},"product_brand":[],"product_cat":[699],"product_tag":[516],"class_list":{"0":"post-36621","1":"product","2":"type-product","3":"status-publish","4":"has-post-thumbnail","6":"product_cat-imanes","7":"product_tag-animais","8":"pa_motivo-flamingos","10":"first","11":"instock","12":"shipping-taxable","13":"product-type-simple"},"acf":[],"_links":{"self":[{"href":"https:\/\/olemosaic.com\/pt-pt\/wp-json\/wp\/v2\/product\/36621","targetHints":{"allow":["GET"]}}],"collection":[{"href":"https:\/\/olemosaic.com\/pt-pt\/wp-json\/wp\/v2\/product"}],"about":[{"href":"https:\/\/olemosaic.com\/pt-pt\/wp-json\/wp\/v2\/types\/product"}],"wp:featuredmedia":[{"embeddable":true,"href":"https:\/\/olemosaic.com\/pt-pt\/wp-json\/wp\/v2\/media\/6959"}],"wp:attachment":[{"href":"https:\/\/olemosaic.com\/pt-pt\/wp-json\/wp\/v2\/media?parent=36621"}],"wp:term":[{"taxonomy":"product_brand","embeddable":true,"href":"https:\/\/olemosaic.com\/pt-pt\/wp-json\/wp\/v2\/product_brand?post=36621"},{"taxonomy":"product_cat","embeddable":true,"href":"https:\/\/olemosaic.com\/pt-pt\/wp-json\/wp\/v2\/product_cat?post=36621"},{"taxonomy":"product_tag","embeddable":true,"href":"https:\/\/olemosaic.com\/pt-pt\/wp-json\/wp\/v2\/product_tag?post=36621"}],"curies":[{"name":"wp","href":"https:\/\/api.w.org\/{rel}","templated":true}]}}