{"id":36619,"date":"2025-02-20T22:35:59","date_gmt":"2025-02-20T22:35:59","guid":{"rendered":"http:\/\/olemosaic.com\/producto\/iman-de-metal-caballito-de-mar-plata-8-cm\/"},"modified":"2025-07-25T19:43:42","modified_gmt":"2025-07-25T17:43:42","slug":"iman-de-metal-cavalo-marinho-prata-8-cm","status":"publish","type":"product","link":"https:\/\/olemosaic.com\/pt-pt\/produto\/iman-de-metal-cavalo-marinho-prata-8-cm\/","title":{"rendered":"\u00cdman de metal. Cavalo-marinho. Prata. 8 cm."},"content":{"rendered":"<p>\u00cdman met\u00e1lico com design de cavalos-marinhos, ideal para evocar a beleza marinha de Espanha. Este atraente \u00edman, de 8 cm, apresenta uma ilustra\u00e7\u00e3o vibrante que capta a ess\u00eancia do mundo submarino em cores vivas. A imagem mostra tr\u00eas cavalos-marinhos em tons deslumbrantes de azul, verde, vermelho e amarelo, sobre um fundo que simula um mosaico, evocando os preciosos azulejos da tradi\u00e7\u00e3o art\u00edstica espanhola. O design art\u00edstico n\u00e3o s\u00f3 embeleza qualquer superf\u00edcie met\u00e1lica, como tamb\u00e9m \u00e9 uma recorda\u00e7\u00e3o do ambiente marinho que rodeia as costas espanholas, especialmente em regi\u00f5es como a Andaluzia e a Costa Brava, onde estes encantadores seres marinhos s\u00e3o um s\u00edmbolo da vida no mar. Este \u00edman \u00e9 uma decora\u00e7\u00e3o funcional para o seu frigor\u00edfico e, al\u00e9m disso, uma recorda\u00e7\u00e3o encantadora que reflete a autenticidade e o colorido da cultura espanhola. Na Ol\u00e9 Mosaic, oferecemos este e outros souvenirs de qualidade por grosso, ideais para lojas de presentes tur\u00edsticos que procuram produtos representativos e atraentes para os visitantes. Este \u00edman de cavalos-marinhos \u00e9 uma op\u00e7\u00e3o perfeita para quem deseja levar um pedacinho do mar espanhol para casa.<\/p>\n","protected":false},"excerpt":{"rendered":"<p>\u00cdman met\u00e1lico com design de cavalos-marinhos, perfeito para recordar a beleza do mar em Espanha. Com um tamanho de 8 cm, este colorido \u00edman apresenta uma ilustra\u00e7\u00e3o vibrante de tr\u00eas cavalos-marinhos em tons de azul, verde, vermelho e amarelo, sobre um fundo que simula um mosaico. Ideal para decorar o seu frigor\u00edfico ou como presente, capta a ess\u00eancia do ambiente marinho espanhol com o seu design art\u00edstico e atraente.<\/p>\n","protected":false},"featured_media":11453,"template":"","meta":{"_acf_changed":false},"product_brand":[],"product_cat":[699],"product_tag":[516],"class_list":{"0":"post-36619","1":"product","2":"type-product","3":"status-publish","4":"has-post-thumbnail","6":"product_cat-imanes","7":"product_tag-animais","8":"pa_motivo-cavalos-marinhos","10":"first","11":"instock","12":"shipping-taxable","13":"product-type-simple"},"acf":[],"_links":{"self":[{"href":"https:\/\/olemosaic.com\/pt-pt\/wp-json\/wp\/v2\/product\/36619","targetHints":{"allow":["GET"]}}],"collection":[{"href":"https:\/\/olemosaic.com\/pt-pt\/wp-json\/wp\/v2\/product"}],"about":[{"href":"https:\/\/olemosaic.com\/pt-pt\/wp-json\/wp\/v2\/types\/product"}],"wp:featuredmedia":[{"embeddable":true,"href":"https:\/\/olemosaic.com\/pt-pt\/wp-json\/wp\/v2\/media\/11453"}],"wp:attachment":[{"href":"https:\/\/olemosaic.com\/pt-pt\/wp-json\/wp\/v2\/media?parent=36619"}],"wp:term":[{"taxonomy":"product_brand","embeddable":true,"href":"https:\/\/olemosaic.com\/pt-pt\/wp-json\/wp\/v2\/product_brand?post=36619"},{"taxonomy":"product_cat","embeddable":true,"href":"https:\/\/olemosaic.com\/pt-pt\/wp-json\/wp\/v2\/product_cat?post=36619"},{"taxonomy":"product_tag","embeddable":true,"href":"https:\/\/olemosaic.com\/pt-pt\/wp-json\/wp\/v2\/product_tag?post=36619"}],"curies":[{"name":"wp","href":"https:\/\/api.w.org\/{rel}","templated":true}]}}