{"id":36617,"date":"2025-02-20T22:35:59","date_gmt":"2025-02-20T22:35:59","guid":{"rendered":"http:\/\/olemosaic.com\/producto\/iman-de-metal-toro-alicante-plata-8-cm\/"},"modified":"2025-07-25T18:42:57","modified_gmt":"2025-07-25T16:42:57","slug":"iman-de-metal-touro-alicante-prata-8-cm","status":"publish","type":"product","link":"https:\/\/olemosaic.com\/pt-pt\/produto\/iman-de-metal-touro-alicante-prata-8-cm\/","title":{"rendered":"\u00cdman de metal. Touro. Alicante. Prata. 8 cm."},"content":{"rendered":"<p>\u00cdman de metal colorido com forma de touro, um s\u00edmbolo emblem\u00e1tico da cultura espanhola, especialmente da regi\u00e3o de Alicante. Este vibrante \u00edman de 8 cm, elaborado em metal de alta qualidade, apresenta um design estilo mosaico que capta a ess\u00eancia do folclore espanhol. Os brilhantes tons de azul, amarelo, vermelho e verde real\u00e7am a figura do touro, dando-lhe uma apar\u00eancia din\u00e2mica e alegre que evoca a vivacidade das festas e tradi\u00e7\u00f5es alicantinas.<\/p>\n<p>O fundo do \u00edman, com um padr\u00e3o branco e texturas subtis, real\u00e7a a figura do touro, representado com um estilo moderno, atraente e cheio de car\u00e1cter. A palavra &#8220;ALICANTE&#8221;, impressa com um estilo arco-\u00edris, confere um toque contempor\u00e2neo e festivo que complementa a obra, fazendo deste \u00edman uma pe\u00e7a colecion\u00e1vel que ressoa tanto entre os residentes como entre os visitantes.<\/p>\n<p>Este \u00edman n\u00e3o \u00e9 apenas um souvenir perfeito para recordar uma visita a Alicante, mas tamb\u00e9m representa a rica cultura taurom\u00e1quica, parte essencial da identidade espanhola. Na Ol\u00e9 Mosaic, especializamo-nos em oferecer souvenirs \u00fanicos e aut\u00eanticos, ideais para lojas de presentes tur\u00edsticos que procuram destacar a tradi\u00e7\u00e3o e a arte de Espanha. Este \u00edman de touro \u00e9 uma excelente op\u00e7\u00e3o para quem procura uma recorda\u00e7\u00e3o moderna e representativa da ess\u00eancia de Alicante.<\/p>\n","protected":false},"excerpt":{"rendered":"<p>\u00cdman de metal de 8 cm que representa um colorido touro, um s\u00edmbolo emblem\u00e1tico da cultura espanhola, especialmente da regi\u00e3o de Alicante. Este design vibrante, de estilo mosaico, incorpora tons brilhantes que destacam os seus detalhes em azul, amarelo, vermelho e verde, captando a ess\u00eancia do folclore espanhol. O fundo branco, com um padr\u00e3o discreto, complementa a figura do touro, e a palavra &#8220;ALICANTE&#8221; \u00e9 impressa em chamativas cores arco-\u00edris, conferindo um toque moderno e atraente.<\/p>\n","protected":false},"featured_media":10019,"template":"","meta":{"_acf_changed":false},"product_brand":[],"product_cat":[699],"product_tag":[516],"class_list":{"0":"post-36617","1":"product","2":"type-product","3":"status-publish","4":"has-post-thumbnail","6":"product_cat-imanes","7":"product_tag-animais","8":"pa_ciudad-alicante","9":"pa_motivo-touros","10":"pa_pais-espana","12":"first","13":"instock","14":"shipping-taxable","15":"product-type-simple"},"acf":[],"_links":{"self":[{"href":"https:\/\/olemosaic.com\/pt-pt\/wp-json\/wp\/v2\/product\/36617","targetHints":{"allow":["GET"]}}],"collection":[{"href":"https:\/\/olemosaic.com\/pt-pt\/wp-json\/wp\/v2\/product"}],"about":[{"href":"https:\/\/olemosaic.com\/pt-pt\/wp-json\/wp\/v2\/types\/product"}],"wp:featuredmedia":[{"embeddable":true,"href":"https:\/\/olemosaic.com\/pt-pt\/wp-json\/wp\/v2\/media\/10019"}],"wp:attachment":[{"href":"https:\/\/olemosaic.com\/pt-pt\/wp-json\/wp\/v2\/media?parent=36617"}],"wp:term":[{"taxonomy":"product_brand","embeddable":true,"href":"https:\/\/olemosaic.com\/pt-pt\/wp-json\/wp\/v2\/product_brand?post=36617"},{"taxonomy":"product_cat","embeddable":true,"href":"https:\/\/olemosaic.com\/pt-pt\/wp-json\/wp\/v2\/product_cat?post=36617"},{"taxonomy":"product_tag","embeddable":true,"href":"https:\/\/olemosaic.com\/pt-pt\/wp-json\/wp\/v2\/product_tag?post=36617"}],"curies":[{"name":"wp","href":"https:\/\/api.w.org\/{rel}","templated":true}]}}