{"id":36616,"date":"2025-02-20T22:35:59","date_gmt":"2025-02-20T22:35:59","guid":{"rendered":"http:\/\/olemosaic.com\/producto\/iman-de-metal-delfin-plata-8-cm\/"},"modified":"2025-07-25T20:07:17","modified_gmt":"2025-07-25T18:07:17","slug":"iman-de-metal-golfinho-prata-8-cm","status":"publish","type":"product","link":"https:\/\/olemosaic.com\/pt-pt\/produto\/iman-de-metal-golfinho-prata-8-cm\/","title":{"rendered":"\u00cdman de metal. Golfinho. Prata. 8 cm."},"content":{"rendered":"<p>\u00cdman met\u00e1lico de design colorido com golfinhos. Este atraente \u00edman, de 8 cm de altura, \u00e9 uma magn\u00edfica representa\u00e7\u00e3o do mundo marinho, que capta a energia e alegria dos golfinhos a saltar sobre as ondas. A ilustra\u00e7\u00e3o apresenta um mosaico vibrante em tons de azul, amarelo, vermelho e verde, criando uma obra visual que recorda as t\u00e9cnicas art\u00edsticas tradicionais da regi\u00e3o mediterr\u00e2nica. Os golfinhos, em movimento din\u00e2mico, evocam a ess\u00eancia do litoral espanhol, rico em vida marinha e paisagens cativantes.<\/p>\n<p>O fundo, desenhado para simular o mar, acrescenta profundidade \u00e0 pe\u00e7a e sugere a frescura e o movimento do oceano. Este \u00edman n\u00e3o \u00e9 apenas um artigo decorativo, mas tamb\u00e9m uma recorda\u00e7\u00e3o aut\u00eantica que celebra a liga\u00e7\u00e3o cultural com o Mediterr\u00e2neo, popular entre os turistas que procuram souvenirs que representem a beleza e a vida marinha da costa espanhola. Na Ol\u00e9 Mosaic, compreendemos a import\u00e2ncia de oferecer souvenirs de alta qualidade, e este \u00edman met\u00e1lico \u00e9 uma excelente op\u00e7\u00e3o para lojas de presentes tur\u00edsticos que desejam apresentar uma pe\u00e7a original, atraente e significativa. Como grossista de souvenirs, garantimos a autenticidade e o valor cultural em cada um dos nossos produtos.<\/p>\n","protected":false},"excerpt":{"rendered":"<p>\u00cdman met\u00e1lico com um design colorido de golfinhos, de 8 cm de altura. Este atraente \u00edman apresenta um mosaico vibrante com golfinhos a saltar sobre as ondas, em tons de azul, amarelo, vermelho e verde, sobre um fundo que simula o mar. A sua t\u00e9cnica de design recorda as obras de arte em mosaico tradicionais, captando a ess\u00eancia do Mediterr\u00e2neo e tornando este souvenir numa pe\u00e7a \u00fanica para recordar a sua visita ao litoral espanhol.<\/p>\n","protected":false},"featured_media":12815,"template":"","meta":{"_acf_changed":false},"product_brand":[],"product_cat":[699],"product_tag":[516],"class_list":{"0":"post-36616","1":"product","2":"type-product","3":"status-publish","4":"has-post-thumbnail","6":"product_cat-imanes","7":"product_tag-animais","8":"pa_motivo-golfinhos","10":"first","11":"instock","12":"shipping-taxable","13":"product-type-simple"},"acf":[],"_links":{"self":[{"href":"https:\/\/olemosaic.com\/pt-pt\/wp-json\/wp\/v2\/product\/36616","targetHints":{"allow":["GET"]}}],"collection":[{"href":"https:\/\/olemosaic.com\/pt-pt\/wp-json\/wp\/v2\/product"}],"about":[{"href":"https:\/\/olemosaic.com\/pt-pt\/wp-json\/wp\/v2\/types\/product"}],"wp:featuredmedia":[{"embeddable":true,"href":"https:\/\/olemosaic.com\/pt-pt\/wp-json\/wp\/v2\/media\/12815"}],"wp:attachment":[{"href":"https:\/\/olemosaic.com\/pt-pt\/wp-json\/wp\/v2\/media?parent=36616"}],"wp:term":[{"taxonomy":"product_brand","embeddable":true,"href":"https:\/\/olemosaic.com\/pt-pt\/wp-json\/wp\/v2\/product_brand?post=36616"},{"taxonomy":"product_cat","embeddable":true,"href":"https:\/\/olemosaic.com\/pt-pt\/wp-json\/wp\/v2\/product_cat?post=36616"},{"taxonomy":"product_tag","embeddable":true,"href":"https:\/\/olemosaic.com\/pt-pt\/wp-json\/wp\/v2\/product_tag?post=36616"}],"curies":[{"name":"wp","href":"https:\/\/api.w.org\/{rel}","templated":true}]}}