{"id":36615,"date":"2025-02-20T23:35:58","date_gmt":"2025-02-20T22:35:58","guid":{"rendered":"http:\/\/olemosaic.com\/producto\/iman-de-madera-panoramica-madrid\/"},"modified":"2025-07-25T20:26:39","modified_gmt":"2025-07-25T18:26:39","slug":"iman-de-madeira-panoramica-madrid","status":"publish","type":"product","link":"https:\/\/olemosaic.com\/pt-pt\/produto\/iman-de-madeira-panoramica-madrid\/","title":{"rendered":"\u00cdman de madeira. Panor\u00e2mica. Madrid."},"content":{"rendered":"<p>\u00cdman de madeira panor\u00e2mico de Madrid, uma pe\u00e7a colorida e vibrante ideal para captar a ess\u00eancia da capital espanhola. Este atraente \u00edman apresenta uma ilustra\u00e7\u00e3o detalhada que re\u00fane alguns dos monumentos mais emblem\u00e1ticos de Madrid, como a majestosa Puerta de Alcal\u00e1, a ic\u00f3nica Plaza Mayor e o famoso urso e o medronheiro, todos eles estilizados num design pintado \u00e0 m\u00e3o que se destaca com cores brilhantes. O acabamento em madeira acrescenta um toque de calor e autenticidade, tornando este \u00edman numa recorda\u00e7\u00e3o perfeita que, al\u00e9m de adornar, evoca mem\u00f3rias inesquec\u00edveis das ruas de Madrid.<\/p>\n<p>A representa\u00e7\u00e3o destes monumentos n\u00e3o s\u00f3 oferece um panorama arquitet\u00f3nico, como tamb\u00e9m reflete a rica hist\u00f3ria e cultura da cidade. Cada vez que vir este \u00edman, recordar\u00e1 a vibrante vida madrilena, o bul\u00edcio das suas pra\u00e7as e a majestosidade dos seus edif\u00edcios. Esta recorda\u00e7\u00e3o \u00e9 uma excelente op\u00e7\u00e3o para turistas que desejam levar um pedacinho de Madrid e destaca-se como um presente ideal para amigos e familiares. Na Ol\u00e9 Mosaic, somos distribuidores de souvenirs por grosso, oferecendo este \u00edman e outros artigos representativos de cidades espanholas. Este \u00edman de Madrid n\u00e3o \u00e9 apenas uma recorda\u00e7\u00e3o colorida e decorativa, mas tamb\u00e9m uma express\u00e3o do patrim\u00f3nio cultural que merece um lugar especial em qualquer casa.<\/p>\n","protected":false},"excerpt":{"rendered":"<p>\u00cdman de madeira com uma atraente panor\u00e2mica de Madrid que representa alguns dos seus monumentos mais emblem\u00e1ticos. Este \u00edman colorido apresenta detalhes ilustrativos como a Puerta de Alcal\u00e1, a Plaza Mayor e o famoso urso e o medronheiro, tudo num design vibrante artesanal, pintado \u00e0 m\u00e3o. As cores brilhantes e as texturas visuais fazem deste \u00edman um souvenir ideal para recordar a ess\u00eancia da capital espanhola. Perfeito para adornar qualquer espa\u00e7o.<\/p>\n","protected":false},"featured_media":9565,"template":"","meta":{"_acf_changed":false},"product_brand":[],"product_cat":[699],"product_tag":[],"class_list":{"0":"post-36615","1":"product","2":"type-product","3":"status-publish","4":"has-post-thumbnail","6":"product_cat-imanes","7":"pa_ciudad-madrid","8":"pa_motivo-panoramas","9":"pa_pais-espana","11":"first","12":"instock","13":"shipping-taxable","14":"product-type-simple"},"acf":[],"_links":{"self":[{"href":"https:\/\/olemosaic.com\/pt-pt\/wp-json\/wp\/v2\/product\/36615","targetHints":{"allow":["GET"]}}],"collection":[{"href":"https:\/\/olemosaic.com\/pt-pt\/wp-json\/wp\/v2\/product"}],"about":[{"href":"https:\/\/olemosaic.com\/pt-pt\/wp-json\/wp\/v2\/types\/product"}],"wp:featuredmedia":[{"embeddable":true,"href":"https:\/\/olemosaic.com\/pt-pt\/wp-json\/wp\/v2\/media\/9565"}],"wp:attachment":[{"href":"https:\/\/olemosaic.com\/pt-pt\/wp-json\/wp\/v2\/media?parent=36615"}],"wp:term":[{"taxonomy":"product_brand","embeddable":true,"href":"https:\/\/olemosaic.com\/pt-pt\/wp-json\/wp\/v2\/product_brand?post=36615"},{"taxonomy":"product_cat","embeddable":true,"href":"https:\/\/olemosaic.com\/pt-pt\/wp-json\/wp\/v2\/product_cat?post=36615"},{"taxonomy":"product_tag","embeddable":true,"href":"https:\/\/olemosaic.com\/pt-pt\/wp-json\/wp\/v2\/product_tag?post=36615"}],"curies":[{"name":"wp","href":"https:\/\/api.w.org\/{rel}","templated":true}]}}