{"id":36581,"date":"2025-02-20T23:35:58","date_gmt":"2025-02-20T22:35:58","guid":{"rendered":"http:\/\/olemosaic.com\/producto\/iman-de-madera-toro-rojo\/"},"modified":"2025-07-25T18:57:04","modified_gmt":"2025-07-25T16:57:04","slug":"iman-de-madeira-touro-vermelho","status":"publish","type":"product","link":"https:\/\/olemosaic.com\/pt-pt\/produto\/iman-de-madeira-touro-vermelho\/","title":{"rendered":"\u00cdman de madeira. Touro. Vermelho."},"content":{"rendered":"<p>\u00cdman de madeira com forma de touro, um s\u00edmbolo emblem\u00e1tico de Espanha que capta a ess\u00eancia da sua rica cultura e tradi\u00e7\u00f5es. Este colorido \u00edman destaca-se pelo seu design vibrante em tons vermelhos, laranjas e amarelos, que simulam um mosaico, evocando as paredes dos edif\u00edcios hist\u00f3ricos espanh\u00f3is. A figura do touro, com efeito pintado \u00e0 m\u00e3o com meticulosidade, apresenta um acabamento brilhante que real\u00e7a as suas caracter\u00edsticas robustas e poderosas. A inclus\u00e3o da palavra &#8220;ESPANHA&#8221; em letras pretas acrescenta um toque moderno a esta representa\u00e7\u00e3o tradicional, tornando-o uma recorda\u00e7\u00e3o atraente e contempor\u00e2nea.<\/p>\n<p>Este \u00edman n\u00e3o s\u00f3 \u00e9 um acess\u00f3rio decorativo, como tamb\u00e9m um s\u00edmbolo da heran\u00e7a cultural de Espanha, onde o touro \u00e9 uma figura central em festividades e tradi\u00e7\u00f5es, como a famosa tauromaquia. Uma recorda\u00e7\u00e3o ideal para quem procura levar para casa um pedacinho da cultura espanhola. Este \u00edman \u00e9 perfeito para colecionadores ou como presente para amigos e familiares. Na Ol\u00e9 Mosaic, como grossista de recorda\u00e7\u00f5es aut\u00eanticas, oferecemos este \u00edman de touro e outros produtos que celebram a diversidade cultural de Espanha, assegurando que cada loja de presentes tur\u00edsticos possa oferecer artigos de qualidade que representem o nosso patrim\u00f3nio.<\/p>\n","protected":false},"excerpt":{"rendered":"<p>\u00cdman de madeira com forma de touro, que representa um s\u00edmbolo emblem\u00e1tico de Espanha. Este \u00edman destaca-se pelo seu design colorido em tons vermelhos, laranjas e amarelos, que simulam um mosaico vibrante. A figura do touro, com acabamento de design artesanal, pintado \u00e0 m\u00e3o, inclui a palavra &#8220;ESPANHA&#8221; em letras pretas, combinando tradi\u00e7\u00e3o e modernidade. Ideal para colecionadores e como recorda\u00e7\u00e3o de uma visita a terras espanholas.<\/p>\n","protected":false},"featured_media":9540,"template":"","meta":{"_acf_changed":false},"product_brand":[],"product_cat":[699],"product_tag":[516],"class_list":{"0":"post-36581","1":"product","2":"type-product","3":"status-publish","4":"has-post-thumbnail","6":"product_cat-imanes","7":"product_tag-animais","8":"pa_motivo-touros","10":"first","11":"instock","12":"shipping-taxable","13":"product-type-simple"},"acf":[],"_links":{"self":[{"href":"https:\/\/olemosaic.com\/pt-pt\/wp-json\/wp\/v2\/product\/36581","targetHints":{"allow":["GET"]}}],"collection":[{"href":"https:\/\/olemosaic.com\/pt-pt\/wp-json\/wp\/v2\/product"}],"about":[{"href":"https:\/\/olemosaic.com\/pt-pt\/wp-json\/wp\/v2\/types\/product"}],"wp:featuredmedia":[{"embeddable":true,"href":"https:\/\/olemosaic.com\/pt-pt\/wp-json\/wp\/v2\/media\/9540"}],"wp:attachment":[{"href":"https:\/\/olemosaic.com\/pt-pt\/wp-json\/wp\/v2\/media?parent=36581"}],"wp:term":[{"taxonomy":"product_brand","embeddable":true,"href":"https:\/\/olemosaic.com\/pt-pt\/wp-json\/wp\/v2\/product_brand?post=36581"},{"taxonomy":"product_cat","embeddable":true,"href":"https:\/\/olemosaic.com\/pt-pt\/wp-json\/wp\/v2\/product_cat?post=36581"},{"taxonomy":"product_tag","embeddable":true,"href":"https:\/\/olemosaic.com\/pt-pt\/wp-json\/wp\/v2\/product_tag?post=36581"}],"curies":[{"name":"wp","href":"https:\/\/api.w.org\/{rel}","templated":true}]}}