{"id":36580,"date":"2025-02-20T23:35:58","date_gmt":"2025-02-20T22:35:58","guid":{"rendered":"http:\/\/olemosaic.com\/producto\/iman-de-madera-guitarra-barcelona-3\/"},"modified":"2025-07-25T19:35:04","modified_gmt":"2025-07-25T17:35:04","slug":"iman-de-madeira-guitarra-barcelona-3","status":"publish","type":"product","link":"https:\/\/olemosaic.com\/pt-pt\/produto\/iman-de-madeira-guitarra-barcelona-3\/","title":{"rendered":"\u00cdman de madeira. Guitarra. Barcelona. Espanha."},"content":{"rendered":"<p>\u00cdman de madeira com forma de guitarra, inspirado na vibrante cultura musical de Barcelona. Esta atraente recorda\u00e7\u00e3o combina arte e tradi\u00e7\u00e3o. O seu design colorido evoca o emblem\u00e1tico estilo trencad\u00eds de Gaud\u00ed, com tonalidades vivas de azul, vermelho, amarelo e preto que adornam a sua superf\u00edcie, captando a ess\u00eancia criativa da cidade. No bra\u00e7o destaca-se a palavra &#8220;Barcelona&#8221;, um toque distintivo e memor\u00e1vel que o torna o presente ideal para quem deseja levar um peda\u00e7o desta fascinante cidade para casa.<\/p>\n<p>Este \u00edman com forma de guitarra \u00e9 um excelente exemplo da heran\u00e7a cultural barcelonesa, onde a m\u00fasica e a arte se entrela\u00e7am em cada esquina. A sua forma \u00fanica e os detalhes art\u00edsticos refletem a paix\u00e3o pela arte e pelo folclore local, tornando-o uma recorda\u00e7\u00e3o representativa da rica diversidade da regi\u00e3o. Perfeito para decorar qualquer superf\u00edcie met\u00e1lica, este \u00edman n\u00e3o s\u00f3 \u00e9 funcional, como tamb\u00e9m uma pe\u00e7a decorativa que real\u00e7a qualquer espa\u00e7o.<\/p>\n<p>Na Ol\u00e9 Mosaic, somos conhecidos pela nossa sele\u00e7\u00e3o de recorda\u00e7\u00f5es aut\u00eanticas, e este \u00edman de guitarra \u00e9 uma amostra perfeita da nossa oferta. Como distribuidores de recorda\u00e7\u00f5es por grosso, garantimos a qualidade e a relev\u00e2ncia cultural de cada pe\u00e7a, ideal para lojas de presentes tur\u00edsticos que procuram produtos \u00fanicos e significativos. Com o seu design atraente, este \u00edman de Barcelona ser\u00e1 um sucesso entre os turistas que desejem recordar a sua visita.<\/p>\n","protected":false},"excerpt":{"rendered":"<p>\u00cdman de madeira com forma de guitarra, inspirado na vibrante cultura musical de Barcelona. Este \u00edman apresenta um design colorido, com elementos de trencad\u00eds que evocam o famoso estilo de Gaud\u00ed, em tons azuis, vermelhos, amarelos e pretos. No bra\u00e7o destaca-se a palavra &#8220;Barcelona&#8221;, acrescentando um toque distintivo. \u00c9 perfeito para levar um peda\u00e7o de arte e m\u00fasica da cidade para casa, combinando funcionalidade e decora\u00e7\u00e3o art\u00edstica.<\/p>\n","protected":false},"featured_media":9546,"template":"","meta":{"_acf_changed":false},"product_brand":[],"product_cat":[699],"product_tag":[],"class_list":{"0":"post-36580","1":"product","2":"type-product","3":"status-publish","4":"has-post-thumbnail","6":"product_cat-imanes","7":"pa_ciudad-barcelona","8":"pa_motivo-guitarras","9":"pa_pais-espana","11":"first","12":"instock","13":"shipping-taxable","14":"product-type-simple"},"acf":[],"_links":{"self":[{"href":"https:\/\/olemosaic.com\/pt-pt\/wp-json\/wp\/v2\/product\/36580","targetHints":{"allow":["GET"]}}],"collection":[{"href":"https:\/\/olemosaic.com\/pt-pt\/wp-json\/wp\/v2\/product"}],"about":[{"href":"https:\/\/olemosaic.com\/pt-pt\/wp-json\/wp\/v2\/types\/product"}],"wp:featuredmedia":[{"embeddable":true,"href":"https:\/\/olemosaic.com\/pt-pt\/wp-json\/wp\/v2\/media\/9546"}],"wp:attachment":[{"href":"https:\/\/olemosaic.com\/pt-pt\/wp-json\/wp\/v2\/media?parent=36580"}],"wp:term":[{"taxonomy":"product_brand","embeddable":true,"href":"https:\/\/olemosaic.com\/pt-pt\/wp-json\/wp\/v2\/product_brand?post=36580"},{"taxonomy":"product_cat","embeddable":true,"href":"https:\/\/olemosaic.com\/pt-pt\/wp-json\/wp\/v2\/product_cat?post=36580"},{"taxonomy":"product_tag","embeddable":true,"href":"https:\/\/olemosaic.com\/pt-pt\/wp-json\/wp\/v2\/product_tag?post=36580"}],"curies":[{"name":"wp","href":"https:\/\/api.w.org\/{rel}","templated":true}]}}