{"id":36573,"date":"2025-02-20T22:35:57","date_gmt":"2025-02-20T22:35:57","guid":{"rendered":"http:\/\/olemosaic.com\/producto\/iman-de-madera-guitarra-barcelona\/"},"modified":"2025-07-25T18:46:40","modified_gmt":"2025-07-25T16:46:40","slug":"iman-de-madeira-guitarra-barcelona","status":"publish","type":"product","link":"https:\/\/olemosaic.com\/pt-pt\/produto\/iman-de-madeira-guitarra-barcelona\/","title":{"rendered":"\u00cdman de madeira. Guitarra. Barcelona."},"content":{"rendered":"<p>\u00cdman de madeira com forma de guitarra de Barcelona, uma bela representa\u00e7\u00e3o da vibrante arte e da rica cultura musical desta emblem\u00e1tica cidade. Este \u00edman, fabricado em madeira de alta qualidade, apresenta um design colorido que capta a ess\u00eancia do modernismo catal\u00e3o, evocando o estilo inconfund\u00edvel de Gaud\u00ed. A sua base branca est\u00e1 decorada com mosaicos em tons de verde, azul e vermelho, que conferem um ar fresco e alegre. A ilustra\u00e7\u00e3o da guitarra reflete n\u00e3o s\u00f3 o talento musical de Barcelona, mas tamb\u00e9m a sua paix\u00e3o pela arte, fazendo deste souvenir uma pe\u00e7a ideal para qualquer amante da m\u00fasica e da cultura.<\/p>\n<p>A palavra &#8220;Barcelona&#8221; destaca-se em letras chamativas no bra\u00e7o da guitarra, refor\u00e7ando a liga\u00e7\u00e3o com esta ic\u00f3nica cidade. Este \u00edman n\u00e3o \u00e9 apenas um objeto decorativo; \u00e9 uma excelente recorda\u00e7\u00e3o da vibrante vida cultural de Barcelona e do seu legado art\u00edstico. Na Ol\u00e9 Mosaic, especialistas na distribui\u00e7\u00e3o de souvenirs por grosso, este \u00edman de guitarra \u00e9 perfeito para lojas de presentes tur\u00edsticos que procuram um produto aut\u00eantico e atrativo. Ideal para os turistas que desejam levar um peda\u00e7o de Barcelona para casa, este \u00edman afirma-se como uma recorda\u00e7\u00e3o representativa e aut\u00eantica do esp\u00edrito criativo da cidade.<\/p>\n","protected":false},"excerpt":{"rendered":"<p>\u00cdman de madeira com forma de guitarra, inspirado na vibrante arte de Barcelona. Este \u00edman apresenta um design colorido com uma base branca decorada com mosaicos em tons de verde, azul e vermelho, que evocam o estilo de Gaud\u00ed. A guitarra est\u00e1 adornada com a palavra &#8220;Barcelona&#8221; em letras chamativas. Ideal para dar um toque art\u00edstico a qualquer superf\u00edcie, este souvenir \u00e9 uma homenagem \u00e0 rica cultura musical da cidade.<\/p>\n","protected":false},"featured_media":9545,"template":"","meta":{"_acf_changed":false},"product_brand":[],"product_cat":[699],"product_tag":[],"class_list":{"0":"post-36573","1":"product","2":"type-product","3":"status-publish","4":"has-post-thumbnail","6":"product_cat-imanes","7":"pa_ciudad-barcelona","8":"pa_motivo-guitarras","9":"pa_pais-espana","11":"first","12":"instock","13":"shipping-taxable","14":"product-type-simple"},"acf":[],"_links":{"self":[{"href":"https:\/\/olemosaic.com\/pt-pt\/wp-json\/wp\/v2\/product\/36573","targetHints":{"allow":["GET"]}}],"collection":[{"href":"https:\/\/olemosaic.com\/pt-pt\/wp-json\/wp\/v2\/product"}],"about":[{"href":"https:\/\/olemosaic.com\/pt-pt\/wp-json\/wp\/v2\/types\/product"}],"wp:featuredmedia":[{"embeddable":true,"href":"https:\/\/olemosaic.com\/pt-pt\/wp-json\/wp\/v2\/media\/9545"}],"wp:attachment":[{"href":"https:\/\/olemosaic.com\/pt-pt\/wp-json\/wp\/v2\/media?parent=36573"}],"wp:term":[{"taxonomy":"product_brand","embeddable":true,"href":"https:\/\/olemosaic.com\/pt-pt\/wp-json\/wp\/v2\/product_brand?post=36573"},{"taxonomy":"product_cat","embeddable":true,"href":"https:\/\/olemosaic.com\/pt-pt\/wp-json\/wp\/v2\/product_cat?post=36573"},{"taxonomy":"product_tag","embeddable":true,"href":"https:\/\/olemosaic.com\/pt-pt\/wp-json\/wp\/v2\/product_tag?post=36573"}],"curies":[{"name":"wp","href":"https:\/\/api.w.org\/{rel}","templated":true}]}}