{"id":36572,"date":"2025-02-20T23:35:57","date_gmt":"2025-02-20T22:35:57","guid":{"rendered":"http:\/\/olemosaic.com\/producto\/iman-de-madera-salamandra-y-flores-barcelona\/"},"modified":"2025-07-25T19:52:28","modified_gmt":"2025-07-25T17:52:28","slug":"iman-de-madeira-salamandra-e-flores-barcelona","status":"publish","type":"product","link":"https:\/\/olemosaic.com\/pt-pt\/produto\/iman-de-madeira-salamandra-e-flores-barcelona\/","title":{"rendered":"\u00cdman de madeira. Salamandra e flores. Barcelona."},"content":{"rendered":"<p>\u00cdman de madeira decorado com vibrantes salamandras e flores, inspirado no colorido de Barcelona. Este encantador \u00edman de madeira destaca-se pelo seu design pintado \u00e0 m\u00e3o, onde as salamandras, com a sua chamativa paleta de cores, parecem ganhar vida. As pe\u00e7as s\u00e3o adornadas com um mosaico que evoca a famosa obra de Antoni Gaud\u00ed, capturando a ess\u00eancia art\u00edstica da cidade. Rodeadas por uma moldura de flores multicolor, a decora\u00e7\u00e3o deste \u00edman evoca a vibrante flora que adorna as ruas de Barcelona, tornando-o numa recorda\u00e7\u00e3o \u00fanica e simb\u00f3lica. A palavra &#8220;Barcelona&#8221;, escrita com uma tipografia alegre, complementa o design, refor\u00e7ando a sua liga\u00e7\u00e3o com a metr\u00f3pole catal\u00e3. Este \u00edman n\u00e3o \u00e9 apenas um excelente souvenir, mas representa um fragmento da cultura e da arte de Barcelona, ideal para quem procura levar para casa um pouco da magia da cidade. Na Ol\u00e9 Mosaic, como distribuidores de souvenirs por grosso, oferecemos este \u00edman de salamandra como uma op\u00e7\u00e3o perfeita para lojas de presentes tur\u00edsticos que apreciam a autenticidade e o valor cultural dos seus produtos. Os souvenirs de Barcelona nunca foram t\u00e3o vibrantes e significativos.<\/p>\n","protected":false},"excerpt":{"rendered":"<p>\u00cdman de madeira decorado com vibrantes salamandras e flores, inspirado no colorido de Barcelona. Este encantador \u00edman apresenta um design artesanal, pintado \u00e0 m\u00e3o, que real\u00e7a os tons vivos das salamandras, adornadas com mosaicos, e emoldurado por um conjunto de flores multicolor. Com a palavra &#8220;Barcelona&#8221; numa tipografia alegre, \u00e9 a recorda\u00e7\u00e3o perfeita para capturar a ess\u00eancia art\u00edstica e cultural da cidade. Ideal para os amantes da decora\u00e7\u00e3o e dos souvenirs \u00fanicos.<\/p>\n","protected":false},"featured_media":9334,"template":"","meta":{"_acf_changed":false},"product_brand":[],"product_cat":[699],"product_tag":[516],"class_list":{"0":"post-36572","1":"product","2":"type-product","3":"status-publish","4":"has-post-thumbnail","6":"product_cat-imanes","7":"product_tag-animais","8":"pa_ciudad-barcelona","9":"pa_motivo-salamandras","10":"pa_pais-espana","12":"first","13":"instock","14":"shipping-taxable","15":"product-type-simple"},"acf":[],"_links":{"self":[{"href":"https:\/\/olemosaic.com\/pt-pt\/wp-json\/wp\/v2\/product\/36572","targetHints":{"allow":["GET"]}}],"collection":[{"href":"https:\/\/olemosaic.com\/pt-pt\/wp-json\/wp\/v2\/product"}],"about":[{"href":"https:\/\/olemosaic.com\/pt-pt\/wp-json\/wp\/v2\/types\/product"}],"wp:featuredmedia":[{"embeddable":true,"href":"https:\/\/olemosaic.com\/pt-pt\/wp-json\/wp\/v2\/media\/9334"}],"wp:attachment":[{"href":"https:\/\/olemosaic.com\/pt-pt\/wp-json\/wp\/v2\/media?parent=36572"}],"wp:term":[{"taxonomy":"product_brand","embeddable":true,"href":"https:\/\/olemosaic.com\/pt-pt\/wp-json\/wp\/v2\/product_brand?post=36572"},{"taxonomy":"product_cat","embeddable":true,"href":"https:\/\/olemosaic.com\/pt-pt\/wp-json\/wp\/v2\/product_cat?post=36572"},{"taxonomy":"product_tag","embeddable":true,"href":"https:\/\/olemosaic.com\/pt-pt\/wp-json\/wp\/v2\/product_tag?post=36572"}],"curies":[{"name":"wp","href":"https:\/\/api.w.org\/{rel}","templated":true}]}}