{"id":36571,"date":"2025-02-20T22:35:57","date_gmt":"2025-02-20T22:35:57","guid":{"rendered":"http:\/\/olemosaic.com\/producto\/iman-de-madera-salamandra-y-flores-fuerteventura\/"},"modified":"2025-07-25T19:39:56","modified_gmt":"2025-07-25T17:39:56","slug":"iman-de-madeira-salamandra-e-flores-fuerteventura","status":"publish","type":"product","link":"https:\/\/olemosaic.com\/pt-pt\/produto\/iman-de-madeira-salamandra-e-flores-fuerteventura\/","title":{"rendered":"\u00cdman de madeira. Salamandra e flores. Fuerteventura."},"content":{"rendered":"<p>\u00cdman de madeira decorado com salamandras e flores coloridas, inspirado na beleza natural de Fuerteventura. Este vibrante \u00edman \u00e9 uma representa\u00e7\u00e3o da exuberante vida nas Ilhas Can\u00e1rias, destacando um design cheio de cor onde duas salamandras, uma vermelha e outra azul, se entrela\u00e7am sobre um fundo de flores multicoloridas. A palavra \u201cFuerteventura\u201d apresenta-se de forma proeminente e atrativa, criando um souvenir distintivo que capta a ess\u00eancia da ilha.<\/p>\n<p>O uso de madeira no seu fabrico garante que cada \u00edman seja, al\u00e9m de um elemento decorativo, um s\u00edmbolo de sustentabilidade e autenticidade. As salamandras, uma refer\u00eancia da fauna local, acrescentam um toque org\u00e2nico que recorda a rica biodiversidade da ilha, enquanto as flores, aleg\u00f3ricas \u00e0 paisagem can\u00e1ria, conferem um ar fresco e vibrante. Este \u00edman \u00e9 ideal para adornar qualquer superf\u00edcie met\u00e1lica e funcionar como um lembrete constante das maravilhas que Fuerteventura oferece.<\/p>\n<p>Al\u00e9m disso, o seu apelo visual torna-o uma excelente op\u00e7\u00e3o para turistas que procuram souvenirs representativos e de qualidade. Na Ol\u00e9 Mosaic, somos distribuidores por grosso de aut\u00eanticos souvenirs das Ilhas Can\u00e1rias, e este \u00edman \u00e9 perfeito para lojas de presentes tur\u00edsticos que desejem oferecer uma experi\u00eancia \u00fanica e cultural aos seus clientes.<\/p>\n","protected":false},"excerpt":{"rendered":"<p>\u00cdman de madeira decorado com alegres salamandras e flores, inspirado na beleza natural de Fuerteventura. Este atrativo \u00edman apresenta um design vibrante, com duas salamandras vermelhas e azuis sobre um fundo floral multicolor. A palavra &#8220;Fuerteventura&#8221; destaca-se com uma tipografia apelativa, tornando-o numa recorda\u00e7\u00e3o distintiva que capta a ess\u00eancia das Ilhas Can\u00e1rias. Ideal para adornar qualquer superf\u00edcie met\u00e1lica e levar um pedacinho da ilha para casa.<\/p>\n","protected":false},"featured_media":11183,"template":"","meta":{"_acf_changed":false},"product_brand":[],"product_cat":[699],"product_tag":[516],"class_list":{"0":"post-36571","1":"product","2":"type-product","3":"status-publish","4":"has-post-thumbnail","6":"product_cat-imanes","7":"product_tag-animais","8":"pa_ciudad-fuerteventura","9":"pa_motivo-salamandras","10":"pa_pais-espana","12":"first","13":"instock","14":"shipping-taxable","15":"product-type-simple"},"acf":[],"_links":{"self":[{"href":"https:\/\/olemosaic.com\/pt-pt\/wp-json\/wp\/v2\/product\/36571","targetHints":{"allow":["GET"]}}],"collection":[{"href":"https:\/\/olemosaic.com\/pt-pt\/wp-json\/wp\/v2\/product"}],"about":[{"href":"https:\/\/olemosaic.com\/pt-pt\/wp-json\/wp\/v2\/types\/product"}],"wp:featuredmedia":[{"embeddable":true,"href":"https:\/\/olemosaic.com\/pt-pt\/wp-json\/wp\/v2\/media\/11183"}],"wp:attachment":[{"href":"https:\/\/olemosaic.com\/pt-pt\/wp-json\/wp\/v2\/media?parent=36571"}],"wp:term":[{"taxonomy":"product_brand","embeddable":true,"href":"https:\/\/olemosaic.com\/pt-pt\/wp-json\/wp\/v2\/product_brand?post=36571"},{"taxonomy":"product_cat","embeddable":true,"href":"https:\/\/olemosaic.com\/pt-pt\/wp-json\/wp\/v2\/product_cat?post=36571"},{"taxonomy":"product_tag","embeddable":true,"href":"https:\/\/olemosaic.com\/pt-pt\/wp-json\/wp\/v2\/product_tag?post=36571"}],"curies":[{"name":"wp","href":"https:\/\/api.w.org\/{rel}","templated":true}]}}