{"id":36569,"date":"2025-02-20T22:35:56","date_gmt":"2025-02-20T22:35:56","guid":{"rendered":"http:\/\/olemosaic.com\/producto\/iman-de-madera-salamandra-naranja\/"},"modified":"2025-07-25T18:59:58","modified_gmt":"2025-07-25T16:59:58","slug":"iman-de-madeira-salamandra-laranja","status":"publish","type":"product","link":"https:\/\/olemosaic.com\/pt-pt\/produto\/iman-de-madeira-salamandra-laranja\/","title":{"rendered":"\u00cdman de madeira. Salamandra. Laranja."},"content":{"rendered":"<p>\u00cdman de madeira com design de salamandra. Este vibrante \u00edman capta a ess\u00eancia da fauna espanhola, destacando-se pelo seu colorido mosaico em tons de laranja, vermelho, verde e amarelo, que imita os padr\u00f5es distintivos de uma salamandra. Elaborado em madeira de alta qualidade, este \u00edman n\u00e3o \u00e9 apenas um acess\u00f3rio pr\u00e1tico para o frigor\u00edfico, mas tamb\u00e9m confere um toque art\u00edstico e divertido a qualquer ambiente. A fus\u00e3o da artesania tradicional e um design contempor\u00e2neo torna este \u00edman num souvenir excecional, ideal para quem procura uma recorda\u00e7\u00e3o \u00fanica das suas visitas a terras espanholas.<\/p>\n<p>A salamandra \u00e9 um s\u00edmbolo dos ecossistemas espanh\u00f3is, frequentemente associada \u00e0 cultura popular e \u00e0 mitologia relacionada com o fogo e a transforma\u00e7\u00e3o. Este \u00edman n\u00e3o s\u00f3 representa a biodiversidade da regi\u00e3o, como tamb\u00e9m reflete o esp\u00edrito vibrante e art\u00edstico do pa\u00eds, tornando-se uma excelente recorda\u00e7\u00e3o representativa. Na Ol\u00e9 Mosaic, especializamo-nos na distribui\u00e7\u00e3o grossista de souvenirs de qualidade, e este \u00edman de salamandra \u00e9 uma pe\u00e7a que, sem d\u00favida, atrair\u00e1 a aten\u00e7\u00e3o de turistas e colecionadores. Como grossistas de \u00edmanes, garantimos autenticidade e atratividade em cada produto para as lojas de presentes tur\u00edsticos que desejam oferecer artigos \u00fanicos e relevantes.<\/p>\n","protected":false},"excerpt":{"rendered":"<p>\u00cdman de madeira com design de salamandra, um animal representativo da fauna espanhola. Este colorido \u00edman apresenta um mosaico vibrante em tons de laranja, vermelho, verde e amarelo, que imita os padr\u00f5es da salamandra. A pe\u00e7a, elaborada em madeira, confere um toque art\u00edstico e divertido a qualquer frigor\u00edfico, combinando a artesania tradicional com um design contempor\u00e2neo. Ideal para quem procura uma recorda\u00e7\u00e3o \u00fanica de Espanha.<\/p>\n","protected":false},"featured_media":9547,"template":"","meta":{"_acf_changed":false},"product_brand":[],"product_cat":[699],"product_tag":[516],"class_list":{"0":"post-36569","1":"product","2":"type-product","3":"status-publish","4":"has-post-thumbnail","6":"product_cat-imanes","7":"product_tag-animais","8":"pa_motivo-salamandras","10":"first","11":"instock","12":"shipping-taxable","13":"product-type-simple"},"acf":[],"_links":{"self":[{"href":"https:\/\/olemosaic.com\/pt-pt\/wp-json\/wp\/v2\/product\/36569","targetHints":{"allow":["GET"]}}],"collection":[{"href":"https:\/\/olemosaic.com\/pt-pt\/wp-json\/wp\/v2\/product"}],"about":[{"href":"https:\/\/olemosaic.com\/pt-pt\/wp-json\/wp\/v2\/types\/product"}],"wp:featuredmedia":[{"embeddable":true,"href":"https:\/\/olemosaic.com\/pt-pt\/wp-json\/wp\/v2\/media\/9547"}],"wp:attachment":[{"href":"https:\/\/olemosaic.com\/pt-pt\/wp-json\/wp\/v2\/media?parent=36569"}],"wp:term":[{"taxonomy":"product_brand","embeddable":true,"href":"https:\/\/olemosaic.com\/pt-pt\/wp-json\/wp\/v2\/product_brand?post=36569"},{"taxonomy":"product_cat","embeddable":true,"href":"https:\/\/olemosaic.com\/pt-pt\/wp-json\/wp\/v2\/product_cat?post=36569"},{"taxonomy":"product_tag","embeddable":true,"href":"https:\/\/olemosaic.com\/pt-pt\/wp-json\/wp\/v2\/product_tag?post=36569"}],"curies":[{"name":"wp","href":"https:\/\/api.w.org\/{rel}","templated":true}]}}