{"id":36563,"date":"2025-02-20T23:35:56","date_gmt":"2025-02-20T22:35:56","guid":{"rendered":"http:\/\/olemosaic.com\/producto\/iman-de-ceramica-sardina-verde\/"},"modified":"2025-07-25T18:38:59","modified_gmt":"2025-07-25T16:38:59","slug":"iman-de-ceramica-sardinha-verde","status":"publish","type":"product","link":"https:\/\/olemosaic.com\/pt-pt\/produto\/iman-de-ceramica-sardinha-verde\/","title":{"rendered":"\u00cdman de cer\u00e2mica. Sardinha. Verde."},"content":{"rendered":"<p>\u00cdman de cer\u00e2mica com forma de sardinha, decorado com padr\u00f5es intrincados em tons verdes e azuis. Esta atraente lembran\u00e7a capta a ess\u00eancia do folclore mar\u00edtimo de Portugal. Pintado \u00e0 m\u00e3o por talentosos artes\u00e3os locais, este \u00edman artesanal representa uma sardinha, um s\u00edmbolo ic\u00f3nico da gastronomia portuguesa e uma manifesta\u00e7\u00e3o da sua rica cultura piscat\u00f3ria. A cer\u00e2mica exibe detalhes art\u00edsticos com motivos complexos que evocam a beleza das ondas do oceano e a vegeta\u00e7\u00e3o costeira, tornando-o uma pe\u00e7a decorativa \u00fanica.<\/p>\n<p>A combina\u00e7\u00e3o de verdes vibrantes e azuis profundos n\u00e3o s\u00f3 real\u00e7a a eleg\u00e2ncia do design, como tamb\u00e9m evoca as \u00e1guas cristalinas das costas portuguesas, criando um v\u00ednculo emocional com as mem\u00f3rias de f\u00e9rias na praia. Este \u00edman n\u00e3o \u00e9 apenas um objeto funcional, mas uma recorda\u00e7\u00e3o elegante da cultura portuguesa, ideal para quem deseja levar um peda\u00e7o da rica heran\u00e7a do pa\u00eds.<\/p>\n<p>Na Ol\u00e9 Mosaic especializamo-nos na distribui\u00e7\u00e3o por grosso de recorda\u00e7\u00f5es de cer\u00e2mica de alta qualidade, e este \u00edman de sardinha \u00e9 uma excelente op\u00e7\u00e3o para lojas de presentes tur\u00edsticos que procuram produtos aut\u00eanticos e representativos. Perfeito como recorda\u00e7\u00e3o de Portugal, adiciona um toque colorido a qualquer superf\u00edcie magn\u00e9tica, ideal para turistas que procuram uma lembran\u00e7a aut\u00eantica e cheia de significado.<\/p>\n","protected":false},"excerpt":{"rendered":"<p>\u00cdman de cer\u00e2mica com forma de sardinha, decorado com desenhos intrincados em tons verdes e azuis. Esta atraente recorda\u00e7\u00e3o capta a ess\u00eancia do folclore mar\u00edtimo, ideal para evocar a costa e a gastronomia portuguesa. Pintado com estilo artesanal, apresenta detalhes art\u00edsticos que recordam a tradi\u00e7\u00e3o local, tornando-o uma pe\u00e7a decorativa singular. Perfeito para adicionar um toque de cor a qualquer superf\u00edcie met\u00e1lica.<\/p>\n","protected":false},"featured_media":8946,"template":"","meta":{"_acf_changed":false},"product_brand":[],"product_cat":[699],"product_tag":[516,515],"class_list":{"0":"post-36563","1":"product","2":"type-product","3":"status-publish","4":"has-post-thumbnail","6":"product_cat-imanes","7":"product_tag-animais","8":"product_tag-ceramica","9":"pa_motivo-sardinhas","11":"first","12":"instock","13":"shipping-taxable","14":"product-type-simple"},"acf":[],"_links":{"self":[{"href":"https:\/\/olemosaic.com\/pt-pt\/wp-json\/wp\/v2\/product\/36563","targetHints":{"allow":["GET"]}}],"collection":[{"href":"https:\/\/olemosaic.com\/pt-pt\/wp-json\/wp\/v2\/product"}],"about":[{"href":"https:\/\/olemosaic.com\/pt-pt\/wp-json\/wp\/v2\/types\/product"}],"wp:featuredmedia":[{"embeddable":true,"href":"https:\/\/olemosaic.com\/pt-pt\/wp-json\/wp\/v2\/media\/8946"}],"wp:attachment":[{"href":"https:\/\/olemosaic.com\/pt-pt\/wp-json\/wp\/v2\/media?parent=36563"}],"wp:term":[{"taxonomy":"product_brand","embeddable":true,"href":"https:\/\/olemosaic.com\/pt-pt\/wp-json\/wp\/v2\/product_brand?post=36563"},{"taxonomy":"product_cat","embeddable":true,"href":"https:\/\/olemosaic.com\/pt-pt\/wp-json\/wp\/v2\/product_cat?post=36563"},{"taxonomy":"product_tag","embeddable":true,"href":"https:\/\/olemosaic.com\/pt-pt\/wp-json\/wp\/v2\/product_tag?post=36563"}],"curies":[{"name":"wp","href":"https:\/\/api.w.org\/{rel}","templated":true}]}}