{"id":36561,"date":"2025-02-20T23:35:56","date_gmt":"2025-02-20T22:35:56","guid":{"rendered":"http:\/\/olemosaic.com\/producto\/iman-de-ceramica-salamandra-y-flores-mallorca-blanco-2\/"},"modified":"2025-07-25T19:55:50","modified_gmt":"2025-07-25T17:55:50","slug":"iman-de-ceramica-salamandra-e-flores-maiorca-branco-2","status":"publish","type":"product","link":"https:\/\/olemosaic.com\/pt-pt\/produto\/iman-de-ceramica-salamandra-e-flores-maiorca-branco-2\/","title":{"rendered":"\u00cdman de cer\u00e2mica. Salamandra e flores. Ilha. Maiorca. Branco."},"content":{"rendered":"<p>\u00cdman de cer\u00e2mica com forma de colher decorado com uma vibrante salamandra e flores coloridas, que capta a ess\u00eancia de Maiorca. Este atraente \u00edman, fabricado em cer\u00e2mica branca, destaca-se n\u00e3o s\u00f3 pelas suas cores vivas, mas tamb\u00e9m pelo seu design inspirado nos tradicionais mosaicos de Maiorca, que refletem a rica heran\u00e7a cultural da ilha. A salamandra, s\u00edmbolo de boa sorte e resist\u00eancia, \u00e9 desenhada com uma paleta de cores brilhantes que varia entre azuis, vermelhos e verdes, criando um efeito visual cativante. As flores que acompanham a salamandra enriquecem ainda mais a composi\u00e7\u00e3o, evocando as paisagens floridas que adornam a ilha durante a primavera.<\/p>\n<p>Na parte superior do \u00edman encontra-se a inscri\u00e7\u00e3o &#8220;Mallorca&#8221;, que acrescenta um toque personalizado e o torna uma recorda\u00e7\u00e3o ideal para quem deseja levar um pedacinho da magia da ilha. Perfeito para adornar qualquer superf\u00edcie met\u00e1lica, esta lembran\u00e7a \u00e9 uma forma encantadora de recordar a beleza e a cultura de Maiorca. Na Ol\u00e9 Mosaic, como grossista de recorda\u00e7\u00f5es, oferecemos produtos aut\u00eanticos que celebram a tradi\u00e7\u00e3o est\u00e9tica e cultural da regi\u00e3o, tornando este \u00edman uma op\u00e7\u00e3o excecional para lojas de presentes tur\u00edsticos que procuram artigos de qualidade e com significado.<\/p>\n","protected":false},"excerpt":{"rendered":"<p>\u00cdman de cer\u00e2mica com forma de colher, decorado com uma colorida salamandra e flores, que representa a ess\u00eancia de Maiorca. Fabricado em cer\u00e2mica branca, este \u00edman destaca-se pelas suas cores vibrantes e pelo seu design inspirado nos mosaicos t\u00edpicos da regi\u00e3o. A inscri\u00e7\u00e3o \u00abMallorca\u00bb na parte superior acrescenta um toque personalizado. Ideal para adornar o frigor\u00edfico, esta lembran\u00e7a \u00e9 uma forma encantadora de recordar a beleza da ilha.<\/p>\n","protected":false},"featured_media":8054,"template":"","meta":{"_acf_changed":false},"product_brand":[],"product_cat":[699],"product_tag":[516,515],"class_list":{"0":"post-36561","1":"product","2":"type-product","3":"status-publish","4":"has-post-thumbnail","6":"product_cat-imanes","7":"product_tag-animais","8":"product_tag-ceramica","9":"pa_ciudad-mallorca","10":"pa_motivo-salamandras","11":"pa_pais-espana","13":"first","14":"instock","15":"shipping-taxable","16":"product-type-simple"},"acf":[],"_links":{"self":[{"href":"https:\/\/olemosaic.com\/pt-pt\/wp-json\/wp\/v2\/product\/36561","targetHints":{"allow":["GET"]}}],"collection":[{"href":"https:\/\/olemosaic.com\/pt-pt\/wp-json\/wp\/v2\/product"}],"about":[{"href":"https:\/\/olemosaic.com\/pt-pt\/wp-json\/wp\/v2\/types\/product"}],"wp:featuredmedia":[{"embeddable":true,"href":"https:\/\/olemosaic.com\/pt-pt\/wp-json\/wp\/v2\/media\/8054"}],"wp:attachment":[{"href":"https:\/\/olemosaic.com\/pt-pt\/wp-json\/wp\/v2\/media?parent=36561"}],"wp:term":[{"taxonomy":"product_brand","embeddable":true,"href":"https:\/\/olemosaic.com\/pt-pt\/wp-json\/wp\/v2\/product_brand?post=36561"},{"taxonomy":"product_cat","embeddable":true,"href":"https:\/\/olemosaic.com\/pt-pt\/wp-json\/wp\/v2\/product_cat?post=36561"},{"taxonomy":"product_tag","embeddable":true,"href":"https:\/\/olemosaic.com\/pt-pt\/wp-json\/wp\/v2\/product_tag?post=36561"}],"curies":[{"name":"wp","href":"https:\/\/api.w.org\/{rel}","templated":true}]}}