{"id":36560,"date":"2025-02-20T23:35:56","date_gmt":"2025-02-20T22:35:56","guid":{"rendered":"http:\/\/olemosaic.com\/producto\/iman-de-ceramica-salamandra-y-flores-barcelona-blanco-5\/"},"modified":"2025-07-25T19:09:50","modified_gmt":"2025-07-25T17:09:50","slug":"iman-de-ceramica-salamandra-e-flores-barcelona-branco-5","status":"publish","type":"product","link":"https:\/\/olemosaic.com\/pt-pt\/produto\/iman-de-ceramica-salamandra-e-flores-barcelona-branco-5\/","title":{"rendered":"\u00cdman de cer\u00e2mica. Salamandra e flores. Barcelona. Branco."},"content":{"rendered":"<p>\u00cdman de cer\u00e2mica decorativa com salamandra e flores de Barcelona. Este encantador \u00edman \u00e9 uma representa\u00e7\u00e3o vibrante da arte e da cultura catal\u00e3, ideal para quem deseja levar um peda\u00e7o de Barcelona para casa. Sobre uma base branca que real\u00e7a as cores, o \u00edman apresenta uma salamandra em tons azuis e vermelhos, que simboliza a criatividade e o esp\u00edrito art\u00edstico presentes na obra do famoso arquiteto Antoni Gaud\u00ed. \u00c0 sua volta, desdobram-se flores em amarelos, vermelhos e verdes chamativos, evocando a riqueza da flora mediterr\u00e2nica e a vivacidade dos mosaicos que adornam a cidade.<\/p>\n<p>Cada detalhe deste \u00edman \u00e9 pintado \u00e0 m\u00e3o, o que garante a sua singularidade e autenticidade como recorda\u00e7\u00e3o de Barcelona. Este objeto n\u00e3o \u00e9 apenas visualmente atraente, mas \u00e9 tamb\u00e9m uma homenagem \u00e0 emblem\u00e1tica e colorida cultura espanhola. Perfeito para turistas e visitantes que procuram lembran\u00e7as aut\u00eanticas, este \u00edman encapsula a ess\u00eancia de uma das cidades mais din\u00e2micas e art\u00edsticas da Europa. Na Ol\u00e9 Mosaic, comprometemo-nos a oferecer produtos de qualidade por grosso, o que torna este \u00edman um excelente artigo para lojas de recorda\u00e7\u00f5es tur\u00edsticas que valorizem a originalidade e o valor cultural nos seus produtos. \u00c9 uma op\u00e7\u00e3o excecional para quem procura recorda\u00e7\u00f5es que representem a beleza e a arte de Barcelona.<\/p>\n","protected":false},"excerpt":{"rendered":"<p>\u00cdman decorativo de cer\u00e2mica com uma salamandra vibrante e flores, inspirado na arte e na cultura de Barcelona. Este \u00edman, sobre uma base branca, mostra um design colorido com motivos florais em tons amarelos, vermelhos e verdes, juntamente com a salamandra em azul e vermelho. Com detalhes pintados \u00e0 m\u00e3o, \u00e9 um tributo art\u00edstico \u00e0 emblem\u00e1tica cidade catal\u00e3 e uma recorda\u00e7\u00e3o perfeita para levar um peda\u00e7o de Barcelona para o seu lar.<\/p>\n","protected":false},"featured_media":8091,"template":"","meta":{"_acf_changed":false},"product_brand":[],"product_cat":[699],"product_tag":[516,515],"class_list":{"0":"post-36560","1":"product","2":"type-product","3":"status-publish","4":"has-post-thumbnail","6":"product_cat-imanes","7":"product_tag-animais","8":"product_tag-ceramica","9":"pa_ciudad-barcelona","10":"pa_motivo-salamandras","11":"pa_pais-espana","13":"first","14":"instock","15":"shipping-taxable","16":"product-type-simple"},"acf":[],"_links":{"self":[{"href":"https:\/\/olemosaic.com\/pt-pt\/wp-json\/wp\/v2\/product\/36560","targetHints":{"allow":["GET"]}}],"collection":[{"href":"https:\/\/olemosaic.com\/pt-pt\/wp-json\/wp\/v2\/product"}],"about":[{"href":"https:\/\/olemosaic.com\/pt-pt\/wp-json\/wp\/v2\/types\/product"}],"wp:featuredmedia":[{"embeddable":true,"href":"https:\/\/olemosaic.com\/pt-pt\/wp-json\/wp\/v2\/media\/8091"}],"wp:attachment":[{"href":"https:\/\/olemosaic.com\/pt-pt\/wp-json\/wp\/v2\/media?parent=36560"}],"wp:term":[{"taxonomy":"product_brand","embeddable":true,"href":"https:\/\/olemosaic.com\/pt-pt\/wp-json\/wp\/v2\/product_brand?post=36560"},{"taxonomy":"product_cat","embeddable":true,"href":"https:\/\/olemosaic.com\/pt-pt\/wp-json\/wp\/v2\/product_cat?post=36560"},{"taxonomy":"product_tag","embeddable":true,"href":"https:\/\/olemosaic.com\/pt-pt\/wp-json\/wp\/v2\/product_tag?post=36560"}],"curies":[{"name":"wp","href":"https:\/\/api.w.org\/{rel}","templated":true}]}}