{"id":36527,"date":"2025-02-20T22:35:54","date_gmt":"2025-02-20T22:35:54","guid":{"rendered":"http:\/\/olemosaic.com\/producto\/iman-de-ceramica-toros-sevilla-blanco\/"},"modified":"2025-07-25T19:52:55","modified_gmt":"2025-07-25T17:52:55","slug":"iman-de-ceramica-touros-sevilha-branco","status":"publish","type":"product","link":"https:\/\/olemosaic.com\/pt-pt\/produto\/iman-de-ceramica-touros-sevilha-branco\/","title":{"rendered":"\u00cdman de cer\u00e2mica. Touros. Sevilha. Branco."},"content":{"rendered":"<p>\u00cdman de cer\u00e2mica com um vibrante design de um touro, s\u00edmbolo da cultura sevilhana. Este \u00edman, fabricado em cer\u00e2mica de alta qualidade, apresenta uma explos\u00e3o de cores brilhantes e formas geom\u00e9tricas que captam a ess\u00eancia do folclore andaluz, enchendo de vida qualquer espa\u00e7o. O touro, um \u00edcone da tradi\u00e7\u00e3o taurom\u00e1quica espanhola, \u00e9 representado com um estilo contempor\u00e2neo que mistura tonalidades vivas de azul, vermelho e verde, rodeado de motivos florais e um radiante sol na parte superior. Na parte superior do \u00edman, o nome &#8220;Sevilla&#8221; est\u00e1 impresso com um toque moderno, destacando o seu v\u00ednculo com a emblem\u00e1tica cidade. Este \u00edman, al\u00e9m de funcional, \u00e9 uma pe\u00e7a decorativa que evoca a rica hist\u00f3ria e cultura da regi\u00e3o. Perfeito para turistas que desejem levar um peda\u00e7o de Sevilha para casa, esta aut\u00eantica recorda\u00e7\u00e3o \u00e9 uma excelente op\u00e7\u00e3o para dar a conhecer a vitalidade da cultura andaluza. Na Ol\u00e9 Mosaic, somos distribuidores de recorda\u00e7\u00f5es por grosso, oferecendo produtos que real\u00e7am a riqueza cultural de Espanha. Aproveite este \u00edman de cer\u00e2mica para a sua loja e ofere\u00e7a aos seus clientes uma recorda\u00e7\u00e3o aut\u00eantica de Sevilha!<\/p>\n","protected":false},"excerpt":{"rendered":"<p>\u00cdman de cer\u00e2mica com um vibrante design de um touro, que simboliza a cultura de Sevilha. Este \u00edman apresenta cores brilhantes e formas geom\u00e9tricas que captam a ess\u00eancia do folclore andaluz. Decorado com motivos florais e um sol radiante na parte superior, o artigo inclui o nome &#8220;Sevilla&#8221; impresso num estilo moderno. \u00c9 uma pe\u00e7a ideal para recordar esta emblem\u00e1tica cidade e a sua rica tradi\u00e7\u00e3o taurom\u00e1quica.<\/p>\n","protected":false},"featured_media":8641,"template":"","meta":{"_acf_changed":false},"product_brand":[],"product_cat":[699],"product_tag":[516,515],"class_list":{"0":"post-36527","1":"product","2":"type-product","3":"status-publish","4":"has-post-thumbnail","6":"product_cat-imanes","7":"product_tag-animais","8":"product_tag-ceramica","9":"pa_ciudad-sevilla","10":"pa_motivo-touros","11":"pa_pais-espana","13":"first","14":"instock","15":"shipping-taxable","16":"product-type-simple"},"acf":[],"_links":{"self":[{"href":"https:\/\/olemosaic.com\/pt-pt\/wp-json\/wp\/v2\/product\/36527","targetHints":{"allow":["GET"]}}],"collection":[{"href":"https:\/\/olemosaic.com\/pt-pt\/wp-json\/wp\/v2\/product"}],"about":[{"href":"https:\/\/olemosaic.com\/pt-pt\/wp-json\/wp\/v2\/types\/product"}],"wp:featuredmedia":[{"embeddable":true,"href":"https:\/\/olemosaic.com\/pt-pt\/wp-json\/wp\/v2\/media\/8641"}],"wp:attachment":[{"href":"https:\/\/olemosaic.com\/pt-pt\/wp-json\/wp\/v2\/media?parent=36527"}],"wp:term":[{"taxonomy":"product_brand","embeddable":true,"href":"https:\/\/olemosaic.com\/pt-pt\/wp-json\/wp\/v2\/product_brand?post=36527"},{"taxonomy":"product_cat","embeddable":true,"href":"https:\/\/olemosaic.com\/pt-pt\/wp-json\/wp\/v2\/product_cat?post=36527"},{"taxonomy":"product_tag","embeddable":true,"href":"https:\/\/olemosaic.com\/pt-pt\/wp-json\/wp\/v2\/product_tag?post=36527"}],"curies":[{"name":"wp","href":"https:\/\/api.w.org\/{rel}","templated":true}]}}